{"id":611,"date":"2023-03-30T15:30:46","date_gmt":"2023-03-30T21:30:46","guid":{"rendered":"http:\/\/lenceria69.com\/hn\/?post_type=product&#038;p=611"},"modified":"2025-11-11T12:53:01","modified_gmt":"2025-11-11T18:53:01","slug":"cringzmegastretch","status":"publish","type":"product","link":"https:\/\/lenceria69.com\/hn\/producto\/cringzmegastretch\/","title":{"rendered":"Fantasy C-Ring Mega Stretch &#8211; Anillo de Silicona para Pene"},"content":{"rendered":"<p>Prolongue su eyaculaci\u00f3n con estos anillos mega stretch\u00ae.<br \/>\nTu actuaci\u00f3n durar\u00e1 m\u00e1s, tu barra de amor se mantendr\u00e1 m\u00e1s dura y tu cl\u00edmax ser\u00e1 m\u00e1s fuerte.<\/p>\n","protected":false},"excerpt":{"rendered":"<p><strong>-Pack de 2 Anillos para Pene-<\/strong><\/p>\n","protected":false},"featured_media":10000090,"comment_status":"open","ping_status":"closed","template":"","meta":{"_kad_post_transparent":"default","_kad_post_title":"","_kad_post_layout":"default","_kad_post_sidebar_id":"","_kad_post_content_style":"default","_kad_post_vertical_padding":"default","_kad_post_feature":"","_kad_post_feature_position":"","_kad_post_header":false,"_kad_post_footer":false,"_kad_post_classname":"","_joinchat":[]},"product_brand":[],"product_cat":[30,24],"product_tag":[],"class_list":{"0":"post-611","1":"product","2":"type-product","3":"status-publish","4":"has-post-thumbnail","6":"product_cat-juguetes_para_ellos","7":"product_cat-juguetes-sexuales","9":"first","10":"outofstock","11":"shipping-taxable","12":"product-type-variable","13":"entry","14":"content-bg","15":"loop-entry"},"_links":{"self":[{"href":"https:\/\/lenceria69.com\/hn\/wp-json\/wp\/v2\/product\/611","targetHints":{"allow":["GET"]}}],"collection":[{"href":"https:\/\/lenceria69.com\/hn\/wp-json\/wp\/v2\/product"}],"about":[{"href":"https:\/\/lenceria69.com\/hn\/wp-json\/wp\/v2\/types\/product"}],"replies":[{"embeddable":true,"href":"https:\/\/lenceria69.com\/hn\/wp-json\/wp\/v2\/comments?post=611"}],"version-history":[{"count":1,"href":"https:\/\/lenceria69.com\/hn\/wp-json\/wp\/v2\/product\/611\/revisions"}],"predecessor-version":[{"id":6072,"href":"https:\/\/lenceria69.com\/hn\/wp-json\/wp\/v2\/product\/611\/revisions\/6072"}],"wp:featuredmedia":[{"embeddable":true,"href":"https:\/\/lenceria69.com\/hn\/wp-json\/"}],"wp:attachment":[{"href":"https:\/\/lenceria69.com\/hn\/wp-json\/wp\/v2\/media?parent=611"}],"wp:term":[{"taxonomy":"product_brand","embeddable":true,"href":"https:\/\/lenceria69.com\/hn\/wp-json\/wp\/v2\/product_brand?post=611"},{"taxonomy":"product_cat","embeddable":true,"href":"https:\/\/lenceria69.com\/hn\/wp-json\/wp\/v2\/product_cat?post=611"},{"taxonomy":"product_tag","embeddable":true,"href":"https:\/\/lenceria69.com\/hn\/wp-json\/wp\/v2\/product_tag?post=611"}],"curies":[{"name":"wp","href":"https:\/\/api.w.org\/{rel}","templated":true}]}}