{"id":609,"date":"2024-12-02T12:00:05","date_gmt":"2024-12-02T18:00:05","guid":{"rendered":"http:\/\/lenceria69.com\/hn\/?post_type=product&#038;p=609"},"modified":"2026-03-07T18:01:05","modified_gmt":"2026-03-08T00:01:05","slug":"pd4111-21","status":"publish","type":"product","link":"https:\/\/lenceria69.com\/hn\/producto\/pd4111-21\/","title":{"rendered":"Funda Hueca P\/Pene: Fantasy ExtensionPerfect2&#8243;"},"content":{"rendered":"<p>Convierte tu pene en una m\u00e1quina de placer instant\u00e1neo con las incre\u00edbles tensiones Fantasy X. Ahora puedes ser todo el hombre que puedes ser y satisfacer a tu pareja con este potenciador de la erecci\u00f3n f\u00e1cil de usar.<\/p>\n<p>Desarrollada como una alternativa segura, asequible y no quir\u00fargica a los costosos procedimientos m\u00e9dicos y p\u00edldoras, tu Fantasy X-tension te dar\u00e1 la ca\u00f1a de placer m\u00e1s grande, gruesa y satisfactoria que jam\u00e1s hayas imaginado. Perfecto para hombres con disfunci\u00f3n er\u00e9ctil y problemas de rendimiento medio, su nuevo potenciador brindar\u00e1 resultados que encantar\u00e1n a ambos socios.<\/p>\n<p>\u00bfLos 2 perfectos? La extensi\u00f3n es una extensi\u00f3n personalizable que se puede recortar f\u00e1cilmente en la base para un ajuste perfecto. Es s\u00faper el\u00e1stico para adaptarse a la mayor\u00eda de los tama\u00f1os y lo suficientemente ce\u00f1ido como para ayudarlo a durar m\u00e1s tiempo.<\/p>\n<p>Tu pareja disfrutar\u00e1 de una penetraci\u00f3n m\u00e1s profunda con el 2pulg extensi\u00f3n en la punta, mientras que la ca\u00f1a ultra realista te hace un 33% m\u00e1s grueso en todo su contorno. El suave material Fanta Flesh se siente como una segunda piel, lo que le brinda la longitud, la circunferencia y la confianza que necesita para satisfacer a su amante.<\/p>\n<p>La limpieza es muy f\u00e1cil despu\u00e9s de la diversi\u00f3n con el limpiador de juguetes incluido y el agua tibia. Talla \u00fanica para la mayor\u00eda. Esto no es un cond\u00f3n. + 2pulg (51 mm) Extensi\u00f3n + Agrega 33% de circunferencia + Pulpa de Fanta ultra realista + Ribete para un ajuste perfecto + Sin ftalatos<\/p>\n<p>Dimensiones:<br \/>\n&#8211; Longitud: 8pulg (20,3 cm)<br \/>\n&#8211; Ancho: 1.75pulg (4,4 cm)<br \/>\n&#8211; Di\u00e1metro interior: 1pulg (2,5 cm)<\/p>\n","protected":false},"excerpt":{"rendered":"<p>Convierte tu pene en una m\u00e1quina de placer instant\u00e1neo con las incre\u00edbles tensiones Fantasy X. Ahora puedes ser todo el hombre que puedes ser y satisfacer a tu pareja con este potenciador de la erecci\u00f3n f\u00e1cil de usar. Desarrollada como una alternativa segura, asequible y no quir\u00fargica a los costosos procedimientos m\u00e9dicos y p\u00edldoras, tu&#8230;<\/p>\n","protected":false},"featured_media":10000088,"comment_status":"open","ping_status":"closed","template":"","meta":{"_kad_post_transparent":"default","_kad_post_title":"","_kad_post_layout":"default","_kad_post_sidebar_id":"","_kad_post_content_style":"default","_kad_post_vertical_padding":"default","_kad_post_feature":"","_kad_post_feature_position":"","_kad_post_header":false,"_kad_post_footer":false,"_kad_post_classname":"","_joinchat":[]},"product_brand":[],"product_cat":[30,24],"product_tag":[],"class_list":{"0":"post-609","1":"product","2":"type-product","3":"status-publish","4":"has-post-thumbnail","6":"product_cat-juguetes_para_ellos","7":"product_cat-juguetes-sexuales","9":"first","10":"outofstock","11":"shipping-taxable","12":"product-type-variable","13":"has-default-attributes","14":"entry","15":"content-bg","16":"loop-entry"},"_links":{"self":[{"href":"https:\/\/lenceria69.com\/hn\/wp-json\/wp\/v2\/product\/609","targetHints":{"allow":["GET"]}}],"collection":[{"href":"https:\/\/lenceria69.com\/hn\/wp-json\/wp\/v2\/product"}],"about":[{"href":"https:\/\/lenceria69.com\/hn\/wp-json\/wp\/v2\/types\/product"}],"replies":[{"embeddable":true,"href":"https:\/\/lenceria69.com\/hn\/wp-json\/wp\/v2\/comments?post=609"}],"version-history":[{"count":4,"href":"https:\/\/lenceria69.com\/hn\/wp-json\/wp\/v2\/product\/609\/revisions"}],"predecessor-version":[{"id":12286,"href":"https:\/\/lenceria69.com\/hn\/wp-json\/wp\/v2\/product\/609\/revisions\/12286"}],"wp:featuredmedia":[{"embeddable":true,"href":"https:\/\/lenceria69.com\/hn\/wp-json\/"}],"wp:attachment":[{"href":"https:\/\/lenceria69.com\/hn\/wp-json\/wp\/v2\/media?parent=609"}],"wp:term":[{"taxonomy":"product_brand","embeddable":true,"href":"https:\/\/lenceria69.com\/hn\/wp-json\/wp\/v2\/product_brand?post=609"},{"taxonomy":"product_cat","embeddable":true,"href":"https:\/\/lenceria69.com\/hn\/wp-json\/wp\/v2\/product_cat?post=609"},{"taxonomy":"product_tag","embeddable":true,"href":"https:\/\/lenceria69.com\/hn\/wp-json\/wp\/v2\/product_tag?post=609"}],"curies":[{"name":"wp","href":"https:\/\/api.w.org\/{rel}","templated":true}]}}