{"id":604,"date":"2025-05-08T17:17:38","date_gmt":"2025-05-08T23:17:38","guid":{"rendered":"http:\/\/lenceria69.com\/hn\/?post_type=product&#038;p=604"},"modified":"2025-10-15T13:51:05","modified_gmt":"2025-10-15T19:51:05","slug":"bl30610","status":"publish","type":"product","link":"https:\/\/lenceria69.com\/hn\/producto\/bl30610\/","title":{"rendered":"Anillo con Vibrador para Pene: Arouser Vibrating C-Ring"},"content":{"rendered":"<p>\u00a1Amplifica tu placer y extiende tu tiempo de juego! Los anillos en C vibrantes Play With Me se pueden usar alrededor de la base del eje o debajo de las bolas y son suaves y el\u00e1sticos para adaptarse c\u00f3modamente a todos. Las protuberancias suaves a lo largo de la bala vibradora estimulan el cl\u00edtoris durante el uso. Coloque la bala vibradora entre usted y su pareja durante el juego en pareja o directamente en cualquier punto de placer de su propio cuerpo durante el juego en solitario y use la vibraci\u00f3n para una estimulaci\u00f3n adicional: 1 configuraci\u00f3n de vibraci\u00f3n cuidadosamente ajustada y optimizada para el placer. Requiere 2 pilas LR41 &#8211; 4 juegos incluidos.<\/p>\n<p>Caracter\u00edsticas:<br \/>\n&#8211; Duradero, se estira para adaptarse a todos los tama\u00f1os de pene<br \/>\n&#8211; vibraciones cuidadosamente ajustadas<br \/>\n&#8211; Fuente de Energia: (2) Baterias LR41<\/p>\n<p>Dimensiones:<br \/>\n&#8211; Longitud: 1,75&#8243; (4,44 cm)<br \/>\n&#8211; Ancho: 1,5&#8243; (3,81 cm) de di\u00e1metro exterior<\/p>\n","protected":false},"excerpt":{"rendered":"<p>BL30610<\/p>\n","protected":false},"featured_media":10000073,"comment_status":"open","ping_status":"closed","template":"","meta":{"_kad_post_transparent":"default","_kad_post_title":"","_kad_post_layout":"default","_kad_post_sidebar_id":"","_kad_post_content_style":"default","_kad_post_vertical_padding":"default","_kad_post_feature":"","_kad_post_feature_position":"","_kad_post_header":false,"_kad_post_footer":false,"_joinchat":[]},"product_brand":[],"product_cat":[30,24],"product_tag":[],"class_list":{"0":"post-604","1":"product","2":"type-product","3":"status-publish","4":"has-post-thumbnail","6":"product_cat-juguetes_para_ellos","7":"product_cat-juguetes-sexuales","9":"first","10":"outofstock","11":"shipping-taxable","12":"product-type-variable","13":"has-default-attributes","14":"entry","15":"content-bg","16":"loop-entry"},"_links":{"self":[{"href":"https:\/\/lenceria69.com\/hn\/wp-json\/wp\/v2\/product\/604","targetHints":{"allow":["GET"]}}],"collection":[{"href":"https:\/\/lenceria69.com\/hn\/wp-json\/wp\/v2\/product"}],"about":[{"href":"https:\/\/lenceria69.com\/hn\/wp-json\/wp\/v2\/types\/product"}],"replies":[{"embeddable":true,"href":"https:\/\/lenceria69.com\/hn\/wp-json\/wp\/v2\/comments?post=604"}],"version-history":[{"count":6,"href":"https:\/\/lenceria69.com\/hn\/wp-json\/wp\/v2\/product\/604\/revisions"}],"predecessor-version":[{"id":10599,"href":"https:\/\/lenceria69.com\/hn\/wp-json\/wp\/v2\/product\/604\/revisions\/10599"}],"wp:featuredmedia":[{"embeddable":true,"href":"https:\/\/lenceria69.com\/hn\/wp-json\/"}],"wp:attachment":[{"href":"https:\/\/lenceria69.com\/hn\/wp-json\/wp\/v2\/media?parent=604"}],"wp:term":[{"taxonomy":"product_brand","embeddable":true,"href":"https:\/\/lenceria69.com\/hn\/wp-json\/wp\/v2\/product_brand?post=604"},{"taxonomy":"product_cat","embeddable":true,"href":"https:\/\/lenceria69.com\/hn\/wp-json\/wp\/v2\/product_cat?post=604"},{"taxonomy":"product_tag","embeddable":true,"href":"https:\/\/lenceria69.com\/hn\/wp-json\/wp\/v2\/product_tag?post=604"}],"curies":[{"name":"wp","href":"https:\/\/api.w.org\/{rel}","templated":true}]}}