{"id":578,"date":"2023-03-30T09:32:35","date_gmt":"2023-03-30T15:32:35","guid":{"rendered":"http:\/\/lenceria69.com\/hn\/?post_type=product&#038;p=578"},"modified":"2024-11-01T02:18:25","modified_gmt":"2024-11-01T08:18:25","slug":"top-velvet-color-rosa","status":"publish","type":"product","link":"https:\/\/lenceria69.com\/hn\/producto\/top-velvet-color-rosa\/","title":{"rendered":"Top velvet color rosa"},"content":{"rendered":"<p>Te invitamos a adquirir nuestros conjuntos de la l\u00ednea premium de lencer\u00eda femenina, dise\u00f1adas y manufacturadas en Medell\u00edn, Colombia.<br \/>\nTodos los conjuntos de esta l\u00ednea est\u00e1n dise\u00f1ados con ajustables, y tela de la mas alta calidad, para que puedas utilizarlas tanto como para uso diario, como para una ocasi\u00f3n especial. Creados especialmente para que te sientas sensual y puedas usar una prenda que resalte la belleza de tu cuerpo.<\/p>\n","protected":false},"excerpt":{"rendered":"<p>Te invitamos a adquirir nuestros conjuntos de la l\u00ednea premium de lencer\u00eda femenina, dise\u00f1adas y manufacturadas en Medell\u00edn, Colombia. Todos los conjuntos de esta l\u00ednea est\u00e1n dise\u00f1ados con ajustables, y tela de la mas alta calidad, para que puedas utilizarlas tanto como para uso diario, como para una ocasi\u00f3n especial. Creados especialmente para que te&#8230;<\/p>\n","protected":false},"featured_media":10000056,"comment_status":"open","ping_status":"closed","template":"","meta":{"_kad_post_transparent":"default","_kad_post_title":"","_kad_post_layout":"default","_kad_post_sidebar_id":"","_kad_post_content_style":"default","_kad_post_vertical_padding":"default","_kad_post_feature":"","_kad_post_feature_position":"","_kad_post_header":false,"_kad_post_footer":false,"_joinchat":[]},"product_brand":[],"product_cat":[19,18,32,35],"product_tag":[],"class_list":{"0":"post-578","1":"product","2":"type-product","3":"status-publish","4":"has-post-thumbnail","6":"product_cat-bralettes","7":"product_cat-complementos","8":"product_cat-lenceria","9":"product_cat-lenceria-premium","11":"first","12":"instock","13":"sale","14":"shipping-taxable","15":"purchasable","16":"product-type-simple","17":"entry","18":"content-bg","19":"loop-entry"},"_links":{"self":[{"href":"https:\/\/lenceria69.com\/hn\/wp-json\/wp\/v2\/product\/578","targetHints":{"allow":["GET"]}}],"collection":[{"href":"https:\/\/lenceria69.com\/hn\/wp-json\/wp\/v2\/product"}],"about":[{"href":"https:\/\/lenceria69.com\/hn\/wp-json\/wp\/v2\/types\/product"}],"replies":[{"embeddable":true,"href":"https:\/\/lenceria69.com\/hn\/wp-json\/wp\/v2\/comments?post=578"}],"version-history":[{"count":1,"href":"https:\/\/lenceria69.com\/hn\/wp-json\/wp\/v2\/product\/578\/revisions"}],"predecessor-version":[{"id":5976,"href":"https:\/\/lenceria69.com\/hn\/wp-json\/wp\/v2\/product\/578\/revisions\/5976"}],"wp:featuredmedia":[{"embeddable":true,"href":"https:\/\/lenceria69.com\/hn\/wp-json\/"}],"wp:attachment":[{"href":"https:\/\/lenceria69.com\/hn\/wp-json\/wp\/v2\/media?parent=578"}],"wp:term":[{"taxonomy":"product_brand","embeddable":true,"href":"https:\/\/lenceria69.com\/hn\/wp-json\/wp\/v2\/product_brand?post=578"},{"taxonomy":"product_cat","embeddable":true,"href":"https:\/\/lenceria69.com\/hn\/wp-json\/wp\/v2\/product_cat?post=578"},{"taxonomy":"product_tag","embeddable":true,"href":"https:\/\/lenceria69.com\/hn\/wp-json\/wp\/v2\/product_tag?post=578"}],"curies":[{"name":"wp","href":"https:\/\/api.w.org\/{rel}","templated":true}]}}