{"id":5390,"date":"2025-08-24T14:00:05","date_gmt":"2025-08-24T20:00:05","guid":{"rendered":"https:\/\/lenceria69.com\/hn\/?post_type=product&#038;p=5390"},"modified":"2026-03-12T14:13:00","modified_gmt":"2026-03-12T20:13:00","slug":"pd4643-23","status":"publish","type":"product","link":"https:\/\/lenceria69.com\/hn\/producto\/pd4643-23\/","title":{"rendered":"Kit de Cuencas para Principiantes: AnalFantasy BeadKit"},"content":{"rendered":"<p>Elimina el tab\u00fa asociado al sexo anal y descubre un placer incre\u00edble con nuestra colecci\u00f3n Anal Fantasy\u00ae. Si nunca has probado el juego anal, este kit de cuentas para principiantes es justo lo que necesitas para explorar el incre\u00edble mundo de la estimulaci\u00f3n anal.<\/p>\n<p>Comience con el juego m\u00e1s peque\u00f1o de cuentas, que cuenta con una punta de solo .5 \u00abpara facilitar la inserci\u00f3n antes de expandirse gradualmente a .75\u00bb. Una vez que te acostumbres al tama\u00f1o, experimenta con las cuentas ensartadas antes de pasar al conjunto m\u00e1s grande. Los modelos n.\u00ba 1 y n.\u00ba 2 cuentan con un eje flexible que se dobla con los contornos del cuerpo para dar en el clavo, mientras que los robustos cordones de recuperaci\u00f3n de los n.\u00ba 1 y n.\u00ba 3 ofrecen un f\u00e1cil manejo. Aseg\u00farese de no insertar la \u00faltima cuenta del n\u00famero 2, ya que la necesitar\u00e1 para manipular el art\u00edculo.<\/p>\n<p>Disfruta de las emocionantes sensaciones de la presi\u00f3n anal y el placer introduciendo una gota a la vez, insertando tantas como te sientas c\u00f3modo antes de tirar suavemente de la base para liberar cada gota y obtener a\u00fan m\u00e1s estimulaci\u00f3n. \u00a1Intenta tirar de tus cuentas en medio del orgasmo para obtener el cl\u00edmax m\u00e1s explosivo que jam\u00e1s hayas imaginado!<\/p>\n<p>Dimensiones:<br \/>\nN\u00ba 1:<br \/>\nInsertable Longitud: 12,7 cm<br \/>\nDi\u00e1metro: 2 cm<\/p>\n<p>N\u00ba 2:<br \/>\nInsertable Longitud: 24,7 cm<br \/>\nDi\u00e1metro: 2,5 cm<\/p>\n<p>N\u00ba 3:<br \/>\nDi\u00e1metro: 2 cm<\/p>\n","protected":false},"excerpt":{"rendered":"<p>Elimina el tab\u00fa asociado al sexo anal y descubre un placer incre\u00edble con nuestra colecci\u00f3n Anal Fantasy\u00ae. Si nunca has probado el juego anal, este kit de cuentas para principiantes es justo lo que necesitas para explorar el incre\u00edble mundo de la estimulaci\u00f3n anal. Comience con el juego m\u00e1s peque\u00f1o de cuentas, que cuenta con&#8230;<\/p>\n","protected":false},"featured_media":5398,"comment_status":"open","ping_status":"closed","template":"","meta":{"_kad_post_transparent":"default","_kad_post_title":"","_kad_post_layout":"default","_kad_post_sidebar_id":"","_kad_post_content_style":"default","_kad_post_vertical_padding":"default","_kad_post_feature":"","_kad_post_feature_position":"","_kad_post_header":false,"_kad_post_footer":false,"_joinchat":[]},"product_brand":[],"product_cat":[26,24],"product_tag":[],"class_list":{"0":"post-5390","1":"product","2":"type-product","3":"status-publish","4":"has-post-thumbnail","6":"product_cat-jugueteanal","7":"product_cat-juguetes-sexuales","9":"first","10":"instock","11":"shipping-taxable","12":"purchasable","13":"product-type-variable","14":"has-default-attributes","15":"entry","16":"content-bg","17":"loop-entry"},"_links":{"self":[{"href":"https:\/\/lenceria69.com\/hn\/wp-json\/wp\/v2\/product\/5390","targetHints":{"allow":["GET"]}}],"collection":[{"href":"https:\/\/lenceria69.com\/hn\/wp-json\/wp\/v2\/product"}],"about":[{"href":"https:\/\/lenceria69.com\/hn\/wp-json\/wp\/v2\/types\/product"}],"replies":[{"embeddable":true,"href":"https:\/\/lenceria69.com\/hn\/wp-json\/wp\/v2\/comments?post=5390"}],"version-history":[{"count":5,"href":"https:\/\/lenceria69.com\/hn\/wp-json\/wp\/v2\/product\/5390\/revisions"}],"predecessor-version":[{"id":10143,"href":"https:\/\/lenceria69.com\/hn\/wp-json\/wp\/v2\/product\/5390\/revisions\/10143"}],"wp:featuredmedia":[{"embeddable":true,"href":"https:\/\/lenceria69.com\/hn\/wp-json\/wp\/v2\/media\/5398"}],"wp:attachment":[{"href":"https:\/\/lenceria69.com\/hn\/wp-json\/wp\/v2\/media?parent=5390"}],"wp:term":[{"taxonomy":"product_brand","embeddable":true,"href":"https:\/\/lenceria69.com\/hn\/wp-json\/wp\/v2\/product_brand?post=5390"},{"taxonomy":"product_cat","embeddable":true,"href":"https:\/\/lenceria69.com\/hn\/wp-json\/wp\/v2\/product_cat?post=5390"},{"taxonomy":"product_tag","embeddable":true,"href":"https:\/\/lenceria69.com\/hn\/wp-json\/wp\/v2\/product_tag?post=5390"}],"curies":[{"name":"wp","href":"https:\/\/api.w.org\/{rel}","templated":true}]}}