{"id":5344,"date":"2026-04-19T15:00:24","date_gmt":"2026-04-19T21:00:24","guid":{"rendered":"https:\/\/lenceria69.com\/hn\/?post_type=product&#038;p=5344"},"modified":"2026-04-20T11:49:51","modified_gmt":"2026-04-20T17:49:51","slug":"se1633153","status":"publish","type":"product","link":"https:\/\/lenceria69.com\/hn\/producto\/se1633153\/","title":{"rendered":"Funda hueca P\/Pene: Performance Maxx 8&#8243;"},"content":{"rendered":"<p>Ll\u00e9valo a nuevas longitudes con la extensi\u00f3n Performance Maxx Life-Like de 8 pulgadas. La funda realista con dise\u00f1o hueco agrega 2 pulgadas a su longitud para una experiencia de placer mejorada. La correa del escroto incorporada y la manga gruesa brindan un soporte adicional para la erecci\u00f3n y una mayor resistencia para prolongar e intensificar el placer para ambos miembros de la pareja. Aumente su placer y nunca se conforme con menos cuando se trata de tama\u00f1o, nuestro extensor s\u00faper el\u00e1stico con correa de escroto de apoyo har\u00e1 que usted y su amante anhelen m\u00e1s, m\u00e1s, m\u00e1s.<\/p>\n<p>Dimensiones:<br \/>\nHueco: 15,25 cm (6&#8243;)<br \/>\nV\u00e1stago: 3,75 cm (1,5&#8243;)<\/p>\n","protected":false},"excerpt":{"rendered":"<p>Ll\u00e9valo a nuevas longitudes con la extensi\u00f3n Performance Maxx Life-Like de 8 pulgadas. La funda realista con dise\u00f1o hueco agrega 2 pulgadas a su longitud para una experiencia de placer mejorada. La correa del escroto incorporada y la manga gruesa brindan un soporte adicional para la erecci\u00f3n y una mayor resistencia para prolongar e intensificar&#8230;<\/p>\n","protected":false},"featured_media":7239,"comment_status":"open","ping_status":"closed","template":"","meta":{"_kad_post_transparent":"default","_kad_post_title":"","_kad_post_layout":"default","_kad_post_sidebar_id":"","_kad_post_content_style":"default","_kad_post_vertical_padding":"default","_kad_post_feature":"","_kad_post_feature_position":"","_kad_post_header":false,"_kad_post_footer":false,"_joinchat":[]},"product_brand":[],"product_cat":[25,24],"product_tag":[],"class_list":{"0":"post-5344","1":"product","2":"type-product","3":"status-publish","4":"has-post-thumbnail","6":"product_cat-dildos","7":"product_cat-juguetes-sexuales","9":"first","10":"instock","11":"shipping-taxable","12":"purchasable","13":"product-type-simple","14":"entry","15":"content-bg","16":"loop-entry"},"_links":{"self":[{"href":"https:\/\/lenceria69.com\/hn\/wp-json\/wp\/v2\/product\/5344","targetHints":{"allow":["GET"]}}],"collection":[{"href":"https:\/\/lenceria69.com\/hn\/wp-json\/wp\/v2\/product"}],"about":[{"href":"https:\/\/lenceria69.com\/hn\/wp-json\/wp\/v2\/types\/product"}],"replies":[{"embeddable":true,"href":"https:\/\/lenceria69.com\/hn\/wp-json\/wp\/v2\/comments?post=5344"}],"version-history":[{"count":6,"href":"https:\/\/lenceria69.com\/hn\/wp-json\/wp\/v2\/product\/5344\/revisions"}],"predecessor-version":[{"id":14081,"href":"https:\/\/lenceria69.com\/hn\/wp-json\/wp\/v2\/product\/5344\/revisions\/14081"}],"wp:featuredmedia":[{"embeddable":true,"href":"https:\/\/lenceria69.com\/hn\/wp-json\/wp\/v2\/media\/7239"}],"wp:attachment":[{"href":"https:\/\/lenceria69.com\/hn\/wp-json\/wp\/v2\/media?parent=5344"}],"wp:term":[{"taxonomy":"product_brand","embeddable":true,"href":"https:\/\/lenceria69.com\/hn\/wp-json\/wp\/v2\/product_brand?post=5344"},{"taxonomy":"product_cat","embeddable":true,"href":"https:\/\/lenceria69.com\/hn\/wp-json\/wp\/v2\/product_cat?post=5344"},{"taxonomy":"product_tag","embeddable":true,"href":"https:\/\/lenceria69.com\/hn\/wp-json\/wp\/v2\/product_tag?post=5344"}],"curies":[{"name":"wp","href":"https:\/\/api.w.org\/{rel}","templated":true}]}}