{"id":5331,"date":"2024-07-08T11:57:01","date_gmt":"2024-07-08T17:57:01","guid":{"rendered":"https:\/\/lenceria69.com\/hn\/?post_type=product&#038;p=5331"},"modified":"2025-05-27T15:39:36","modified_gmt":"2025-05-27T21:39:36","slug":"pdxelitepowerpump","status":"publish","type":"product","link":"https:\/\/lenceria69.com\/hn\/producto\/pdxelitepowerpump\/","title":{"rendered":"PDX Elite PowerPump &#8211; Bomba Masturbadora para Pene"},"content":{"rendered":"<p>\u00a1Presentamos la revolucionaria tecnolog\u00eda IST! \u00a1La succi\u00f3n intermitente incre\u00edblemente realista proporciona una sensaci\u00f3n de \u00aborde\u00f1o\u00bb realista para la mejor mamada de tu vida! \u00a1Personaliza tu placer de la manera que quieras! Disfruta de una succi\u00f3n intermitente realista por s\u00ed sola, o empuja para disfrutar de la acci\u00f3n de las caricias de garganta profunda, \u00a1lo que te apetezca! <\/p>\n<p>\u00a1Hazte m\u00e1s grande y grueso que nunca! El tubo cristalino est\u00e1 dise\u00f1ado para un agarre firme y tiene una regla conveniente para medir su crecimiento expansivo y una secci\u00f3n de aumento para ver su grosor creciente. Los labios flexibles en la rosquilla de placer el\u00e1stica de TPR ayudan a crear un sello herm\u00e9tico y acarician firmemente su eje si elige usar su bomba el\u00e9ctrica de mamada PDX Elite como acariciador.<\/p>\n<p>Tecnolog\u00eda IST avanzada = Succi\u00f3n intermitente realista: disfrute del m\u00e1ximo placer con una succi\u00f3n intermitente realista que orde\u00f1a autom\u00e1ticamente su pene y se siente como una experiencia real de sexo oral. \u00a1Rodea tu pene con una succi\u00f3n de acci\u00f3n de vac\u00edo incre\u00edblemente estimulante que te lleva c\u00f3modamente al \u00e9xtasis!<\/p>\n<p>Los resultados son claros: el tubo de succi\u00f3n transparente y duradero cuenta con una regla conveniente y una lente de aumento adicional para ver c\u00f3mo se hace m\u00e1s grande y m\u00e1s grueso con cada tir\u00f3n de succi\u00f3n.<\/p>\n<p>Topper bucal suave extra\u00edble: el topper bucal el\u00e1stico presenta labios flexibles que forman un sello herm\u00e9tico que crea succi\u00f3n y resultados sorprendentes. El topper es extra\u00edble para facilitar la limpieza, y la bomba se puede utilizar con o sin \u00e9l.<br \/>\n\u00a13 anillos en C de dise\u00f1o de silicona GRATIS incluidos!<\/p>\n<p>Instrucciones de cuidado: El topper bucal es extra\u00edble para facilitar la limpieza. La limpieza es muy f\u00e1cil despu\u00e9s de la diversi\u00f3n con Refresh Toy Cleaner y agua tibia. No sumerja la bomba el\u00e9ctrica de mamada PDX Elite en agua. Si lo desea, use una loci\u00f3n a base de agua como Moist con este producto.<\/p>\n<p>Instrucciones de funcionamiento: Encendido: presione el bot\u00f3n superior para encender. Hay 2 modos de succi\u00f3n. IST comienza en el primer modo, succi\u00f3n continua. Presione el bot\u00f3n nuevamente para cambiar al segundo modo, succi\u00f3n intermitente. Al presionar el bot\u00f3n superior, se alternar\u00e1 entre succi\u00f3n continua y succi\u00f3n intermitente. Mantenga presionado el bot\u00f3n superior durante 3 segundos para apagarlo. Liberaci\u00f3n r\u00e1pida: mantenga presionado el bot\u00f3n \u00abR\u00bb inferior para liberar la succi\u00f3n, o presione el bot\u00f3n \u00abR\u00bb para una estimulaci\u00f3n adicional.<\/p>\n<p>M\u00e9todo de liberaci\u00f3n alternativo: Presione hacia abajo sobre la piel circundante para romper el sello de succi\u00f3n. Durante la succi\u00f3n intermitente, el bot\u00f3n \u00abR\u00bb parpadear\u00e1 y se apagar\u00e1 a medida que la succi\u00f3n se pulsa autom\u00e1ticamente.<\/p>\n","protected":false},"excerpt":{"rendered":"<p>\u00a1Presentamos la revolucionaria tecnolog\u00eda IST! \u00a1La succi\u00f3n intermitente incre\u00edblemente realista proporciona una sensaci\u00f3n de \u00aborde\u00f1o\u00bb realista para la mejor mamada de tu vida! \u00a1Personaliza tu placer de la manera que quieras! Disfruta de una succi\u00f3n intermitente realista por s\u00ed sola, o empuja para disfrutar de la acci\u00f3n de las caricias de garganta profunda, \u00a1lo que&#8230;<\/p>\n","protected":false},"featured_media":5332,"comment_status":"open","ping_status":"closed","template":"","meta":{"_kad_post_transparent":"default","_kad_post_title":"","_kad_post_layout":"default","_kad_post_sidebar_id":"","_kad_post_content_style":"default","_kad_post_vertical_padding":"default","_kad_post_feature":"","_kad_post_feature_position":"","_kad_post_header":false,"_kad_post_footer":false,"_joinchat":[]},"product_brand":[],"product_cat":[30,24],"product_tag":[169],"class_list":{"0":"post-5331","1":"product","2":"type-product","3":"status-publish","4":"has-post-thumbnail","6":"product_cat-juguetes_para_ellos","7":"product_cat-juguetes-sexuales","8":"product_tag-masturbador","10":"first","11":"outofstock","12":"shipping-taxable","13":"purchasable","14":"product-type-simple","15":"entry","16":"content-bg","17":"loop-entry"},"_links":{"self":[{"href":"https:\/\/lenceria69.com\/hn\/wp-json\/wp\/v2\/product\/5331","targetHints":{"allow":["GET"]}}],"collection":[{"href":"https:\/\/lenceria69.com\/hn\/wp-json\/wp\/v2\/product"}],"about":[{"href":"https:\/\/lenceria69.com\/hn\/wp-json\/wp\/v2\/types\/product"}],"replies":[{"embeddable":true,"href":"https:\/\/lenceria69.com\/hn\/wp-json\/wp\/v2\/comments?post=5331"}],"version-history":[{"count":2,"href":"https:\/\/lenceria69.com\/hn\/wp-json\/wp\/v2\/product\/5331\/revisions"}],"predecessor-version":[{"id":5338,"href":"https:\/\/lenceria69.com\/hn\/wp-json\/wp\/v2\/product\/5331\/revisions\/5338"}],"wp:featuredmedia":[{"embeddable":true,"href":"https:\/\/lenceria69.com\/hn\/wp-json\/wp\/v2\/media\/5332"}],"wp:attachment":[{"href":"https:\/\/lenceria69.com\/hn\/wp-json\/wp\/v2\/media?parent=5331"}],"wp:term":[{"taxonomy":"product_brand","embeddable":true,"href":"https:\/\/lenceria69.com\/hn\/wp-json\/wp\/v2\/product_brand?post=5331"},{"taxonomy":"product_cat","embeddable":true,"href":"https:\/\/lenceria69.com\/hn\/wp-json\/wp\/v2\/product_cat?post=5331"},{"taxonomy":"product_tag","embeddable":true,"href":"https:\/\/lenceria69.com\/hn\/wp-json\/wp\/v2\/product_tag?post=5331"}],"curies":[{"name":"wp","href":"https:\/\/api.w.org\/{rel}","templated":true}]}}