{"id":5170,"date":"2024-06-23T20:18:25","date_gmt":"2024-06-24T02:18:25","guid":{"rendered":"https:\/\/lenceria69.com\/hn\/?post_type=product&#038;p=5170"},"modified":"2025-03-28T13:35:27","modified_gmt":"2025-03-28T19:35:27","slug":"pd5607","status":"publish","type":"product","link":"https:\/\/lenceria69.com\/hn\/producto\/pd5607\/","title":{"rendered":"King Cock 7 &#8211; Dildo Eyaculador"},"content":{"rendered":"<p>\u00a1Este King Cock Squirting Cock es ultrarrealista y satisfar\u00e1 todos tus antojos de semen! Esculpidos a mano con una incre\u00edble atenci\u00f3n al detalle y con nuestra exclusiva bombilla exprimible Jizzle Juice, los King Cock Squirting Cocks son los consoladores eyaculadores m\u00e1s satisfactorios del mercado. <\/p>\n<p>Incluye:<br \/>\n\u2022 King Cock de 7&#8243;<br \/>\n\u2022 Bulbo de chorro<br \/>\n\u2022 2 onzas l\u00edquidas de jugo Jizzle <\/p>\n<p>Dimensiones:<br \/>\nLongitud insertable: 7&#8243; (17,8 cm)<br \/>\nAncho insertable: 2&#8243; (5 cm)<\/p>\n","protected":false},"excerpt":{"rendered":"<p>Juguete disponible en dos colores:<br \/>\nColor Bronceado<br \/>\nColor Claro.<\/p>\n","protected":false},"featured_media":5171,"comment_status":"open","ping_status":"closed","template":"","meta":{"_kad_post_transparent":"default","_kad_post_title":"","_kad_post_layout":"default","_kad_post_sidebar_id":"","_kad_post_content_style":"default","_kad_post_vertical_padding":"default","_kad_post_feature":"","_kad_post_feature_position":"","_kad_post_header":false,"_kad_post_footer":false,"_kad_post_classname":"","_joinchat":[]},"product_brand":[],"product_cat":[25,24],"product_tag":[],"class_list":{"0":"post-5170","1":"product","2":"type-product","3":"status-publish","4":"has-post-thumbnail","6":"product_cat-dildos","7":"product_cat-juguetes-sexuales","9":"first","10":"outofstock","11":"shipping-taxable","12":"product-type-variable","13":"entry","14":"content-bg","15":"loop-entry"},"_links":{"self":[{"href":"https:\/\/lenceria69.com\/hn\/wp-json\/wp\/v2\/product\/5170","targetHints":{"allow":["GET"]}}],"collection":[{"href":"https:\/\/lenceria69.com\/hn\/wp-json\/wp\/v2\/product"}],"about":[{"href":"https:\/\/lenceria69.com\/hn\/wp-json\/wp\/v2\/types\/product"}],"replies":[{"embeddable":true,"href":"https:\/\/lenceria69.com\/hn\/wp-json\/wp\/v2\/comments?post=5170"}],"version-history":[{"count":3,"href":"https:\/\/lenceria69.com\/hn\/wp-json\/wp\/v2\/product\/5170\/revisions"}],"predecessor-version":[{"id":6496,"href":"https:\/\/lenceria69.com\/hn\/wp-json\/wp\/v2\/product\/5170\/revisions\/6496"}],"wp:featuredmedia":[{"embeddable":true,"href":"https:\/\/lenceria69.com\/hn\/wp-json\/wp\/v2\/media\/5171"}],"wp:attachment":[{"href":"https:\/\/lenceria69.com\/hn\/wp-json\/wp\/v2\/media?parent=5170"}],"wp:term":[{"taxonomy":"product_brand","embeddable":true,"href":"https:\/\/lenceria69.com\/hn\/wp-json\/wp\/v2\/product_brand?post=5170"},{"taxonomy":"product_cat","embeddable":true,"href":"https:\/\/lenceria69.com\/hn\/wp-json\/wp\/v2\/product_cat?post=5170"},{"taxonomy":"product_tag","embeddable":true,"href":"https:\/\/lenceria69.com\/hn\/wp-json\/wp\/v2\/product_tag?post=5170"}],"curies":[{"name":"wp","href":"https:\/\/api.w.org\/{rel}","templated":true}]}}