{"id":5161,"date":"2026-02-26T00:15:53","date_gmt":"2026-02-26T06:15:53","guid":{"rendered":"https:\/\/lenceria69.com\/hn\/?post_type=product&#038;p=5161"},"modified":"2026-04-04T00:47:19","modified_gmt":"2026-04-04T06:47:19","slug":"pd5404-21","status":"publish","type":"product","link":"https:\/\/lenceria69.com\/hn\/producto\/pd5404-21\/","title":{"rendered":"King Cock 9 &#8211; Dildo con Vibrador y Ventosa"},"content":{"rendered":"<p>\u00bfQuieres que tu primer vibrador se vea y se sienta como el semental duro como una roca con el que siempre has fantaseado? \u00a1Deja de so\u00f1ar y baja con el Rey! Cada veta, cada eje y cada cabezal est\u00e1n hechos a mano con exquisitos detalles para brindarle la experiencia m\u00e1s realista jam\u00e1s imaginada. Con una columna vertebral articulada, simplemente dobla la polla a tu forma favorita para golpear el lugar correcto en todo momento. <\/p>\n<p>Aumenta el placer con un simple giro del dial de varias velocidades para obtener vibraciones ultrapotentes que te dejar\u00e1n boquiabierto. \u00a1Incluso puedes llevar este ambiente impermeable a la ducha, la ba\u00f1era de hidromasaje o el spa y convertir la hora del ba\u00f1o en tiempo de juego! La base de ventosa s\u00faper fuerte se adhiere a casi cualquier superficie lisa y plana y ofrece compatibilidad con arn\u00e9s para divertirse con el arn\u00e9s. P\u00e9guelo al piso, la pared, las baldosas o el poste de la cama y permanecer\u00e1 seguro en su lugar. <\/p>\n<p>Utilice siempre la leng\u00fceta de liberaci\u00f3n para retirar la ventosa despu\u00e9s de su uso. La ventosa se puede quitar del vibrador simplemente desenrosc\u00e1ndola de la base para facilitar el manejo durante el juego manual. Use abundante loci\u00f3n corporal h\u00fameda para una experiencia extra h\u00fameda y salvaje. La limpieza es muy f\u00e1cil despu\u00e9s de la diversi\u00f3n con el limpiador de juguetes Pipedream y el agua tibia. <\/p>\n<p>Dimensiones:<br \/>\nLongitud insertable: 8&#8243; (20,3 cm)<br \/>\nAncho insertable: 2,1&#8243; (5,3 cm)<\/p>\n","protected":false},"excerpt":{"rendered":"<p>PD5404-21<\/p>\n","protected":false},"featured_media":5162,"comment_status":"open","ping_status":"closed","template":"","meta":{"_kad_post_transparent":"default","_kad_post_title":"","_kad_post_layout":"default","_kad_post_sidebar_id":"","_kad_post_content_style":"default","_kad_post_vertical_padding":"default","_kad_post_feature":"","_kad_post_feature_position":"","_kad_post_header":false,"_kad_post_footer":false,"_joinchat":[]},"product_brand":[],"product_cat":[25,28,29,24],"product_tag":[],"class_list":{"0":"post-5161","1":"product","2":"type-product","3":"status-publish","4":"has-post-thumbnail","6":"product_cat-dildos","7":"product_cat-juguetebateria","8":"product_cat-juguetesventosa","9":"product_cat-juguetes-sexuales","11":"first","12":"instock","13":"shipping-taxable","14":"purchasable","15":"product-type-variable","16":"entry","17":"content-bg","18":"loop-entry"},"_links":{"self":[{"href":"https:\/\/lenceria69.com\/hn\/wp-json\/wp\/v2\/product\/5161","targetHints":{"allow":["GET"]}}],"collection":[{"href":"https:\/\/lenceria69.com\/hn\/wp-json\/wp\/v2\/product"}],"about":[{"href":"https:\/\/lenceria69.com\/hn\/wp-json\/wp\/v2\/types\/product"}],"replies":[{"embeddable":true,"href":"https:\/\/lenceria69.com\/hn\/wp-json\/wp\/v2\/comments?post=5161"}],"version-history":[{"count":3,"href":"https:\/\/lenceria69.com\/hn\/wp-json\/wp\/v2\/product\/5161\/revisions"}],"predecessor-version":[{"id":13678,"href":"https:\/\/lenceria69.com\/hn\/wp-json\/wp\/v2\/product\/5161\/revisions\/13678"}],"wp:featuredmedia":[{"embeddable":true,"href":"https:\/\/lenceria69.com\/hn\/wp-json\/wp\/v2\/media\/5162"}],"wp:attachment":[{"href":"https:\/\/lenceria69.com\/hn\/wp-json\/wp\/v2\/media?parent=5161"}],"wp:term":[{"taxonomy":"product_brand","embeddable":true,"href":"https:\/\/lenceria69.com\/hn\/wp-json\/wp\/v2\/product_brand?post=5161"},{"taxonomy":"product_cat","embeddable":true,"href":"https:\/\/lenceria69.com\/hn\/wp-json\/wp\/v2\/product_cat?post=5161"},{"taxonomy":"product_tag","embeddable":true,"href":"https:\/\/lenceria69.com\/hn\/wp-json\/wp\/v2\/product_tag?post=5161"}],"curies":[{"name":"wp","href":"https:\/\/api.w.org\/{rel}","templated":true}]}}