{"id":5157,"date":"2024-06-23T19:36:16","date_gmt":"2024-06-24T01:36:16","guid":{"rendered":"https:\/\/lenceria69.com\/hn\/?post_type=product&#038;p=5157"},"modified":"2026-03-21T08:53:25","modified_gmt":"2026-03-21T14:53:25","slug":"pd4222-21","status":"publish","type":"product","link":"https:\/\/lenceria69.com\/hn\/producto\/pd4222-21\/","title":{"rendered":"Dildo con Ventosa + Bolas: Basix Dong 10&#8243;"},"content":{"rendered":"<p>Ideales tanto para principiantes como para expertos, los consoladores Basix son suaves y c\u00f3modos con una flexibilidad que se adapta f\u00e1cilmente a cualquiera de tus posiciones favoritas. La potente ventosa se adhiere a la mayor\u00eda de las superficies duras para divertirse con las manos libres y funciona como una base resistente que es compatible con la mayor\u00eda de los arneses con correa. \u00a1Esperamos que disfrutes usando este producto tanto como a nosotros nos gusta hacerlo!<\/p>\n<p>Dimensiones:<br \/>\n&#8211; Dimensiones: Largo 10 pulgadas,<br \/>\n&#8211; Ancho 4 pulgadas,<br \/>\n&#8211; Alto 2 pulgadas,<br \/>\n&#8211; Circunferencia 6.5 pulgadas,<br \/>\n&#8211; Di\u00e1metro 2.07 pulgadas.<br \/>\n&#8211; Longitud de inserci\u00f3n: 8,75 pulgadas. <\/p>\n","protected":false},"excerpt":{"rendered":"<p>Ideales tanto para principiantes como para expertos, los consoladores Basix son suaves y c\u00f3modos con una flexibilidad que se adapta f\u00e1cilmente a cualquiera de tus posiciones favoritas. La potente ventosa se adhiere a la mayor\u00eda de las superficies duras para divertirse con las manos libres y funciona como una base resistente que es compatible con&#8230;<\/p>\n","protected":false},"featured_media":5158,"comment_status":"open","ping_status":"closed","template":"","meta":{"_kad_post_transparent":"default","_kad_post_title":"","_kad_post_layout":"default","_kad_post_sidebar_id":"","_kad_post_content_style":"default","_kad_post_vertical_padding":"default","_kad_post_feature":"","_kad_post_feature_position":"","_kad_post_header":false,"_kad_post_footer":false,"_joinchat":[]},"product_brand":[],"product_cat":[25,29,24],"product_tag":[],"class_list":{"0":"post-5157","1":"product","2":"type-product","3":"status-publish","4":"has-post-thumbnail","6":"product_cat-dildos","7":"product_cat-juguetesventosa","8":"product_cat-juguetes-sexuales","10":"first","11":"outofstock","12":"shipping-taxable","13":"product-type-variable","14":"entry","15":"content-bg","16":"loop-entry"},"_links":{"self":[{"href":"https:\/\/lenceria69.com\/hn\/wp-json\/wp\/v2\/product\/5157","targetHints":{"allow":["GET"]}}],"collection":[{"href":"https:\/\/lenceria69.com\/hn\/wp-json\/wp\/v2\/product"}],"about":[{"href":"https:\/\/lenceria69.com\/hn\/wp-json\/wp\/v2\/types\/product"}],"replies":[{"embeddable":true,"href":"https:\/\/lenceria69.com\/hn\/wp-json\/wp\/v2\/comments?post=5157"}],"version-history":[{"count":3,"href":"https:\/\/lenceria69.com\/hn\/wp-json\/wp\/v2\/product\/5157\/revisions"}],"predecessor-version":[{"id":13086,"href":"https:\/\/lenceria69.com\/hn\/wp-json\/wp\/v2\/product\/5157\/revisions\/13086"}],"wp:featuredmedia":[{"embeddable":true,"href":"https:\/\/lenceria69.com\/hn\/wp-json\/wp\/v2\/media\/5158"}],"wp:attachment":[{"href":"https:\/\/lenceria69.com\/hn\/wp-json\/wp\/v2\/media?parent=5157"}],"wp:term":[{"taxonomy":"product_brand","embeddable":true,"href":"https:\/\/lenceria69.com\/hn\/wp-json\/wp\/v2\/product_brand?post=5157"},{"taxonomy":"product_cat","embeddable":true,"href":"https:\/\/lenceria69.com\/hn\/wp-json\/wp\/v2\/product_cat?post=5157"},{"taxonomy":"product_tag","embeddable":true,"href":"https:\/\/lenceria69.com\/hn\/wp-json\/wp\/v2\/product_tag?post=5157"}],"curies":[{"name":"wp","href":"https:\/\/api.w.org\/{rel}","templated":true}]}}