{"id":5153,"date":"2024-06-23T19:27:25","date_gmt":"2024-06-24T01:27:25","guid":{"rendered":"https:\/\/lenceria69.com\/hn\/?post_type=product&#038;p=5153"},"modified":"2025-09-26T10:18:25","modified_gmt":"2025-09-26T16:18:25","slug":"bn37583","status":"publish","type":"product","link":"https:\/\/lenceria69.com\/hn\/producto\/bn37583\/","title":{"rendered":"Dildo con Ventosa + Bolas: BigBoy 10&#8243;"},"content":{"rendered":"<p>Big Boy es un consolador gigante de doble densidad de 10 pulgadas. Hecho a mano con nuestra tecnolog\u00eda de doble densidad Sensa Feel, Big Boy tiene una sensaci\u00f3n suave y realista con un n\u00facleo m\u00e1s firme para una polla m\u00e1s erecta. Big Boy cuenta con una columna vertebral flexible para erecciones a\u00fan m\u00e1s firmes. Equipado con una fuerte base de ventosa, puede pegarlo a cualquier superficie lisa, plana y no porosa y subirse a un viaje salvaje.<\/p>\n<p>Caracteristicas:<br \/>\n&#8211; Hecho de TPE seguro para el cuerpo<br \/>\n&#8211; Libre de ftalatos, parafinas y l\u00e1tex<br \/>\n&#8211; No contiene fragancia sint\u00e9tica<br \/>\n&#8211; Fabricado con la tecnolog\u00eda de doble densidad Sensa Feel<br \/>\n&#8211; Base de ventosa<br \/>\n&#8211; Compatible con arn\u00e9s<\/p>\n<p>Dimensiones:<br \/>\nLargo: 10 pulgadas<br \/>\nAncho: 2 pulgadas<br \/>\nInsertable: 7 pulgadas<\/p>\n","protected":false},"excerpt":{"rendered":"<p>Big Boy es un consolador gigante de doble densidad de 10 pulgadas. Hecho a mano con nuestra tecnolog\u00eda de doble densidad Sensa Feel, Big Boy tiene una sensaci\u00f3n suave y realista con un n\u00facleo m\u00e1s firme para una polla m\u00e1s erecta. Big Boy cuenta con una columna vertebral flexible para erecciones a\u00fan m\u00e1s firmes. Equipado&#8230;<\/p>\n","protected":false},"featured_media":5154,"comment_status":"open","ping_status":"closed","template":"","meta":{"_kad_post_transparent":"default","_kad_post_title":"","_kad_post_layout":"default","_kad_post_sidebar_id":"","_kad_post_content_style":"default","_kad_post_vertical_padding":"default","_kad_post_feature":"","_kad_post_feature_position":"","_kad_post_header":false,"_kad_post_footer":false,"_joinchat":[]},"product_brand":[],"product_cat":[25,29,24],"product_tag":[],"class_list":{"0":"post-5153","1":"product","2":"type-product","3":"status-publish","4":"has-post-thumbnail","6":"product_cat-dildos","7":"product_cat-juguetesventosa","8":"product_cat-juguetes-sexuales","10":"first","11":"outofstock","12":"shipping-taxable","13":"product-type-variable","14":"entry","15":"content-bg","16":"loop-entry"},"_links":{"self":[{"href":"https:\/\/lenceria69.com\/hn\/wp-json\/wp\/v2\/product\/5153","targetHints":{"allow":["GET"]}}],"collection":[{"href":"https:\/\/lenceria69.com\/hn\/wp-json\/wp\/v2\/product"}],"about":[{"href":"https:\/\/lenceria69.com\/hn\/wp-json\/wp\/v2\/types\/product"}],"replies":[{"embeddable":true,"href":"https:\/\/lenceria69.com\/hn\/wp-json\/wp\/v2\/comments?post=5153"}],"version-history":[{"count":3,"href":"https:\/\/lenceria69.com\/hn\/wp-json\/wp\/v2\/product\/5153\/revisions"}],"predecessor-version":[{"id":10300,"href":"https:\/\/lenceria69.com\/hn\/wp-json\/wp\/v2\/product\/5153\/revisions\/10300"}],"wp:featuredmedia":[{"embeddable":true,"href":"https:\/\/lenceria69.com\/hn\/wp-json\/wp\/v2\/media\/5154"}],"wp:attachment":[{"href":"https:\/\/lenceria69.com\/hn\/wp-json\/wp\/v2\/media?parent=5153"}],"wp:term":[{"taxonomy":"product_brand","embeddable":true,"href":"https:\/\/lenceria69.com\/hn\/wp-json\/wp\/v2\/product_brand?post=5153"},{"taxonomy":"product_cat","embeddable":true,"href":"https:\/\/lenceria69.com\/hn\/wp-json\/wp\/v2\/product_cat?post=5153"},{"taxonomy":"product_tag","embeddable":true,"href":"https:\/\/lenceria69.com\/hn\/wp-json\/wp\/v2\/product_tag?post=5153"}],"curies":[{"name":"wp","href":"https:\/\/api.w.org\/{rel}","templated":true}]}}