{"id":506,"date":"2023-03-29T18:40:56","date_gmt":"2023-03-30T00:40:56","guid":{"rendered":"http:\/\/lenceria69.com\/hn\/?post_type=product&#038;p=506"},"modified":"2024-08-17T18:57:40","modified_gmt":"2024-08-18T00:57:40","slug":"fajas-moldeadoras-colombianas","status":"publish","type":"product","link":"https:\/\/lenceria69.com\/hn\/producto\/fajas-moldeadoras-colombianas\/","title":{"rendered":"Fajas Moldeadoras Colombianas"},"content":{"rendered":"<p>\u00bfQu\u00e9 es en lo primero que piensas cuando ya ten\u00edas un vestido elegido para una fiesta y resulta que no te queda? Pues claro: que \u00abNecesitas una Faja\u00bb<\/p>\n<p>Estas prensas son geniales para comprimir \u00abrollitos\u00bb acumulados de \u00faltimo minuto y estilizar tu figura, pero, \u00bfqu\u00e9 ocurre cuando las usas todos los d\u00edas?, \u00bfqu\u00e9 pasa cuando le encomiendas a la faja lo que deber\u00edas destinar a simplemente elegir una talla m\u00e1s grande?<\/p>\n<p>De acuerdo a especialistas en cosmetolog\u00eda y piel de la Academia Americana de Dermatolog\u00eda (AAD) el uso de fajas es auxiliar al momento de estar bajando de peso naturalmente: ayuda a que la piel se amolde a tu nueva figura, sin mencionar que te hace lucir esbelta todo el tiempo.<\/p>\n<p>Los beneficios inmediatos tambi\u00e9n son evidentes: estas prendas comprimen tu vientre como por \u00abarte de magia\u00bb y nadie nota que est\u00e1 ah\u00ed.<\/p>\n<p>Tal y como se mencion\u00f3 al principio, las fajas pueden parecer \u00abca\u00eddas del cielo\u00bb cuando hay un evento especial y quieres definir tu silueta de forma impecable. De hecho, no hay que esperar a usar vestido para colocarlas, las fajas sin bordes de resorte lucen espectaculares con tops, pantalones y hasta algunos trajes de ba\u00f1o.<\/p>\n","protected":false},"excerpt":{"rendered":"<p>\u00bfQu\u00e9 es en lo primero que piensas cuando ya ten\u00edas un vestido elegido para una fiesta y resulta que no te queda? Pues claro: que \u00abNecesitas una Faja\u00bb Estas prensas son geniales para comprimir \u00abrollitos\u00bb acumulados de \u00faltimo minuto y estilizar tu figura, pero, \u00bfqu\u00e9 ocurre cuando las usas todos los d\u00edas?, \u00bfqu\u00e9 pasa cuando&#8230;<\/p>\n","protected":false},"featured_media":511,"comment_status":"open","ping_status":"closed","template":"","meta":{"_kad_post_transparent":"default","_kad_post_title":"","_kad_post_layout":"default","_kad_post_sidebar_id":"","_kad_post_content_style":"default","_kad_post_vertical_padding":"default","_kad_post_feature":"","_kad_post_feature_position":"","_kad_post_header":false,"_kad_post_footer":false,"_joinchat":[]},"product_brand":[],"product_cat":[23,47],"product_tag":[],"class_list":{"0":"post-506","1":"product","2":"type-product","3":"status-publish","4":"has-post-thumbnail","6":"product_cat-accesorios","7":"product_cat-fajas","9":"first","10":"outofstock","11":"shipping-taxable","12":"product-type-variable","13":"entry","14":"content-bg","15":"loop-entry"},"_links":{"self":[{"href":"https:\/\/lenceria69.com\/hn\/wp-json\/wp\/v2\/product\/506","targetHints":{"allow":["GET"]}}],"collection":[{"href":"https:\/\/lenceria69.com\/hn\/wp-json\/wp\/v2\/product"}],"about":[{"href":"https:\/\/lenceria69.com\/hn\/wp-json\/wp\/v2\/types\/product"}],"replies":[{"embeddable":true,"href":"https:\/\/lenceria69.com\/hn\/wp-json\/wp\/v2\/comments?post=506"}],"version-history":[{"count":1,"href":"https:\/\/lenceria69.com\/hn\/wp-json\/wp\/v2\/product\/506\/revisions"}],"predecessor-version":[{"id":5788,"href":"https:\/\/lenceria69.com\/hn\/wp-json\/wp\/v2\/product\/506\/revisions\/5788"}],"wp:featuredmedia":[{"embeddable":true,"href":"https:\/\/lenceria69.com\/hn\/wp-json\/wp\/v2\/media\/511"}],"wp:attachment":[{"href":"https:\/\/lenceria69.com\/hn\/wp-json\/wp\/v2\/media?parent=506"}],"wp:term":[{"taxonomy":"product_brand","embeddable":true,"href":"https:\/\/lenceria69.com\/hn\/wp-json\/wp\/v2\/product_brand?post=506"},{"taxonomy":"product_cat","embeddable":true,"href":"https:\/\/lenceria69.com\/hn\/wp-json\/wp\/v2\/product_cat?post=506"},{"taxonomy":"product_tag","embeddable":true,"href":"https:\/\/lenceria69.com\/hn\/wp-json\/wp\/v2\/product_tag?post=506"}],"curies":[{"name":"wp","href":"https:\/\/api.w.org\/{rel}","templated":true}]}}