{"id":469,"date":"2026-04-19T15:00:51","date_gmt":"2026-04-19T21:00:51","guid":{"rendered":"http:\/\/lenceria69.com\/hn\/?post_type=product&#038;p=469"},"modified":"2026-04-19T15:28:33","modified_gmt":"2026-04-19T21:28:33","slug":"buttezecream","status":"publish","type":"product","link":"https:\/\/lenceria69.com\/hn\/producto\/buttezecream\/","title":{"rendered":"Lubricante con Relajante Anal: Butt-Eze (2 sobres)"},"content":{"rendered":"<p>El Butt EZE es un desensibilizador anal con 5% benzoca\u00edna y gel lubricante a base de agua todo en uno, formulado para aliviar las molestias para principiantes anal y alivio del sorenesa en el \u00e1rea anal. Su f\u00f3rmula \u00fanica de sensibilizaci\u00f3n suave hace que el juego anal sea m\u00e1s placentero. Contiene aceite de c\u00e1\u00f1amo y todos los beneficios a\u00f1adidos de cbd con cero THC presente.<\/p>\n","protected":false},"excerpt":{"rendered":"<p>BA1602-99<\/p>\n<p><span style=\"font-weight: 400;\">Butt EZE es un gel lubricante a base de agua con un 5% de benzoca\u00edna, dise\u00f1ado para reducir la incomodidad durante el juego anal. Su f\u00f3rmula suave desensibiliza sin eliminar por completo la sensaci\u00f3n, permitiendo una experiencia m\u00e1s placentera. Contiene aceite de c\u00e1\u00f1amo con los beneficios del CBD, promoviendo la relajaci\u00f3n sin THC. Su textura sedosa facilita la inserci\u00f3n y mejora la comodidad tanto para principiantes como para quienes buscan mayor disfrute. Es seguro con preservativos y juguetes de silicona. <\/span><\/p>\n","protected":false},"featured_media":100000757,"comment_status":"open","ping_status":"closed","template":"","meta":{"_kad_post_transparent":"default","_kad_post_title":"","_kad_post_layout":"default","_kad_post_sidebar_id":"","_kad_post_content_style":"default","_kad_post_vertical_padding":"default","_kad_post_feature":"","_kad_post_feature_position":"","_kad_post_header":false,"_kad_post_footer":false,"_joinchat":[]},"product_brand":[],"product_cat":[69,38,39],"product_tag":[177],"class_list":{"0":"post-469","1":"product","2":"type-product","3":"status-publish","4":"has-post-thumbnail","6":"product_cat-lubeportables","7":"product_cat-lubricantes","8":"product_cat-anales","9":"product_tag-lubricantesobre","11":"first","12":"instock","13":"shipping-taxable","14":"purchasable","15":"product-type-variable","16":"has-default-attributes","17":"entry","18":"content-bg","19":"loop-entry"},"_links":{"self":[{"href":"https:\/\/lenceria69.com\/hn\/wp-json\/wp\/v2\/product\/469","targetHints":{"allow":["GET"]}}],"collection":[{"href":"https:\/\/lenceria69.com\/hn\/wp-json\/wp\/v2\/product"}],"about":[{"href":"https:\/\/lenceria69.com\/hn\/wp-json\/wp\/v2\/types\/product"}],"replies":[{"embeddable":true,"href":"https:\/\/lenceria69.com\/hn\/wp-json\/wp\/v2\/comments?post=469"}],"version-history":[{"count":3,"href":"https:\/\/lenceria69.com\/hn\/wp-json\/wp\/v2\/product\/469\/revisions"}],"predecessor-version":[{"id":9225,"href":"https:\/\/lenceria69.com\/hn\/wp-json\/wp\/v2\/product\/469\/revisions\/9225"}],"wp:featuredmedia":[{"embeddable":true,"href":"https:\/\/lenceria69.com\/hn\/wp-json\/"}],"wp:attachment":[{"href":"https:\/\/lenceria69.com\/hn\/wp-json\/wp\/v2\/media?parent=469"}],"wp:term":[{"taxonomy":"product_brand","embeddable":true,"href":"https:\/\/lenceria69.com\/hn\/wp-json\/wp\/v2\/product_brand?post=469"},{"taxonomy":"product_cat","embeddable":true,"href":"https:\/\/lenceria69.com\/hn\/wp-json\/wp\/v2\/product_cat?post=469"},{"taxonomy":"product_tag","embeddable":true,"href":"https:\/\/lenceria69.com\/hn\/wp-json\/wp\/v2\/product_tag?post=469"}],"curies":[{"name":"wp","href":"https:\/\/api.w.org\/{rel}","templated":true}]}}