{"id":4661,"date":"2024-05-13T15:48:24","date_gmt":"2024-05-13T21:48:24","guid":{"rendered":"https:\/\/lenceria69.com\/hn\/?post_type=product&#038;p=4661"},"modified":"2024-08-18T14:43:34","modified_gmt":"2024-08-18T20:43:34","slug":"satisyerairpum","status":"publish","type":"product","link":"https:\/\/lenceria69.com\/hn\/producto\/satisyerairpum\/","title":{"rendered":"Satisfyer Bunny &#8211; Dildo Vibrador Controlado por App"},"content":{"rendered":"<p>La aplicaci\u00f3n Air Pump Bunny 5 Connect es incre\u00edblemente vers\u00e1til: d\u00e9jate mimar con las vibraciones de dos potentes motores y ll\u00e9nate sensualmente con la punta inflable del eje. Para experiencias exclusivas, controla el vibrador con la aplicaci\u00f3n Satisfyer, disponible para iOS y Android.<\/p>\n<p>Caracter\u00edsticas:<br \/>\n&#8211; Hecho de silicona<br \/>\n&#8211; Eje inflable<br \/>\n&#8211; Aplicaci\u00f3n controlada<br \/>\n&#8211; Preajuste editable<br \/>\n&#8211; 12 modos de vibraci\u00f3n<\/p>\n<p>Dentro de la caja<br \/>\n&#8211; Conejito de bomba de aire<br \/>\n&#8211; Cable de carga USB<\/p>\n","protected":false},"excerpt":{"rendered":"<p>La aplicaci\u00f3n Air Pump Bunny 5 Connect es incre\u00edblemente vers\u00e1til: d\u00e9jate mimar con las vibraciones de dos potentes motores y ll\u00e9nate sensualmente con la punta inflable del eje. Para experiencias exclusivas, controla el vibrador con la aplicaci\u00f3n Satisfyer, disponible para iOS y Android. Caracter\u00edsticas: &#8211; Hecho de silicona &#8211; Eje inflable &#8211; Aplicaci\u00f3n controlada &#8211;&#8230;<\/p>\n","protected":false},"featured_media":4662,"comment_status":"open","ping_status":"closed","template":"","meta":{"_kad_post_transparent":"default","_kad_post_title":"","_kad_post_layout":"default","_kad_post_sidebar_id":"","_kad_post_content_style":"default","_kad_post_vertical_padding":"default","_kad_post_feature":"","_kad_post_feature_position":"","_kad_post_header":false,"_kad_post_footer":false,"_joinchat":[]},"product_brand":[],"product_cat":[25,31,24],"product_tag":[],"class_list":{"0":"post-4661","1":"product","2":"type-product","3":"status-publish","4":"has-post-thumbnail","6":"product_cat-dildos","7":"product_cat-jugueterecargable","8":"product_cat-juguetes-sexuales","10":"first","11":"outofstock","12":"sale","13":"shipping-taxable","14":"purchasable","15":"product-type-simple","16":"entry","17":"content-bg","18":"loop-entry"},"_links":{"self":[{"href":"https:\/\/lenceria69.com\/hn\/wp-json\/wp\/v2\/product\/4661","targetHints":{"allow":["GET"]}}],"collection":[{"href":"https:\/\/lenceria69.com\/hn\/wp-json\/wp\/v2\/product"}],"about":[{"href":"https:\/\/lenceria69.com\/hn\/wp-json\/wp\/v2\/types\/product"}],"replies":[{"embeddable":true,"href":"https:\/\/lenceria69.com\/hn\/wp-json\/wp\/v2\/comments?post=4661"}],"version-history":[{"count":1,"href":"https:\/\/lenceria69.com\/hn\/wp-json\/wp\/v2\/product\/4661\/revisions"}],"predecessor-version":[{"id":4664,"href":"https:\/\/lenceria69.com\/hn\/wp-json\/wp\/v2\/product\/4661\/revisions\/4664"}],"wp:featuredmedia":[{"embeddable":true,"href":"https:\/\/lenceria69.com\/hn\/wp-json\/wp\/v2\/media\/4662"}],"wp:attachment":[{"href":"https:\/\/lenceria69.com\/hn\/wp-json\/wp\/v2\/media?parent=4661"}],"wp:term":[{"taxonomy":"product_brand","embeddable":true,"href":"https:\/\/lenceria69.com\/hn\/wp-json\/wp\/v2\/product_brand?post=4661"},{"taxonomy":"product_cat","embeddable":true,"href":"https:\/\/lenceria69.com\/hn\/wp-json\/wp\/v2\/product_cat?post=4661"},{"taxonomy":"product_tag","embeddable":true,"href":"https:\/\/lenceria69.com\/hn\/wp-json\/wp\/v2\/product_tag?post=4661"}],"curies":[{"name":"wp","href":"https:\/\/api.w.org\/{rel}","templated":true}]}}