{"id":465,"date":"2024-07-31T10:50:56","date_gmt":"2024-07-31T16:50:56","guid":{"rendered":"http:\/\/lenceria69.com\/hn\/?post_type=product&#038;p=465"},"modified":"2025-01-09T15:53:20","modified_gmt":"2025-01-09T21:53:20","slug":"hjel4002-10","status":"publish","type":"product","link":"https:\/\/lenceria69.com\/hn\/producto\/hjel4002-10\/","title":{"rendered":"Pure Instinct Pink &#8211; Feromonas para Dama"},"content":{"rendered":"<p>Necesitas un poco de ayuda para seducir a un chico, las Feromonas de Pure Instinct son lo que tu necesitas, estas feromonas haran que el romance, los hombres se sentir\u00e1n m\u00e1s a gusto a tu alrededor una vez que comiences a utilizar el producto, ya ver\u00e1s que las citas se har\u00e1n mucho m\u00e1s f\u00e1cil.<\/p>\n","protected":false},"excerpt":{"rendered":"<p>Necesitas un poco de ayuda para seducir a un chico, las Feromonas de Pure Instinct son lo que tu necesitas, estas feromonas haran que el romance, los hombres se sentir\u00e1n m\u00e1s a gusto a tu alrededor una vez que comiences a utilizar el producto, ya ver\u00e1s que las citas se har\u00e1n mucho m\u00e1s f\u00e1cil.<\/p>\n","protected":false},"featured_media":466,"comment_status":"open","ping_status":"closed","template":"","meta":{"_kad_post_transparent":"default","_kad_post_title":"","_kad_post_layout":"default","_kad_post_sidebar_id":"","_kad_post_content_style":"default","_kad_post_vertical_padding":"default","_kad_post_feature":"","_kad_post_feature_position":"","_kad_post_header":false,"_kad_post_footer":false,"_joinchat":[]},"product_brand":[],"product_cat":[68,38],"product_tag":[],"class_list":{"0":"post-465","1":"product","2":"type-product","3":"status-publish","4":"has-post-thumbnail","6":"product_cat-cosmeticos","7":"product_cat-lubricantes","9":"first","10":"outofstock","11":"shipping-taxable","12":"product-type-variable","13":"entry","14":"content-bg","15":"loop-entry"},"_links":{"self":[{"href":"https:\/\/lenceria69.com\/hn\/wp-json\/wp\/v2\/product\/465","targetHints":{"allow":["GET"]}}],"collection":[{"href":"https:\/\/lenceria69.com\/hn\/wp-json\/wp\/v2\/product"}],"about":[{"href":"https:\/\/lenceria69.com\/hn\/wp-json\/wp\/v2\/types\/product"}],"replies":[{"embeddable":true,"href":"https:\/\/lenceria69.com\/hn\/wp-json\/wp\/v2\/comments?post=465"}],"version-history":[{"count":1,"href":"https:\/\/lenceria69.com\/hn\/wp-json\/wp\/v2\/product\/465\/revisions"}],"predecessor-version":[{"id":4359,"href":"https:\/\/lenceria69.com\/hn\/wp-json\/wp\/v2\/product\/465\/revisions\/4359"}],"wp:featuredmedia":[{"embeddable":true,"href":"https:\/\/lenceria69.com\/hn\/wp-json\/wp\/v2\/media\/466"}],"wp:attachment":[{"href":"https:\/\/lenceria69.com\/hn\/wp-json\/wp\/v2\/media?parent=465"}],"wp:term":[{"taxonomy":"product_brand","embeddable":true,"href":"https:\/\/lenceria69.com\/hn\/wp-json\/wp\/v2\/product_brand?post=465"},{"taxonomy":"product_cat","embeddable":true,"href":"https:\/\/lenceria69.com\/hn\/wp-json\/wp\/v2\/product_cat?post=465"},{"taxonomy":"product_tag","embeddable":true,"href":"https:\/\/lenceria69.com\/hn\/wp-json\/wp\/v2\/product_tag?post=465"}],"curies":[{"name":"wp","href":"https:\/\/api.w.org\/{rel}","templated":true}]}}