{"id":4554,"date":"2024-04-29T16:58:06","date_gmt":"2024-04-29T22:58:06","guid":{"rendered":"https:\/\/lenceria69.com\/hn\/?post_type=product&#038;p=4554"},"modified":"2025-05-28T01:03:56","modified_gmt":"2025-05-28T07:03:56","slug":"shandemarcus","status":"publish","type":"product","link":"https:\/\/lenceria69.com\/hn\/producto\/shandemarcus\/","title":{"rendered":"S-Hande Marcus &#8211; Masturbador para Hombre"},"content":{"rendered":"<p>Atr\u00e9vete a experimentar nuevas sensaciones con este masturbador para penetraci\u00f3n, perfecto para que obtengas una estimulaci\u00f3n m\u00e1s placentera. Gracias a su textura podr\u00e1s vivir una experiencia inolvidable.<\/p>\n<p>Caracteristicas:<\/p>\n<p>&#8211; Material: Silicona de grado m\u00e9dico<br \/>\n&#8211; Largo total: 21,5 cm<br \/>\n&#8211; Ancho: 8,4 cm<br \/>\n&#8211; Color: Piel<\/p>\n","protected":false},"excerpt":{"rendered":"<p>Atr\u00e9vete a experimentar nuevas sensaciones con este masturbador para penetraci\u00f3n, perfecto para que obtengas una estimulaci\u00f3n m\u00e1s placentera. Gracias a su textura podr\u00e1s vivir una experiencia inolvidable. Caracteristicas: &#8211; Material: Silicona de grado m\u00e9dico &#8211; Largo total: 21,5 cm &#8211; Ancho: 8,4 cm &#8211; Color: Piel<\/p>\n","protected":false},"featured_media":4561,"comment_status":"open","ping_status":"closed","template":"","meta":{"_kad_post_transparent":"default","_kad_post_title":"","_kad_post_layout":"default","_kad_post_sidebar_id":"","_kad_post_content_style":"default","_kad_post_vertical_padding":"default","_kad_post_feature":"","_kad_post_feature_position":"","_kad_post_header":false,"_kad_post_footer":false,"_joinchat":[]},"product_brand":[],"product_cat":[30,24],"product_tag":[169,171],"class_list":{"0":"post-4554","1":"product","2":"type-product","3":"status-publish","4":"has-post-thumbnail","6":"product_cat-juguetes_para_ellos","7":"product_cat-juguetes-sexuales","8":"product_tag-masturbador","9":"product_tag-shande","11":"first","12":"outofstock","13":"shipping-taxable","14":"product-type-variable","15":"entry","16":"content-bg","17":"loop-entry"},"_links":{"self":[{"href":"https:\/\/lenceria69.com\/hn\/wp-json\/wp\/v2\/product\/4554","targetHints":{"allow":["GET"]}}],"collection":[{"href":"https:\/\/lenceria69.com\/hn\/wp-json\/wp\/v2\/product"}],"about":[{"href":"https:\/\/lenceria69.com\/hn\/wp-json\/wp\/v2\/types\/product"}],"replies":[{"embeddable":true,"href":"https:\/\/lenceria69.com\/hn\/wp-json\/wp\/v2\/comments?post=4554"}],"version-history":[{"count":1,"href":"https:\/\/lenceria69.com\/hn\/wp-json\/wp\/v2\/product\/4554\/revisions"}],"predecessor-version":[{"id":4562,"href":"https:\/\/lenceria69.com\/hn\/wp-json\/wp\/v2\/product\/4554\/revisions\/4562"}],"wp:featuredmedia":[{"embeddable":true,"href":"https:\/\/lenceria69.com\/hn\/wp-json\/wp\/v2\/media\/4561"}],"wp:attachment":[{"href":"https:\/\/lenceria69.com\/hn\/wp-json\/wp\/v2\/media?parent=4554"}],"wp:term":[{"taxonomy":"product_brand","embeddable":true,"href":"https:\/\/lenceria69.com\/hn\/wp-json\/wp\/v2\/product_brand?post=4554"},{"taxonomy":"product_cat","embeddable":true,"href":"https:\/\/lenceria69.com\/hn\/wp-json\/wp\/v2\/product_cat?post=4554"},{"taxonomy":"product_tag","embeddable":true,"href":"https:\/\/lenceria69.com\/hn\/wp-json\/wp\/v2\/product_tag?post=4554"}],"curies":[{"name":"wp","href":"https:\/\/api.w.org\/{rel}","templated":true}]}}