{"id":4537,"date":"2026-02-28T13:00:59","date_gmt":"2026-02-28T19:00:59","guid":{"rendered":"https:\/\/lenceria69.com\/hn\/?post_type=product&#038;p=4537"},"modified":"2026-04-08T08:05:57","modified_gmt":"2026-04-08T14:05:57","slug":"lh5282-36","status":"publish","type":"product","link":"https:\/\/lenceria69.com\/hn\/producto\/lh5282-36\/","title":{"rendered":"Juguete con Succion y Vibrador: S-Hande Inmortal Flower"},"content":{"rendered":"<p>Es el mejor juguete sexual para estimular los puntos sensibles de las mujeres, \u00a1lo que puede ayudarlas a alcanzar r\u00e1pidamente orgasmos inimaginables! Brind\u00e1ndote una doble emoci\u00f3n con la succi\u00f3n y los vibradores de huevos juntos.<\/p>\n<p>Brindarte una experiencia realista de sexo oral con alguien es lamer y soplar la sensaci\u00f3n de tu cl\u00edtoris. El vibrador tiene 9 modos de lamido y vibraciones, desde movimientos suaves hasta salvajes para maximizar tu placer, que te proporcionar\u00e1n orgasmos que nunca imaginaste.<\/p>\n<p>Los puntos de contacto de silicona suave del estimulador de cl\u00edtoris son completamente seguros para el cuerpo. Un vibrador de mamada realista es como lamer un amante, estimulando los sensibles pezones del cl\u00edtoris y donde lo necesitas.<\/p>\n<p>Caracter\u00edsticas<br \/>\n\u2022 Tecnolog\u00eda de soplado de humedad<br \/>\n\u2022 IPX7 a prueba de agua<br \/>\n\u2022 Estimular la sensaci\u00f3n de succi\u00f3n por parte de una persona real para lograr placer.<br \/>\n\u2022 Succi\u00f3n: 9 niveles ajustables<br \/>\n\u2022 Cola peque\u00f1a y vibrante<br \/>\n\u2022 Alegre: placer de chupar el cl\u00edtoris gracias a la estimulaci\u00f3n externa.<br \/>\n\u2022 ABS, silicona segura para el cuerpo<br \/>\n\u2022 Lamido y vibraci\u00f3n realistas 2 en 1 (G Pot)<br \/>\n\u2022 Funci\u00f3n silenciosa<\/p>\n","protected":false},"excerpt":{"rendered":"<p>Es el mejor juguete sexual para estimular los puntos sensibles de las mujeres, \u00a1lo que puede ayudarlas a alcanzar r\u00e1pidamente orgasmos inimaginables! Brind\u00e1ndote una doble emoci\u00f3n con la succi\u00f3n y los vibradores de huevos juntos. Brindarte una experiencia realista de sexo oral con alguien es lamer y soplar la sensaci\u00f3n de tu cl\u00edtoris. El vibrador&#8230;<\/p>\n","protected":false},"featured_media":4538,"comment_status":"open","ping_status":"closed","template":"","meta":{"_kad_post_transparent":"default","_kad_post_title":"","_kad_post_layout":"default","_kad_post_sidebar_id":"","_kad_post_content_style":"default","_kad_post_vertical_padding":"default","_kad_post_feature":"","_kad_post_feature_position":"","_kad_post_header":false,"_kad_post_footer":false,"_joinchat":[]},"product_brand":[],"product_cat":[31,24],"product_tag":[171],"class_list":{"0":"post-4537","1":"product","2":"type-product","3":"status-publish","4":"has-post-thumbnail","6":"product_cat-jugueterecargable","7":"product_cat-juguetes-sexuales","8":"product_tag-shande","10":"first","11":"instock","12":"sale","13":"shipping-taxable","14":"purchasable","15":"product-type-variable","16":"entry","17":"content-bg","18":"loop-entry"},"_links":{"self":[{"href":"https:\/\/lenceria69.com\/hn\/wp-json\/wp\/v2\/product\/4537","targetHints":{"allow":["GET"]}}],"collection":[{"href":"https:\/\/lenceria69.com\/hn\/wp-json\/wp\/v2\/product"}],"about":[{"href":"https:\/\/lenceria69.com\/hn\/wp-json\/wp\/v2\/types\/product"}],"replies":[{"embeddable":true,"href":"https:\/\/lenceria69.com\/hn\/wp-json\/wp\/v2\/comments?post=4537"}],"version-history":[{"count":2,"href":"https:\/\/lenceria69.com\/hn\/wp-json\/wp\/v2\/product\/4537\/revisions"}],"predecessor-version":[{"id":10951,"href":"https:\/\/lenceria69.com\/hn\/wp-json\/wp\/v2\/product\/4537\/revisions\/10951"}],"wp:featuredmedia":[{"embeddable":true,"href":"https:\/\/lenceria69.com\/hn\/wp-json\/wp\/v2\/media\/4538"}],"wp:attachment":[{"href":"https:\/\/lenceria69.com\/hn\/wp-json\/wp\/v2\/media?parent=4537"}],"wp:term":[{"taxonomy":"product_brand","embeddable":true,"href":"https:\/\/lenceria69.com\/hn\/wp-json\/wp\/v2\/product_brand?post=4537"},{"taxonomy":"product_cat","embeddable":true,"href":"https:\/\/lenceria69.com\/hn\/wp-json\/wp\/v2\/product_cat?post=4537"},{"taxonomy":"product_tag","embeddable":true,"href":"https:\/\/lenceria69.com\/hn\/wp-json\/wp\/v2\/product_tag?post=4537"}],"curies":[{"name":"wp","href":"https:\/\/api.w.org\/{rel}","templated":true}]}}