{"id":4525,"date":"2026-03-02T14:00:39","date_gmt":"2026-03-02T20:00:39","guid":{"rendered":"https:\/\/lenceria69.com\/hn\/?post_type=product&#038;p=4525"},"modified":"2026-03-25T20:21:39","modified_gmt":"2026-03-26T02:21:39","slug":"lh5260","status":"publish","type":"product","link":"https:\/\/lenceria69.com\/hn\/producto\/lh5260\/","title":{"rendered":"Dildo Vibrador de Silicona: S-Hande Boom"},"content":{"rendered":"<p>Consi\u00e9ntete y disfruta de nuevas experiencias de placer con este vibrador de doble estimulaci\u00f3n, gracias a sus 9 modos de vibraci\u00f3n podr\u00e1s graduar su ritmo como desees, este juguete est\u00e1 dise\u00f1ado para satisfacer todos tus deseos.<\/p>\n<p>Caracter\u00edsticas:<\/p>\n<p>&#8211; Largo tota: 21,2 cm<br \/>\n&#8211; i\u00e1metro: 3,7 cm<br \/>\n&#8211; Peso: 143 gr<br \/>\n&#8211; 9 Modos de vibraci\u00f3n<br \/>\n&#8211; Color: Rosa<br \/>\n&#8211; Modo de carga: USB<br \/>\n&#8211; 100% sumergible al agua<\/p>\n","protected":false},"excerpt":{"rendered":"<p>Consi\u00e9ntete y disfruta de nuevas experiencias de placer con este vibrador de doble estimulaci\u00f3n, gracias a sus 9 modos de vibraci\u00f3n podr\u00e1s graduar su ritmo como desees, este juguete est\u00e1 dise\u00f1ado para satisfacer todos tus deseos. Caracter\u00edsticas: &#8211; Largo tota: 21,2 cm &#8211; i\u00e1metro: 3,7 cm &#8211; Peso: 143 gr &#8211; 9 Modos de vibraci\u00f3n&#8230;<\/p>\n","protected":false},"featured_media":4535,"comment_status":"open","ping_status":"closed","template":"","meta":{"_kad_post_transparent":"default","_kad_post_title":"","_kad_post_layout":"default","_kad_post_sidebar_id":"","_kad_post_content_style":"default","_kad_post_vertical_padding":"default","_kad_post_feature":"","_kad_post_feature_position":"","_kad_post_header":false,"_kad_post_footer":false,"_joinchat":[]},"product_brand":[],"product_cat":[25,31,24],"product_tag":[171],"class_list":{"0":"post-4525","1":"product","2":"type-product","3":"status-publish","4":"has-post-thumbnail","6":"product_cat-dildos","7":"product_cat-jugueterecargable","8":"product_cat-juguetes-sexuales","9":"product_tag-shande","11":"first","12":"instock","13":"shipping-taxable","14":"purchasable","15":"product-type-variable","16":"entry","17":"content-bg","18":"loop-entry"},"_links":{"self":[{"href":"https:\/\/lenceria69.com\/hn\/wp-json\/wp\/v2\/product\/4525","targetHints":{"allow":["GET"]}}],"collection":[{"href":"https:\/\/lenceria69.com\/hn\/wp-json\/wp\/v2\/product"}],"about":[{"href":"https:\/\/lenceria69.com\/hn\/wp-json\/wp\/v2\/types\/product"}],"replies":[{"embeddable":true,"href":"https:\/\/lenceria69.com\/hn\/wp-json\/wp\/v2\/comments?post=4525"}],"version-history":[{"count":2,"href":"https:\/\/lenceria69.com\/hn\/wp-json\/wp\/v2\/product\/4525\/revisions"}],"predecessor-version":[{"id":10952,"href":"https:\/\/lenceria69.com\/hn\/wp-json\/wp\/v2\/product\/4525\/revisions\/10952"}],"wp:featuredmedia":[{"embeddable":true,"href":"https:\/\/lenceria69.com\/hn\/wp-json\/wp\/v2\/media\/4535"}],"wp:attachment":[{"href":"https:\/\/lenceria69.com\/hn\/wp-json\/wp\/v2\/media?parent=4525"}],"wp:term":[{"taxonomy":"product_brand","embeddable":true,"href":"https:\/\/lenceria69.com\/hn\/wp-json\/wp\/v2\/product_brand?post=4525"},{"taxonomy":"product_cat","embeddable":true,"href":"https:\/\/lenceria69.com\/hn\/wp-json\/wp\/v2\/product_cat?post=4525"},{"taxonomy":"product_tag","embeddable":true,"href":"https:\/\/lenceria69.com\/hn\/wp-json\/wp\/v2\/product_tag?post=4525"}],"curies":[{"name":"wp","href":"https:\/\/api.w.org\/{rel}","templated":true}]}}