{"id":4475,"date":"2024-04-29T12:37:57","date_gmt":"2024-04-29T18:37:57","guid":{"rendered":"https:\/\/lenceria69.com\/hn\/?post_type=product&#038;p=4475"},"modified":"2026-03-31T16:08:34","modified_gmt":"2026-03-31T22:08:34","slug":"lh5070","status":"publish","type":"product","link":"https:\/\/lenceria69.com\/hn\/producto\/lh5070\/","title":{"rendered":"Bomba de Pene para Principiantes:AeroUp LUV Pump"},"content":{"rendered":"<p>Incrementa Joy Mini Aero-up Bomba de Pene para Diversi\u00f3n Consolador Pump Incrementa Joy Mini Aero-up Bomba de Pene para Diversi\u00f3n<\/p>\n<p>Especificaciones:<br \/>\nLo que este producto puede ofrecerle es que su dise\u00f1o minimalista garantiza que sea f\u00e1cil de usar. El masturbador manual masculino con bomba de aire al vac\u00edo de presi\u00f3n negativa te hace llegar al cl\u00edmax continuamente.<br \/>\nPuede encontrar f\u00e1cilmente que este producto es f\u00e1cil de transportar porque tiene un cuerpo liviano y un tama\u00f1o compacto. Las copas de masturbaci\u00f3n promueven el cl\u00edmax y son adecuadas para que novios o maridos se diviertan sexualmente.<\/p>\n<p>Caracter\u00edsticas:<br \/>\n&#8211; Longitud del cilindro (insertable): 23 cm<br \/>\n&#8211; Di\u00e1metro interior del cilindro: 5,5 cm<br \/>\n&#8211; Longitud de la manguera de silicona: 26 cm<\/p>\n","protected":false},"excerpt":{"rendered":"<p>Incrementa Joy Mini Aero-up Bomba de Pene para Diversi\u00f3n Consolador Pump Incrementa Joy Mini Aero-up Bomba de Pene para Diversi\u00f3n Especificaciones: Lo que este producto puede ofrecerle es que su dise\u00f1o minimalista garantiza que sea f\u00e1cil de usar. El masturbador manual masculino con bomba de aire al vac\u00edo de presi\u00f3n negativa te hace llegar al&#8230;<\/p>\n","protected":false},"featured_media":4476,"comment_status":"open","ping_status":"closed","template":"","meta":{"_kad_post_transparent":"default","_kad_post_title":"","_kad_post_layout":"default","_kad_post_sidebar_id":"","_kad_post_content_style":"default","_kad_post_vertical_padding":"default","_kad_post_feature":"","_kad_post_feature_position":"","_kad_post_header":false,"_kad_post_footer":false,"_joinchat":[]},"product_brand":[],"product_cat":[30,24],"product_tag":[],"class_list":{"0":"post-4475","1":"product","2":"type-product","3":"status-publish","4":"has-post-thumbnail","6":"product_cat-juguetes_para_ellos","7":"product_cat-juguetes-sexuales","9":"first","10":"instock","11":"sale","12":"shipping-taxable","13":"purchasable","14":"product-type-variable","15":"entry","16":"content-bg","17":"loop-entry"},"_links":{"self":[{"href":"https:\/\/lenceria69.com\/hn\/wp-json\/wp\/v2\/product\/4475","targetHints":{"allow":["GET"]}}],"collection":[{"href":"https:\/\/lenceria69.com\/hn\/wp-json\/wp\/v2\/product"}],"about":[{"href":"https:\/\/lenceria69.com\/hn\/wp-json\/wp\/v2\/types\/product"}],"replies":[{"embeddable":true,"href":"https:\/\/lenceria69.com\/hn\/wp-json\/wp\/v2\/comments?post=4475"}],"version-history":[{"count":4,"href":"https:\/\/lenceria69.com\/hn\/wp-json\/wp\/v2\/product\/4475\/revisions"}],"predecessor-version":[{"id":10325,"href":"https:\/\/lenceria69.com\/hn\/wp-json\/wp\/v2\/product\/4475\/revisions\/10325"}],"wp:featuredmedia":[{"embeddable":true,"href":"https:\/\/lenceria69.com\/hn\/wp-json\/wp\/v2\/media\/4476"}],"wp:attachment":[{"href":"https:\/\/lenceria69.com\/hn\/wp-json\/wp\/v2\/media?parent=4475"}],"wp:term":[{"taxonomy":"product_brand","embeddable":true,"href":"https:\/\/lenceria69.com\/hn\/wp-json\/wp\/v2\/product_brand?post=4475"},{"taxonomy":"product_cat","embeddable":true,"href":"https:\/\/lenceria69.com\/hn\/wp-json\/wp\/v2\/product_cat?post=4475"},{"taxonomy":"product_tag","embeddable":true,"href":"https:\/\/lenceria69.com\/hn\/wp-json\/wp\/v2\/product_tag?post=4475"}],"curies":[{"name":"wp","href":"https:\/\/api.w.org\/{rel}","templated":true}]}}