{"id":4447,"date":"2026-02-28T13:00:23","date_gmt":"2026-02-28T19:00:23","guid":{"rendered":"https:\/\/lenceria69.com\/hn\/?post_type=product&#038;p=4447"},"modified":"2026-04-05T10:12:38","modified_gmt":"2026-04-05T16:12:38","slug":"lh5150","status":"publish","type":"product","link":"https:\/\/lenceria69.com\/hn\/producto\/lh5150\/","title":{"rendered":"ButtPlug Pack &#8211; Paquete Plug Anal de Silicona"},"content":{"rendered":"<p>Nuestros tapones anales satisfacen las necesidades de todos. Los juguetes anales resistentes pero flexibles son perfectos para principiantes, est\u00e1n dise\u00f1ados con estilo para horas de uso c\u00f3modo. Puedes utilizar estos juguetes en la oficina, el autom\u00f3vil o en una cita sin preocupaciones<\/p>\n<p>El plug anal es un producto muy \u00edntimo, solo tienes que usarlo sin mostrarlo delante de los dem\u00e1s.<\/p>\n<p>Recomendamos utilizar lubricante a base de agua para una mejor experiencia, y es f\u00e1cil de limpiar con agua y jab\u00f3n despu\u00e9s de su uso.<\/p>\n<p>Los 4 plugs anales en diferentes tama\u00f1os y formas incluyen:<br \/>\n&#8211; Comienza a experimentar con el lindo y curvil\u00edneo Bubble Plug<br \/>\n&#8211; La textura estimulante Ribbed Plug se siente genial al entrar y salir<br \/>\n&#8211; Smooth Plug tiene una forma cl\u00e1sica y probada para una diversi\u00f3n segura<br \/>\n&#8211; Ball Plug te llena con su tama\u00f1o m\u00e1s grande<br \/>\n&#8211; Usar con lubricantes anales a base de agua<br \/>\n&#8211; La amplia base permanece en su lugar para mayor seguridad y control.<\/p>\n","protected":false},"excerpt":{"rendered":"<p>Nuestros tapones anales satisfacen las necesidades de todos. Los juguetes anales resistentes pero flexibles son perfectos para principiantes, est\u00e1n dise\u00f1ados con estilo para horas de uso c\u00f3modo. Puedes utilizar estos juguetes en la oficina, el autom\u00f3vil o en una cita sin preocupaciones El plug anal es un producto muy \u00edntimo, solo tienes que usarlo sin&#8230;<\/p>\n","protected":false},"featured_media":4453,"comment_status":"open","ping_status":"closed","template":"","meta":{"_kad_post_transparent":"default","_kad_post_title":"","_kad_post_layout":"default","_kad_post_sidebar_id":"","_kad_post_content_style":"default","_kad_post_vertical_padding":"default","_kad_post_feature":"","_kad_post_feature_position":"","_kad_post_header":false,"_kad_post_footer":false,"_joinchat":[]},"product_brand":[],"product_cat":[26,27,24],"product_tag":[],"class_list":{"0":"post-4447","1":"product","2":"type-product","3":"status-publish","4":"has-post-thumbnail","6":"product_cat-jugueteanal","7":"product_cat-juguetebondage","8":"product_cat-juguetes-sexuales","10":"first","11":"instock","12":"shipping-taxable","13":"purchasable","14":"product-type-variable","15":"entry","16":"content-bg","17":"loop-entry"},"_links":{"self":[{"href":"https:\/\/lenceria69.com\/hn\/wp-json\/wp\/v2\/product\/4447","targetHints":{"allow":["GET"]}}],"collection":[{"href":"https:\/\/lenceria69.com\/hn\/wp-json\/wp\/v2\/product"}],"about":[{"href":"https:\/\/lenceria69.com\/hn\/wp-json\/wp\/v2\/types\/product"}],"replies":[{"embeddable":true,"href":"https:\/\/lenceria69.com\/hn\/wp-json\/wp\/v2\/comments?post=4447"}],"version-history":[{"count":3,"href":"https:\/\/lenceria69.com\/hn\/wp-json\/wp\/v2\/product\/4447\/revisions"}],"predecessor-version":[{"id":5475,"href":"https:\/\/lenceria69.com\/hn\/wp-json\/wp\/v2\/product\/4447\/revisions\/5475"}],"wp:featuredmedia":[{"embeddable":true,"href":"https:\/\/lenceria69.com\/hn\/wp-json\/wp\/v2\/media\/4453"}],"wp:attachment":[{"href":"https:\/\/lenceria69.com\/hn\/wp-json\/wp\/v2\/media?parent=4447"}],"wp:term":[{"taxonomy":"product_brand","embeddable":true,"href":"https:\/\/lenceria69.com\/hn\/wp-json\/wp\/v2\/product_brand?post=4447"},{"taxonomy":"product_cat","embeddable":true,"href":"https:\/\/lenceria69.com\/hn\/wp-json\/wp\/v2\/product_cat?post=4447"},{"taxonomy":"product_tag","embeddable":true,"href":"https:\/\/lenceria69.com\/hn\/wp-json\/wp\/v2\/product_tag?post=4447"}],"curies":[{"name":"wp","href":"https:\/\/api.w.org\/{rel}","templated":true}]}}