{"id":410,"date":"2023-03-29T15:51:09","date_gmt":"2023-03-29T21:51:09","guid":{"rendered":"http:\/\/lenceria69.com\/hn\/?post_type=product&#038;p=410"},"modified":"2024-08-19T17:02:35","modified_gmt":"2024-08-19T23:02:35","slug":"letsgetiton","status":"publish","type":"product","link":"https:\/\/lenceria69.com\/hn\/producto\/letsgetiton\/","title":{"rendered":"Let&#8217;s Get it On!  &#8211; Feromonas para Dama"},"content":{"rendered":"<p>Prep\u00e1rate para toda la noche con esta bruma corporal profundamente excitante. La suave fragancia oriental es una mezcla dominante de flor de naranja y peon\u00eda, con un sutil toque de rosa negra y una rica mezcla de vainilla y \u00e1mbar amaderado. Perfecto para dejarte sinti\u00e9ndote tan sexy toda la noche. Notas de salida: naranja, frambuesa y peon\u00eda. Notas medias: orqu\u00eddea tropical, lichi y rosa negra.<\/p>\n<p>Notas de Fondo:<br \/>\n&#8211; Notas secas de \u00e1mbar dulce, caramelo, vainilla y \u00e1mbar amaderado.<\/p>\n<p>Volumen: 3.5oz<\/p>\n<p>Caracteristicas<br \/>\n&#8211; Una fragancia oriental sutil pero rica.<br \/>\n&#8211; Ideal para llamar la atenci\u00f3n en una noche especial.<br \/>\n&#8211; Mejora la producci\u00f3n de feromonas naturales.<br \/>\n&#8211; Aumentar el atractivo sexual<br \/>\n&#8211; Libera un aroma \u00fanico en su clase.<br \/>\n&#8211; Se puede utilizar para perfumar ropa de cama y lencer\u00eda.<br \/>\n&#8211; Libre de parabeno<\/p>\n","protected":false},"excerpt":{"rendered":"<p>Prep\u00e1rate para toda la noche con esta bruma corporal profundamente excitante. La suave fragancia oriental es una mezcla dominante de flor de naranja y peon\u00eda, con un sutil toque de rosa negra y una rica mezcla de vainilla y \u00e1mbar amaderado. Perfecto para dejarte sinti\u00e9ndote tan sexy toda la noche. Notas de salida: naranja, frambuesa&#8230;<\/p>\n","protected":false},"featured_media":1000001888,"comment_status":"open","ping_status":"closed","template":"","meta":{"_kad_post_transparent":"default","_kad_post_title":"","_kad_post_layout":"default","_kad_post_sidebar_id":"","_kad_post_content_style":"default","_kad_post_vertical_padding":"default","_kad_post_feature":"","_kad_post_feature_position":"","_kad_post_header":false,"_kad_post_footer":false,"_joinchat":[]},"product_brand":[],"product_cat":[68,38],"product_tag":[],"class_list":{"0":"post-410","1":"product","2":"type-product","3":"status-publish","4":"has-post-thumbnail","6":"product_cat-cosmeticos","7":"product_cat-lubricantes","9":"first","10":"outofstock","11":"shipping-taxable","12":"product-type-variable","13":"entry","14":"content-bg","15":"loop-entry"},"_links":{"self":[{"href":"https:\/\/lenceria69.com\/hn\/wp-json\/wp\/v2\/product\/410","targetHints":{"allow":["GET"]}}],"collection":[{"href":"https:\/\/lenceria69.com\/hn\/wp-json\/wp\/v2\/product"}],"about":[{"href":"https:\/\/lenceria69.com\/hn\/wp-json\/wp\/v2\/types\/product"}],"replies":[{"embeddable":true,"href":"https:\/\/lenceria69.com\/hn\/wp-json\/wp\/v2\/comments?post=410"}],"version-history":[{"count":2,"href":"https:\/\/lenceria69.com\/hn\/wp-json\/wp\/v2\/product\/410\/revisions"}],"predecessor-version":[{"id":5863,"href":"https:\/\/lenceria69.com\/hn\/wp-json\/wp\/v2\/product\/410\/revisions\/5863"}],"wp:featuredmedia":[{"embeddable":true,"href":"https:\/\/lenceria69.com\/hn\/wp-json\/"}],"wp:attachment":[{"href":"https:\/\/lenceria69.com\/hn\/wp-json\/wp\/v2\/media?parent=410"}],"wp:term":[{"taxonomy":"product_brand","embeddable":true,"href":"https:\/\/lenceria69.com\/hn\/wp-json\/wp\/v2\/product_brand?post=410"},{"taxonomy":"product_cat","embeddable":true,"href":"https:\/\/lenceria69.com\/hn\/wp-json\/wp\/v2\/product_cat?post=410"},{"taxonomy":"product_tag","embeddable":true,"href":"https:\/\/lenceria69.com\/hn\/wp-json\/wp\/v2\/product_tag?post=410"}],"curies":[{"name":"wp","href":"https:\/\/api.w.org\/{rel}","templated":true}]}}