{"id":4006,"date":"2024-04-02T15:56:01","date_gmt":"2024-04-02T21:56:01","guid":{"rendered":"https:\/\/lenceria69.com\/hn\/?post_type=product&#038;p=4006"},"modified":"2024-08-18T14:48:20","modified_gmt":"2024-08-18T20:48:20","slug":"magicmotionumi","status":"publish","type":"product","link":"https:\/\/lenceria69.com\/hn\/producto\/magicmotionumi\/","title":{"rendered":"Magic Motion UMi &#8211; Juguete vibrador controlado por APP"},"content":{"rendered":"<p>El vibrador port\u00e1til inteligente compacto Magic Umi puede ser controlado por la aplicaci\u00f3n<\/p>\n<p>Motor dual que vibra simult\u00e1neamente en el punto G y en el punto C Funciona con un solo rotor<\/p>\n<p>Adem\u00e1s, puedes disfrutar de varias funciones de la aplicaci\u00f3n, as\u00ed como del control remoto a trav\u00e9s de la conexi\u00f3n de tu smartphone.<\/p>\n<p>Establece la hora y el Magic Umi vibrar\u00e1. Despierta con un orgasmo.<\/p>\n<p>La nueva versi\u00f3n de nuestra aplicaci\u00f3n, sin importar d\u00f3nde est\u00e9s,<\/p>\n<p>Control interactivo remoto a trav\u00e9s de la web.<\/p>\n<p>Tambi\u00e9n tiene otras funciones interactivas, como el control de juegos y m\u00fasica.<\/p>\n<p>Descarga la aplicaci\u00f3n en tu tel\u00e9fono inteligente y con\u00e9ctala a un lindo rotor inal\u00e1mbrico.<\/p>\n<p>La aplicaci\u00f3n multifuncional te permite controlar la variedad de estimulaci\u00f3n.<\/p>\n<p>Tambi\u00e9n puedes descargar la aplicaci\u00f3n en su tel\u00e9fono inteligente y conectarla entre s\u00ed para<\/p>\n<p>\u00abMagic Umi\u00bb vibra desde una distancia lejana mientras dirige.<\/p>\n<p>C\u00f3mo usar:<\/p>\n<p>1. Cargue la unidad principal (utilice el cable de carga USB incluido)<\/p>\n<p>2. F\u00e1cil de operar solo con la unidad principal (si lo usas como un rotor independiente, entonces puedes hacerlo con la operaci\u00f3n anterior).<\/p>\n<p>3. Descargue e instale la aplicaci\u00f3n Magic Motion.<\/p>\n<p>4. Inicie la aplicaci\u00f3n.<\/p>\n<p>5. Presione el bot\u00f3n de encendido de la unidad principal.<\/p>\n<p>6. Operar de acuerdo con la descripci\u00f3n de la aplicaci\u00f3n.<\/p>\n<p>Tama\u00f1o del producto: 3,5 x 3,0 x 1,9 pulgadas (8,9 x 7,5 x 4.<\/p>\n<p>Peso: 2,5 onzas (72 g).<\/p>\n<p>Rendimiento resistente al agua: IPX6<\/p>\n<p>Tiempo de carga: hasta 180 minutos<\/p>\n<p>Tiempo de trabajo: hasta 90 minutos<\/p>\n<p>Accesorios: cable de carga USB, manual de instrucciones (el idioma ingl\u00e9s no est\u00e1 garantizado).<\/p>\n","protected":false},"excerpt":{"rendered":"<p>El vibrador port\u00e1til inteligente compacto Magic Umi puede ser controlado por la aplicaci\u00f3n Motor dual que vibra simult\u00e1neamente en el punto G y en el punto C Funciona con un solo rotor Adem\u00e1s, puedes disfrutar de varias funciones de la aplicaci\u00f3n, as\u00ed como del control remoto a trav\u00e9s de la conexi\u00f3n de tu smartphone. Establece&#8230;<\/p>\n","protected":false},"featured_media":4007,"comment_status":"open","ping_status":"closed","template":"","meta":{"_kad_post_transparent":"default","_kad_post_title":"","_kad_post_layout":"default","_kad_post_sidebar_id":"","_kad_post_content_style":"default","_kad_post_vertical_padding":"default","_kad_post_feature":"","_kad_post_feature_position":"","_kad_post_header":false,"_kad_post_footer":false,"_joinchat":[]},"product_brand":[],"product_cat":[31,24],"product_tag":[],"class_list":{"0":"post-4006","1":"product","2":"type-product","3":"status-publish","4":"has-post-thumbnail","6":"product_cat-jugueterecargable","7":"product_cat-juguetes-sexuales","9":"first","10":"outofstock","11":"shipping-taxable","12":"purchasable","13":"product-type-simple","14":"entry","15":"content-bg","16":"loop-entry"},"_links":{"self":[{"href":"https:\/\/lenceria69.com\/hn\/wp-json\/wp\/v2\/product\/4006","targetHints":{"allow":["GET"]}}],"collection":[{"href":"https:\/\/lenceria69.com\/hn\/wp-json\/wp\/v2\/product"}],"about":[{"href":"https:\/\/lenceria69.com\/hn\/wp-json\/wp\/v2\/types\/product"}],"replies":[{"embeddable":true,"href":"https:\/\/lenceria69.com\/hn\/wp-json\/wp\/v2\/comments?post=4006"}],"version-history":[{"count":1,"href":"https:\/\/lenceria69.com\/hn\/wp-json\/wp\/v2\/product\/4006\/revisions"}],"predecessor-version":[{"id":4602,"href":"https:\/\/lenceria69.com\/hn\/wp-json\/wp\/v2\/product\/4006\/revisions\/4602"}],"wp:featuredmedia":[{"embeddable":true,"href":"https:\/\/lenceria69.com\/hn\/wp-json\/wp\/v2\/media\/4007"}],"wp:attachment":[{"href":"https:\/\/lenceria69.com\/hn\/wp-json\/wp\/v2\/media?parent=4006"}],"wp:term":[{"taxonomy":"product_brand","embeddable":true,"href":"https:\/\/lenceria69.com\/hn\/wp-json\/wp\/v2\/product_brand?post=4006"},{"taxonomy":"product_cat","embeddable":true,"href":"https:\/\/lenceria69.com\/hn\/wp-json\/wp\/v2\/product_cat?post=4006"},{"taxonomy":"product_tag","embeddable":true,"href":"https:\/\/lenceria69.com\/hn\/wp-json\/wp\/v2\/product_tag?post=4006"}],"curies":[{"name":"wp","href":"https:\/\/api.w.org\/{rel}","templated":true}]}}