{"id":3992,"date":"2024-04-01T22:07:43","date_gmt":"2024-04-02T04:07:43","guid":{"rendered":"https:\/\/lenceria69.com\/hn\/?post_type=product&#038;p=3992"},"modified":"2025-06-04T14:49:20","modified_gmt":"2025-06-04T20:49:20","slug":"sh22","status":"publish","type":"product","link":"https:\/\/lenceria69.com\/hn\/producto\/sh22\/","title":{"rendered":"Shunga Warming Oil- Aceite Afrodisiaco para masajes (100ml)"},"content":{"rendered":"<p>Un delicioso aceite comestible de efecto calor, creado especialmente para estimular las zonas er\u00f3genas. Se activa con el c\u00e1lido aliento de suaves besos \u00edntimos.<\/p>\n<p>Caracter\u00edsticas<br \/>\nAdvertencia<br \/>\nSaborizado<br \/>\nComestible<br \/>\nSin parabenos<br \/>\nVegano<\/p>\n","protected":false},"excerpt":{"rendered":"<p>Un delicioso aceite comestible de efecto calor, creado especialmente para estimular las zonas er\u00f3genas. Se activa con el c\u00e1lido aliento de suaves besos \u00edntimos. Caracter\u00edsticas Advertencia Saborizado Comestible Sin parabenos Vegano<\/p>\n","protected":false},"featured_media":3996,"comment_status":"open","ping_status":"closed","template":"","meta":{"_kad_post_transparent":"default","_kad_post_title":"","_kad_post_layout":"default","_kad_post_sidebar_id":"","_kad_post_content_style":"default","_kad_post_vertical_padding":"default","_kad_post_feature":"","_kad_post_feature_position":"","_kad_post_header":false,"_kad_post_footer":false,"_joinchat":[]},"product_brand":[],"product_cat":[38,40],"product_tag":[],"class_list":{"0":"post-3992","1":"product","2":"type-product","3":"status-publish","4":"has-post-thumbnail","6":"product_cat-lubricantes","7":"product_cat-masajes","9":"first","10":"outofstock","11":"shipping-taxable","12":"product-type-variable","13":"has-default-attributes","14":"entry","15":"content-bg","16":"loop-entry"},"_links":{"self":[{"href":"https:\/\/lenceria69.com\/hn\/wp-json\/wp\/v2\/product\/3992","targetHints":{"allow":["GET"]}}],"collection":[{"href":"https:\/\/lenceria69.com\/hn\/wp-json\/wp\/v2\/product"}],"about":[{"href":"https:\/\/lenceria69.com\/hn\/wp-json\/wp\/v2\/types\/product"}],"replies":[{"embeddable":true,"href":"https:\/\/lenceria69.com\/hn\/wp-json\/wp\/v2\/comments?post=3992"}],"version-history":[{"count":2,"href":"https:\/\/lenceria69.com\/hn\/wp-json\/wp\/v2\/product\/3992\/revisions"}],"predecessor-version":[{"id":10413,"href":"https:\/\/lenceria69.com\/hn\/wp-json\/wp\/v2\/product\/3992\/revisions\/10413"}],"wp:featuredmedia":[{"embeddable":true,"href":"https:\/\/lenceria69.com\/hn\/wp-json\/wp\/v2\/media\/3996"}],"wp:attachment":[{"href":"https:\/\/lenceria69.com\/hn\/wp-json\/wp\/v2\/media?parent=3992"}],"wp:term":[{"taxonomy":"product_brand","embeddable":true,"href":"https:\/\/lenceria69.com\/hn\/wp-json\/wp\/v2\/product_brand?post=3992"},{"taxonomy":"product_cat","embeddable":true,"href":"https:\/\/lenceria69.com\/hn\/wp-json\/wp\/v2\/product_cat?post=3992"},{"taxonomy":"product_tag","embeddable":true,"href":"https:\/\/lenceria69.com\/hn\/wp-json\/wp\/v2\/product_tag?post=3992"}],"curies":[{"name":"wp","href":"https:\/\/api.w.org\/{rel}","templated":true}]}}