{"id":3986,"date":"2025-09-28T14:30:52","date_gmt":"2025-09-28T20:30:52","guid":{"rendered":"https:\/\/lenceria69.com\/hn\/?post_type=product&#038;p=3986"},"modified":"2026-03-31T14:53:11","modified_gmt":"2026-03-31T20:53:11","slug":"hp2648-d","status":"publish","type":"product","link":"https:\/\/lenceria69.com\/hn\/producto\/hp2648-d\/","title":{"rendered":"Lubricante para estrechamiento vaginal: Liquid Virgin Pillows"},"content":{"rendered":"<p>Liquid virgin estrechar\u00e1 tu vagina y sentir\u00e1s como tu primera vez nuevamente!! Es un lubricante vaginal que contrae las paredes de la vagina para crear una sensaci\u00f3n de presi\u00f3n d\u00e1ndote una mayor estimulaci\u00f3n y ayudarte a alcanzar el orgasmo.<\/p>\n<p>Caracter\u00edsticas<\/p>\n<p>Estrechante vaginal<br \/>\nF\u00f3rmula a base de agua<br \/>\nCompatible con el l\u00e1tex<\/p>\n<p>Modo de uso<br \/>\nAplica una peque\u00f1a cantidad en el interior en la vagina, d\u00e1ndote peque\u00f1os masajes aproximadamente 15 minutos antes de tener relaciones con tu pareja.<\/p>\n","protected":false},"excerpt":{"rendered":"<p>Este producto se vende en pack de 5 unidades.<br \/>\nCada tubo contiene 2ml de lubricante.<\/p>\n<p>HP2648-D<\/p>\n","protected":false},"featured_media":3987,"comment_status":"open","ping_status":"closed","template":"","meta":{"_kad_post_transparent":"default","_kad_post_title":"","_kad_post_layout":"default","_kad_post_sidebar_id":"","_kad_post_content_style":"default","_kad_post_vertical_padding":"default","_kad_post_feature":"","_kad_post_feature_position":"","_kad_post_header":false,"_kad_post_footer":false,"_joinchat":[]},"product_brand":[],"product_cat":[69,38],"product_tag":[178],"class_list":{"0":"post-3986","1":"product","2":"type-product","3":"status-publish","4":"has-post-thumbnail","6":"product_cat-lubeportables","7":"product_cat-lubricantes","8":"product_tag-pillow","10":"first","11":"instock","12":"shipping-taxable","13":"purchasable","14":"product-type-variable","15":"entry","16":"content-bg","17":"loop-entry"},"_links":{"self":[{"href":"https:\/\/lenceria69.com\/hn\/wp-json\/wp\/v2\/product\/3986","targetHints":{"allow":["GET"]}}],"collection":[{"href":"https:\/\/lenceria69.com\/hn\/wp-json\/wp\/v2\/product"}],"about":[{"href":"https:\/\/lenceria69.com\/hn\/wp-json\/wp\/v2\/types\/product"}],"replies":[{"embeddable":true,"href":"https:\/\/lenceria69.com\/hn\/wp-json\/wp\/v2\/comments?post=3986"}],"version-history":[{"count":5,"href":"https:\/\/lenceria69.com\/hn\/wp-json\/wp\/v2\/product\/3986\/revisions"}],"predecessor-version":[{"id":11095,"href":"https:\/\/lenceria69.com\/hn\/wp-json\/wp\/v2\/product\/3986\/revisions\/11095"}],"wp:featuredmedia":[{"embeddable":true,"href":"https:\/\/lenceria69.com\/hn\/wp-json\/wp\/v2\/media\/3987"}],"wp:attachment":[{"href":"https:\/\/lenceria69.com\/hn\/wp-json\/wp\/v2\/media?parent=3986"}],"wp:term":[{"taxonomy":"product_brand","embeddable":true,"href":"https:\/\/lenceria69.com\/hn\/wp-json\/wp\/v2\/product_brand?post=3986"},{"taxonomy":"product_cat","embeddable":true,"href":"https:\/\/lenceria69.com\/hn\/wp-json\/wp\/v2\/product_cat?post=3986"},{"taxonomy":"product_tag","embeddable":true,"href":"https:\/\/lenceria69.com\/hn\/wp-json\/wp\/v2\/product_tag?post=3986"}],"curies":[{"name":"wp","href":"https:\/\/api.w.org\/{rel}","templated":true}]}}