{"id":3981,"date":"2026-02-19T22:00:45","date_gmt":"2026-02-20T04:00:45","guid":{"rendered":"https:\/\/lenceria69.com\/hn\/?post_type=product&#038;p=3981"},"modified":"2026-04-01T10:05:58","modified_gmt":"2026-04-01T16:05:58","slug":"d5205-03bu","status":"publish","type":"product","link":"https:\/\/lenceria69.com\/hn\/producto\/d5205-03bu\/","title":{"rendered":"Lubricante a Base de Agua: Squeeze Tingling Lube"},"content":{"rendered":"<p>Para una deliciosa sensaci\u00f3n de fresco hormigueo, prueba este lubricante especial a base de agua. La boquilla de precisi\u00f3n est\u00e1 especialmente dise\u00f1ada para lubricar el interior de tu masturbador Main Squeeze y es perfecto para la aplicaci\u00f3n localizada de lubricantes en el cuerpo y en cualquier otra zona.<\/p>\n<p>Este lubricante seguro para el cuerpo est\u00e1 formulado sin parabenos ni colorantes, y produce un suave hormigueo y frescor al contacto con la piel.<\/p>\n<p>Caracter\u00edsticas<br \/>\n&#8211; La boquilla de precisi\u00f3n se adapta al interior de Main Squeeze y facilita la aplicaci\u00f3n localizada.<br \/>\n&#8211; Hormigueo al contacto para una mayor excitaci\u00f3n.<br \/>\n&#8211; Aumenta el placer y reduce la fricci\u00f3n.<br \/>\n&#8211; Acondiciona e hidrata la piel.<br \/>\n&#8211; Hecho con orgullo en Estados Unidos.<\/p>\n","protected":false},"excerpt":{"rendered":"<p>Para una deliciosa sensaci\u00f3n de fresco hormigueo, prueba este lubricante especial a base de agua. La boquilla de precisi\u00f3n est\u00e1 especialmente dise\u00f1ada para lubricar el interior de tu masturbador Main Squeeze y es perfecto para la aplicaci\u00f3n localizada de lubricantes en el cuerpo y en cualquier otra zona. Este lubricante seguro para el cuerpo est\u00e1&#8230;<\/p>\n","protected":false},"featured_media":3982,"comment_status":"open","ping_status":"closed","template":"","meta":{"_kad_post_transparent":"default","_kad_post_title":"","_kad_post_layout":"default","_kad_post_sidebar_id":"","_kad_post_content_style":"default","_kad_post_vertical_padding":"default","_kad_post_feature":"","_kad_post_feature_position":"","_kad_post_header":false,"_kad_post_footer":false,"_kad_post_classname":"","_joinchat":[]},"product_brand":[],"product_cat":[38,42],"product_tag":[],"class_list":{"0":"post-3981","1":"product","2":"type-product","3":"status-publish","4":"has-post-thumbnail","6":"product_cat-lubricantes","7":"product_cat-vaginales","9":"first","10":"instock","11":"shipping-taxable","12":"purchasable","13":"product-type-variable","14":"has-default-attributes","15":"entry","16":"content-bg","17":"loop-entry"},"_links":{"self":[{"href":"https:\/\/lenceria69.com\/hn\/wp-json\/wp\/v2\/product\/3981","targetHints":{"allow":["GET"]}}],"collection":[{"href":"https:\/\/lenceria69.com\/hn\/wp-json\/wp\/v2\/product"}],"about":[{"href":"https:\/\/lenceria69.com\/hn\/wp-json\/wp\/v2\/types\/product"}],"replies":[{"embeddable":true,"href":"https:\/\/lenceria69.com\/hn\/wp-json\/wp\/v2\/comments?post=3981"}],"version-history":[{"count":3,"href":"https:\/\/lenceria69.com\/hn\/wp-json\/wp\/v2\/product\/3981\/revisions"}],"predecessor-version":[{"id":13600,"href":"https:\/\/lenceria69.com\/hn\/wp-json\/wp\/v2\/product\/3981\/revisions\/13600"}],"wp:featuredmedia":[{"embeddable":true,"href":"https:\/\/lenceria69.com\/hn\/wp-json\/wp\/v2\/media\/3982"}],"wp:attachment":[{"href":"https:\/\/lenceria69.com\/hn\/wp-json\/wp\/v2\/media?parent=3981"}],"wp:term":[{"taxonomy":"product_brand","embeddable":true,"href":"https:\/\/lenceria69.com\/hn\/wp-json\/wp\/v2\/product_brand?post=3981"},{"taxonomy":"product_cat","embeddable":true,"href":"https:\/\/lenceria69.com\/hn\/wp-json\/wp\/v2\/product_cat?post=3981"},{"taxonomy":"product_tag","embeddable":true,"href":"https:\/\/lenceria69.com\/hn\/wp-json\/wp\/v2\/product_tag?post=3981"}],"curies":[{"name":"wp","href":"https:\/\/api.w.org\/{rel}","templated":true}]}}