{"id":386,"date":"2026-04-19T15:00:58","date_gmt":"2026-04-19T21:00:58","guid":{"rendered":"http:\/\/lenceria69.com\/hn\/?post_type=product&#038;p=386"},"modified":"2026-04-19T17:57:43","modified_gmt":"2026-04-19T23:57:43","slug":"bs12-1","status":"publish","type":"product","link":"https:\/\/lenceria69.com\/hn\/producto\/bs12-1\/","title":{"rendered":"Potenciador Masculino: XploZion Pill 2U"},"content":{"rendered":"<p>Pastillas aumentan el orgasmo masculino aumentando la eyaculaci\u00f3n del semen y libido sexual.<\/p>\n<p>Est\u00e1 dise\u00f1ado para tratar la disfunci\u00f3n eyaculatoria. Este trastorno sexual masculino es com\u00fanmente causado por altos niveles de estr\u00e9s u otros problemas psicol\u00f3gicos.<br \/>\nEl producto de mejora masculina es un suplemento diet\u00e9tico que se clasifica como un potenciador del volumen de la eyaculaci\u00f3n.Ayuda al usuario a tener cargas de semen m\u00e1s grandes (en volumen) y m\u00e1s saludables que pueden llevar a orgasmos m\u00e1s intensos, m\u00e1s largos y m\u00e1s satisfactorios.<\/p>\n<p>\u00bfC\u00f3mo funciona XploZion?<\/p>\n<p>Cuando se toma como un suplemento diario, la f\u00f3rmula funciona para proporcionar nutrientes importantes para mejorar la calidad y la cantidad de eyaculaci\u00f3n.\u00a0La f\u00f3rmula es una combinaci\u00f3n de antioxidantes, vasodilatadores y agentes de apoyo a la salud reproductiva.\u00a0Ayuda a mejorar la salud sexual masculina y tambi\u00e9n ayuda a mejorar el rendimiento y la satisfacci\u00f3n sexual.\u00a0El resultado directo es un sistema reproductivo m\u00e1s saludable que produce mayor calidad y volumen de semen.<\/p>\n<p>\u00bfCu\u00e1les son las ventajas de XploZion?<br \/>\nLa formulaci\u00f3n es segura compuesta de\u00a0extractos naturales\u00a0y sustancias naturales.<br \/>\nContiene\u00a0importantes vitaminas para la salud sexual masculina.<br \/>\nContiene zinc, que es importante para niveles saludables de testosterona en hombres<br \/>\nSe ofrece con\u00a0garant\u00eda de devoluci\u00f3n.<br \/>\nEs un popular producto de mejora masculina que ha estado disponible durante mucho tiempo.<\/p>\n","protected":false},"excerpt":{"rendered":"<p>BS12-1<\/p>\n","protected":false},"featured_media":387,"comment_status":"open","ping_status":"closed","template":"","meta":{"_kad_post_transparent":"default","_kad_post_title":"","_kad_post_layout":"default","_kad_post_sidebar_id":"","_kad_post_content_style":"default","_kad_post_vertical_padding":"default","_kad_post_feature":"","_kad_post_feature_position":"","_kad_post_header":false,"_kad_post_footer":false,"_joinchat":[]},"product_brand":[],"product_cat":[22],"product_tag":[],"class_list":{"0":"post-386","1":"product","2":"type-product","3":"status-publish","4":"has-post-thumbnail","6":"product_cat-suplementos","8":"first","9":"instock","10":"shipping-taxable","11":"purchasable","12":"product-type-simple","13":"entry","14":"content-bg","15":"loop-entry"},"_links":{"self":[{"href":"https:\/\/lenceria69.com\/hn\/wp-json\/wp\/v2\/product\/386","targetHints":{"allow":["GET"]}}],"collection":[{"href":"https:\/\/lenceria69.com\/hn\/wp-json\/wp\/v2\/product"}],"about":[{"href":"https:\/\/lenceria69.com\/hn\/wp-json\/wp\/v2\/types\/product"}],"replies":[{"embeddable":true,"href":"https:\/\/lenceria69.com\/hn\/wp-json\/wp\/v2\/comments?post=386"}],"version-history":[{"count":5,"href":"https:\/\/lenceria69.com\/hn\/wp-json\/wp\/v2\/product\/386\/revisions"}],"predecessor-version":[{"id":14063,"href":"https:\/\/lenceria69.com\/hn\/wp-json\/wp\/v2\/product\/386\/revisions\/14063"}],"wp:featuredmedia":[{"embeddable":true,"href":"https:\/\/lenceria69.com\/hn\/wp-json\/wp\/v2\/media\/387"}],"wp:attachment":[{"href":"https:\/\/lenceria69.com\/hn\/wp-json\/wp\/v2\/media?parent=386"}],"wp:term":[{"taxonomy":"product_brand","embeddable":true,"href":"https:\/\/lenceria69.com\/hn\/wp-json\/wp\/v2\/product_brand?post=386"},{"taxonomy":"product_cat","embeddable":true,"href":"https:\/\/lenceria69.com\/hn\/wp-json\/wp\/v2\/product_cat?post=386"},{"taxonomy":"product_tag","embeddable":true,"href":"https:\/\/lenceria69.com\/hn\/wp-json\/wp\/v2\/product_tag?post=386"}],"curies":[{"name":"wp","href":"https:\/\/api.w.org\/{rel}","templated":true}]}}