{"id":376,"date":"2023-03-29T10:58:37","date_gmt":"2023-03-29T16:58:37","guid":{"rendered":"http:\/\/lenceria69.com\/hn\/?post_type=product&#038;p=376"},"modified":"2024-08-19T15:14:16","modified_gmt":"2024-08-19T21:14:16","slug":"hornyhoney","status":"publish","type":"product","link":"https:\/\/lenceria69.com\/hn\/producto\/hornyhoney\/","title":{"rendered":"Horny Honey Ampollas &#8211; Estimulador Genital Honey"},"content":{"rendered":"<p>\u00bfQuieres poner tu Miel Cachonda? \u00a1Nuestra crema de excitaci\u00f3n \u00abHORNY HONEY\u00bb seguramente calentar\u00e1 a tu amante! \u00a1Nuestra f\u00f3rmula \u00abespecialmente patentada\u00bb est\u00e1 dise\u00f1ada para estimular tanto a hombres como a mujeres al concentrar el flujo sangu\u00edneo en el \u00e1rea genital! \u00a1Esta crema tentadora suave y sedosa despertar\u00e1 a tu pareja a nuevas alturas que la har\u00e1n \u00absuplicar\u00bb por m\u00e1s!<\/p>\n<p>Horny Honey tiene una mezcla formulada especial de ingredientes que ayuda a estimular la libido tanto en hombres como en mujeres al aumentar el flujo sangu\u00edneo a los \u00f3rganos sexuales. Ambos socios experimentar\u00e1n orgasmos m\u00e1s poderosos con mayores sensaciones en el cl\u00edtoris, \u00a1as\u00ed como erecciones m\u00e1s duraderas y firmes para los hombres!<\/p>\n<p>Estas declaraciones no han sido evaluadas por la Administraci\u00f3n de Alimentos y Medicamentos. Este producto no est\u00e1 destinado a diagnosticar, tratar, curar o prevenir ninguna enfermedad.<\/p>\n<p style=\"text-align: center;\"><strong>Advertencia: \u00a1Puede causar gritos de \u00e9xtasis!<\/strong><\/p>\n<p>Direcciones:<br \/>\n&#8211; Aplicar una cantidad moderada en la punta del dedo.<br \/>\n&#8211; Frote la crema Horny Honey sobre el cl\u00edtoris o el tejido del pene.<br \/>\n&#8211; Contin\u00fae masajeando suavemente el cl\u00edtoris o el pene hasta lograr el efecto deseado; se puede aplicar m\u00e1s gel para aumentar la sensaci\u00f3n.<br \/>\n&#8211; Suspenda si se produce irritaci\u00f3n o malestar.<\/p>\n","protected":false},"excerpt":{"rendered":"<p>\u00bfQuieres poner tu Miel Cachonda? \u00a1Nuestra crema de excitaci\u00f3n \u00abHORNY HONEY\u00bb seguramente calentar\u00e1 a tu amante! \u00a1Nuestra f\u00f3rmula \u00abespecialmente patentada\u00bb est\u00e1 dise\u00f1ada para estimular tanto a hombres como a mujeres al concentrar el flujo sangu\u00edneo en el \u00e1rea genital! \u00a1Esta crema tentadora suave y sedosa despertar\u00e1 a tu pareja a nuevas alturas que la har\u00e1n&#8230;<\/p>\n","protected":false},"featured_media":377,"comment_status":"open","ping_status":"closed","template":"","meta":{"_kad_post_transparent":"default","_kad_post_title":"","_kad_post_layout":"default","_kad_post_sidebar_id":"","_kad_post_content_style":"default","_kad_post_vertical_padding":"default","_kad_post_feature":"","_kad_post_feature_position":"","_kad_post_header":false,"_kad_post_footer":false,"_joinchat":[]},"product_brand":[],"product_cat":[22],"product_tag":[],"class_list":{"0":"post-376","1":"product","2":"type-product","3":"status-publish","4":"has-post-thumbnail","6":"product_cat-suplementos","8":"first","9":"outofstock","10":"shipping-taxable","11":"product-type-variable","12":"entry","13":"content-bg","14":"loop-entry"},"_links":{"self":[{"href":"https:\/\/lenceria69.com\/hn\/wp-json\/wp\/v2\/product\/376","targetHints":{"allow":["GET"]}}],"collection":[{"href":"https:\/\/lenceria69.com\/hn\/wp-json\/wp\/v2\/product"}],"about":[{"href":"https:\/\/lenceria69.com\/hn\/wp-json\/wp\/v2\/types\/product"}],"replies":[{"embeddable":true,"href":"https:\/\/lenceria69.com\/hn\/wp-json\/wp\/v2\/comments?post=376"}],"version-history":[{"count":1,"href":"https:\/\/lenceria69.com\/hn\/wp-json\/wp\/v2\/product\/376\/revisions"}],"predecessor-version":[{"id":5810,"href":"https:\/\/lenceria69.com\/hn\/wp-json\/wp\/v2\/product\/376\/revisions\/5810"}],"wp:featuredmedia":[{"embeddable":true,"href":"https:\/\/lenceria69.com\/hn\/wp-json\/wp\/v2\/media\/377"}],"wp:attachment":[{"href":"https:\/\/lenceria69.com\/hn\/wp-json\/wp\/v2\/media?parent=376"}],"wp:term":[{"taxonomy":"product_brand","embeddable":true,"href":"https:\/\/lenceria69.com\/hn\/wp-json\/wp\/v2\/product_brand?post=376"},{"taxonomy":"product_cat","embeddable":true,"href":"https:\/\/lenceria69.com\/hn\/wp-json\/wp\/v2\/product_cat?post=376"},{"taxonomy":"product_tag","embeddable":true,"href":"https:\/\/lenceria69.com\/hn\/wp-json\/wp\/v2\/product_tag?post=376"}],"curies":[{"name":"wp","href":"https:\/\/api.w.org\/{rel}","templated":true}]}}