{"id":3753,"date":"2024-02-05T10:56:06","date_gmt":"2024-02-05T16:56:06","guid":{"rendered":"http:\/\/lenceria69.com\/hn\/?post_type=product&#038;p=3753"},"modified":"2024-08-18T14:50:38","modified_gmt":"2024-08-18T20:50:38","slug":"satisfyerpro2","status":"publish","type":"product","link":"https:\/\/lenceria69.com\/hn\/producto\/satisfyerpro2\/","title":{"rendered":"Satisfyer Pro 2 &#8211; Masturbador con funcion de Succion"},"content":{"rendered":"<p>Tu cl\u00edtoris se inundar\u00e1 de placer como nunca antes, \u00a1El Satisfyer Pro 2 Generaci\u00f3n 3 ya est\u00e1 aqu\u00ed! Con la innovadora tecnolog\u00eda Liquid Air, la \u00faltima generaci\u00f3n de este Satisfyer cl\u00e1sico imita la sensual oleada del agua pulsante.<\/p>\n<p>Caracter\u00edsticas:<br \/>\n&#8211; Hecho de silicona<br \/>\n&#8211; Tecnolog\u00eda de aire l\u00edquido<br \/>\n&#8211; Modo susurro<br \/>\n&#8211; USB recargable<\/p>\n<p>Dentro de la caja<br \/>\n&#8211; Vibrador<br \/>\n&#8211; Cable de carga USB<\/p>\n","protected":false},"excerpt":{"rendered":"<p>Tu cl\u00edtoris se inundar\u00e1 de placer como nunca antes, \u00a1El Satisfyer Pro 2 Generaci\u00f3n 3 ya est\u00e1 aqu\u00ed! Con la innovadora tecnolog\u00eda Liquid Air, la \u00faltima generaci\u00f3n de este Satisfyer cl\u00e1sico imita la sensual oleada del agua pulsante. Caracter\u00edsticas: &#8211; Hecho de silicona &#8211; Tecnolog\u00eda de aire l\u00edquido &#8211; Modo susurro &#8211; USB recargable Dentro&#8230;<\/p>\n","protected":false},"featured_media":1000002014,"comment_status":"open","ping_status":"closed","template":"","meta":{"_kad_post_transparent":"default","_kad_post_title":"","_kad_post_layout":"default","_kad_post_sidebar_id":"","_kad_post_content_style":"default","_kad_post_vertical_padding":"default","_kad_post_feature":"","_kad_post_feature_position":"","_kad_post_header":false,"_kad_post_footer":false,"_joinchat":[]},"product_brand":[],"product_cat":[31,24],"product_tag":[],"class_list":{"0":"post-3753","1":"product","2":"type-product","3":"status-publish","4":"has-post-thumbnail","6":"product_cat-jugueterecargable","7":"product_cat-juguetes-sexuales","9":"first","10":"outofstock","11":"sale","12":"shipping-taxable","13":"purchasable","14":"product-type-simple","15":"entry","16":"content-bg","17":"loop-entry"},"_links":{"self":[{"href":"https:\/\/lenceria69.com\/hn\/wp-json\/wp\/v2\/product\/3753","targetHints":{"allow":["GET"]}}],"collection":[{"href":"https:\/\/lenceria69.com\/hn\/wp-json\/wp\/v2\/product"}],"about":[{"href":"https:\/\/lenceria69.com\/hn\/wp-json\/wp\/v2\/types\/product"}],"replies":[{"embeddable":true,"href":"https:\/\/lenceria69.com\/hn\/wp-json\/wp\/v2\/comments?post=3753"}],"version-history":[{"count":1,"href":"https:\/\/lenceria69.com\/hn\/wp-json\/wp\/v2\/product\/3753\/revisions"}],"predecessor-version":[{"id":4789,"href":"https:\/\/lenceria69.com\/hn\/wp-json\/wp\/v2\/product\/3753\/revisions\/4789"}],"wp:featuredmedia":[{"embeddable":true,"href":"https:\/\/lenceria69.com\/hn\/wp-json\/"}],"wp:attachment":[{"href":"https:\/\/lenceria69.com\/hn\/wp-json\/wp\/v2\/media?parent=3753"}],"wp:term":[{"taxonomy":"product_brand","embeddable":true,"href":"https:\/\/lenceria69.com\/hn\/wp-json\/wp\/v2\/product_brand?post=3753"},{"taxonomy":"product_cat","embeddable":true,"href":"https:\/\/lenceria69.com\/hn\/wp-json\/wp\/v2\/product_cat?post=3753"},{"taxonomy":"product_tag","embeddable":true,"href":"https:\/\/lenceria69.com\/hn\/wp-json\/wp\/v2\/product_tag?post=3753"}],"curies":[{"name":"wp","href":"https:\/\/api.w.org\/{rel}","templated":true}]}}