{"id":3750,"date":"2024-02-05T10:43:02","date_gmt":"2024-02-05T16:43:02","guid":{"rendered":"http:\/\/lenceria69.com\/hn\/?post_type=product&#038;p=3750"},"modified":"2025-02-27T11:49:20","modified_gmt":"2025-02-27T17:49:20","slug":"playboypleasurepetal","status":"publish","type":"product","link":"https:\/\/lenceria69.com\/hn\/producto\/playboypleasurepetal\/","title":{"rendered":"Playboy Pleasure Petal &#8211; Vibrador en forma de Rosa"},"content":{"rendered":"<p>Una rosa tan hermosa que tendr\u00e1s que sentirla para creerla. Petal es un vibrador \u00fanico hecho de silicona suave y aterciopelada que ofrece la mejor combinaci\u00f3n de vibraciones intensas y estimulaci\u00f3n precisa con su lengua.<\/p>\n<p>Coloque la cabeza de la rosa donde m\u00e1s desee sentirla y explore sus 9 velocidades y patrones, o sienta la floraci\u00f3n de la sensaci\u00f3n del tallo vibrante.<\/p>\n<p>Caracter\u00edsticas:<br \/>\n&#8211; Hecho de silicona<br \/>\n&#8211; 9 modos de vibraci\u00f3n<br \/>\n&#8211; Lengua parpadeante<\/p>\n","protected":false},"excerpt":{"rendered":"<p>Una rosa tan hermosa que tendr\u00e1s que sentirla para creerla. Petal es un vibrador \u00fanico hecho de silicona suave y aterciopelada que ofrece la mejor combinaci\u00f3n de vibraciones intensas y estimulaci\u00f3n precisa con su lengua. Coloque la cabeza de la rosa donde m\u00e1s desee sentirla y explore sus 9 velocidades y patrones, o sienta la&#8230;<\/p>\n","protected":false},"featured_media":1000002008,"comment_status":"open","ping_status":"closed","template":"","meta":{"_kad_post_transparent":"default","_kad_post_title":"","_kad_post_layout":"default","_kad_post_sidebar_id":"","_kad_post_content_style":"default","_kad_post_vertical_padding":"default","_kad_post_feature":"","_kad_post_feature_position":"","_kad_post_header":false,"_kad_post_footer":false,"_joinchat":[]},"product_brand":[],"product_cat":[31,24],"product_tag":[],"class_list":{"0":"post-3750","1":"product","2":"type-product","3":"status-publish","4":"has-post-thumbnail","6":"product_cat-jugueterecargable","7":"product_cat-juguetes-sexuales","9":"first","10":"outofstock","11":"shipping-taxable","12":"product-type-variable","13":"entry","14":"content-bg","15":"loop-entry"},"_links":{"self":[{"href":"https:\/\/lenceria69.com\/hn\/wp-json\/wp\/v2\/product\/3750","targetHints":{"allow":["GET"]}}],"collection":[{"href":"https:\/\/lenceria69.com\/hn\/wp-json\/wp\/v2\/product"}],"about":[{"href":"https:\/\/lenceria69.com\/hn\/wp-json\/wp\/v2\/types\/product"}],"replies":[{"embeddable":true,"href":"https:\/\/lenceria69.com\/hn\/wp-json\/wp\/v2\/comments?post=3750"}],"version-history":[{"count":1,"href":"https:\/\/lenceria69.com\/hn\/wp-json\/wp\/v2\/product\/3750\/revisions"}],"predecessor-version":[{"id":6449,"href":"https:\/\/lenceria69.com\/hn\/wp-json\/wp\/v2\/product\/3750\/revisions\/6449"}],"wp:featuredmedia":[{"embeddable":true,"href":"https:\/\/lenceria69.com\/hn\/wp-json\/"}],"wp:attachment":[{"href":"https:\/\/lenceria69.com\/hn\/wp-json\/wp\/v2\/media?parent=3750"}],"wp:term":[{"taxonomy":"product_brand","embeddable":true,"href":"https:\/\/lenceria69.com\/hn\/wp-json\/wp\/v2\/product_brand?post=3750"},{"taxonomy":"product_cat","embeddable":true,"href":"https:\/\/lenceria69.com\/hn\/wp-json\/wp\/v2\/product_cat?post=3750"},{"taxonomy":"product_tag","embeddable":true,"href":"https:\/\/lenceria69.com\/hn\/wp-json\/wp\/v2\/product_tag?post=3750"}],"curies":[{"name":"wp","href":"https:\/\/api.w.org\/{rel}","templated":true}]}}