{"id":3747,"date":"2024-02-05T10:28:03","date_gmt":"2024-02-05T16:28:03","guid":{"rendered":"http:\/\/lenceria69.com\/hn\/?post_type=product&#038;p=3747"},"modified":"2024-08-18T14:52:12","modified_gmt":"2024-08-18T20:52:12","slug":"lelosona2travel","status":"publish","type":"product","link":"https:\/\/lenceria69.com\/hn\/producto\/lelosona2travel\/","title":{"rendered":"Lelo Sona 2 &#8211; Masturbador de Clitoris"},"content":{"rendered":"<p>SONA 2 Travel es la versi\u00f3n peque\u00f1a de nuestro \u00e9xito de ventas SONA 2, desarrollado para mejorar la experiencia \u00edntima del usuario con su dise\u00f1o elegante, discreto y compacto. Utiliza la tecnolog\u00eda SenSonic exclusiva de LELO para ofrecer una potente estimulaci\u00f3n de ondas s\u00f3nicas al cl\u00edtoris para una satisfacci\u00f3n alucinante. SONA 2 Travel, con solo 3,4 pulgadas de largo, es el compa\u00f1ero perfecto para quienes buscan placer en sus numerosos viajes, ya que permite un f\u00e1cil acceso a los orgasmos en todo momento.<\/p>\n<p>Caracter\u00edsticas:<br \/>\n&#8211; Hecho de ABS y silicona<br \/>\n&#8211; 12 configuraciones de vibraci\u00f3n<br \/>\n&#8211; USB recargable<br \/>\n&#8211; Impermeable<\/p>\n<p>DENTRO DE LA CAJA<br \/>\n&#8211; Sona 2<br \/>\n&#8211; Cable de carga USB<br \/>\n&#8211; Bolsa de almacenamiento<\/p>\n","protected":false},"excerpt":{"rendered":"<p>SONA 2 Travel es la versi\u00f3n peque\u00f1a de nuestro \u00e9xito de ventas SONA 2, desarrollado para mejorar la experiencia \u00edntima del usuario con su dise\u00f1o elegante, discreto y compacto. Utiliza la tecnolog\u00eda SenSonic exclusiva de LELO para ofrecer una potente estimulaci\u00f3n de ondas s\u00f3nicas al cl\u00edtoris para una satisfacci\u00f3n alucinante. SONA 2 Travel, con solo&#8230;<\/p>\n","protected":false},"featured_media":1000002000,"comment_status":"open","ping_status":"closed","template":"","meta":{"_kad_post_transparent":"default","_kad_post_title":"","_kad_post_layout":"default","_kad_post_sidebar_id":"","_kad_post_content_style":"default","_kad_post_vertical_padding":"default","_kad_post_feature":"","_kad_post_feature_position":"","_kad_post_header":false,"_kad_post_footer":false,"_kad_post_classname":"","_joinchat":[]},"product_brand":[],"product_cat":[31,24],"product_tag":[],"class_list":{"0":"post-3747","1":"product","2":"type-product","3":"status-publish","4":"has-post-thumbnail","6":"product_cat-jugueterecargable","7":"product_cat-juguetes-sexuales","9":"first","10":"outofstock","11":"shipping-taxable","12":"purchasable","13":"product-type-simple","14":"entry","15":"content-bg","16":"loop-entry"},"_links":{"self":[{"href":"https:\/\/lenceria69.com\/hn\/wp-json\/wp\/v2\/product\/3747","targetHints":{"allow":["GET"]}}],"collection":[{"href":"https:\/\/lenceria69.com\/hn\/wp-json\/wp\/v2\/product"}],"about":[{"href":"https:\/\/lenceria69.com\/hn\/wp-json\/wp\/v2\/types\/product"}],"replies":[{"embeddable":true,"href":"https:\/\/lenceria69.com\/hn\/wp-json\/wp\/v2\/comments?post=3747"}],"version-history":[{"count":1,"href":"https:\/\/lenceria69.com\/hn\/wp-json\/wp\/v2\/product\/3747\/revisions"}],"predecessor-version":[{"id":4190,"href":"https:\/\/lenceria69.com\/hn\/wp-json\/wp\/v2\/product\/3747\/revisions\/4190"}],"wp:featuredmedia":[{"embeddable":true,"href":"https:\/\/lenceria69.com\/hn\/wp-json\/"}],"wp:attachment":[{"href":"https:\/\/lenceria69.com\/hn\/wp-json\/wp\/v2\/media?parent=3747"}],"wp:term":[{"taxonomy":"product_brand","embeddable":true,"href":"https:\/\/lenceria69.com\/hn\/wp-json\/wp\/v2\/product_brand?post=3747"},{"taxonomy":"product_cat","embeddable":true,"href":"https:\/\/lenceria69.com\/hn\/wp-json\/wp\/v2\/product_cat?post=3747"},{"taxonomy":"product_tag","embeddable":true,"href":"https:\/\/lenceria69.com\/hn\/wp-json\/wp\/v2\/product_tag?post=3747"}],"curies":[{"name":"wp","href":"https:\/\/api.w.org\/{rel}","templated":true}]}}