{"id":3746,"date":"2024-02-05T10:24:17","date_gmt":"2024-02-05T16:24:17","guid":{"rendered":"http:\/\/lenceria69.com\/hn\/?post_type=product&#038;p=3746"},"modified":"2024-11-07T10:38:28","modified_gmt":"2024-11-07T16:38:28","slug":"niagragummypack","status":"publish","type":"product","link":"https:\/\/lenceria69.com\/hn\/producto\/niagragummypack\/","title":{"rendered":"Niagra Gummy Pack &#8211; Potenciador Femenino en Gomitas"},"content":{"rendered":"<p>Aumenta la libido y el deseo sexual. \u00a1Dale un impulso incre\u00edble a tu lubricaci\u00f3n natural!<\/p>\n<p>Caracter\u00edsticas:<br \/>\n&#8211; Aumentar la libido<br \/>\n&#8211; Aumentar el deseo sexual<br \/>\n&#8211; Aumenta la lubricaci\u00f3n<\/p>\n","protected":false},"excerpt":{"rendered":"<p>Aumenta la libido y el deseo sexual. \u00a1Dale un impulso incre\u00edble a tu lubricaci\u00f3n natural! Caracter\u00edsticas: &#8211; Aumentar la libido &#8211; Aumentar el deseo sexual &#8211; Aumenta la lubricaci\u00f3n<\/p>\n","protected":false},"featured_media":1000001996,"comment_status":"open","ping_status":"closed","template":"","meta":{"_kad_post_transparent":"default","_kad_post_title":"","_kad_post_layout":"default","_kad_post_sidebar_id":"","_kad_post_content_style":"default","_kad_post_vertical_padding":"default","_kad_post_feature":"","_kad_post_feature_position":"","_kad_post_header":false,"_kad_post_footer":false,"_joinchat":[]},"product_brand":[],"product_cat":[22],"product_tag":[],"class_list":{"0":"post-3746","1":"product","2":"type-product","3":"status-publish","4":"has-post-thumbnail","6":"product_cat-suplementos","8":"first","9":"outofstock","10":"shipping-taxable","11":"product-type-variable","12":"has-default-attributes","13":"entry","14":"content-bg","15":"loop-entry"},"_links":{"self":[{"href":"https:\/\/lenceria69.com\/hn\/wp-json\/wp\/v2\/product\/3746","targetHints":{"allow":["GET"]}}],"collection":[{"href":"https:\/\/lenceria69.com\/hn\/wp-json\/wp\/v2\/product"}],"about":[{"href":"https:\/\/lenceria69.com\/hn\/wp-json\/wp\/v2\/types\/product"}],"replies":[{"embeddable":true,"href":"https:\/\/lenceria69.com\/hn\/wp-json\/wp\/v2\/comments?post=3746"}],"version-history":[{"count":1,"href":"https:\/\/lenceria69.com\/hn\/wp-json\/wp\/v2\/product\/3746\/revisions"}],"predecessor-version":[{"id":4596,"href":"https:\/\/lenceria69.com\/hn\/wp-json\/wp\/v2\/product\/3746\/revisions\/4596"}],"wp:featuredmedia":[{"embeddable":true,"href":"https:\/\/lenceria69.com\/hn\/wp-json\/"}],"wp:attachment":[{"href":"https:\/\/lenceria69.com\/hn\/wp-json\/wp\/v2\/media?parent=3746"}],"wp:term":[{"taxonomy":"product_brand","embeddable":true,"href":"https:\/\/lenceria69.com\/hn\/wp-json\/wp\/v2\/product_brand?post=3746"},{"taxonomy":"product_cat","embeddable":true,"href":"https:\/\/lenceria69.com\/hn\/wp-json\/wp\/v2\/product_cat?post=3746"},{"taxonomy":"product_tag","embeddable":true,"href":"https:\/\/lenceria69.com\/hn\/wp-json\/wp\/v2\/product_tag?post=3746"}],"curies":[{"name":"wp","href":"https:\/\/api.w.org\/{rel}","templated":true}]}}