{"id":3745,"date":"2024-02-05T10:19:13","date_gmt":"2024-02-05T16:19:13","guid":{"rendered":"http:\/\/lenceria69.com\/hn\/?post_type=product&#038;p=3745"},"modified":"2024-08-19T14:53:52","modified_gmt":"2024-08-19T20:53:52","slug":"niagraliquidshot","status":"publish","type":"product","link":"https:\/\/lenceria69.com\/hn\/producto\/niagraliquidshot\/","title":{"rendered":"Niagra Liquid Shot &#8211; Potenciador Sexual Femenino"},"content":{"rendered":"<p>Sea la reina del dormitorio con Niagra, un potenciador sexual de acci\u00f3n r\u00e1pida sin efectos secundarios no deseados.<\/p>\n<p>Caracter\u00edsticas:<br \/>\n&#8211; De larga duraci\u00f3n<br \/>\n&#8211; Orgasmos poderosos<br \/>\n&#8211; Aumenta el deseo<br \/>\n&#8211; Aumenta la lubricaci\u00f3n<\/p>\n","protected":false},"excerpt":{"rendered":"<p>Sea la reina del dormitorio con Niagra, un potenciador sexual de acci\u00f3n r\u00e1pida sin efectos secundarios no deseados. Caracter\u00edsticas: &#8211; De larga duraci\u00f3n &#8211; Orgasmos poderosos &#8211; Aumenta el deseo &#8211; Aumenta la lubricaci\u00f3n<\/p>\n","protected":false},"featured_media":1000001995,"comment_status":"open","ping_status":"closed","template":"","meta":{"_kad_post_transparent":"default","_kad_post_title":"","_kad_post_layout":"default","_kad_post_sidebar_id":"","_kad_post_content_style":"default","_kad_post_vertical_padding":"default","_kad_post_feature":"","_kad_post_feature_position":"","_kad_post_header":false,"_kad_post_footer":false,"_joinchat":[]},"product_brand":[],"product_cat":[22],"product_tag":[],"class_list":{"0":"post-3745","1":"product","2":"type-product","3":"status-publish","4":"has-post-thumbnail","6":"product_cat-suplementos","8":"first","9":"outofstock","10":"shipping-taxable","11":"product-type-variable","12":"entry","13":"content-bg","14":"loop-entry"},"_links":{"self":[{"href":"https:\/\/lenceria69.com\/hn\/wp-json\/wp\/v2\/product\/3745","targetHints":{"allow":["GET"]}}],"collection":[{"href":"https:\/\/lenceria69.com\/hn\/wp-json\/wp\/v2\/product"}],"about":[{"href":"https:\/\/lenceria69.com\/hn\/wp-json\/wp\/v2\/types\/product"}],"replies":[{"embeddable":true,"href":"https:\/\/lenceria69.com\/hn\/wp-json\/wp\/v2\/comments?post=3745"}],"version-history":[{"count":1,"href":"https:\/\/lenceria69.com\/hn\/wp-json\/wp\/v2\/product\/3745\/revisions"}],"predecessor-version":[{"id":5818,"href":"https:\/\/lenceria69.com\/hn\/wp-json\/wp\/v2\/product\/3745\/revisions\/5818"}],"wp:featuredmedia":[{"embeddable":true,"href":"https:\/\/lenceria69.com\/hn\/wp-json\/"}],"wp:attachment":[{"href":"https:\/\/lenceria69.com\/hn\/wp-json\/wp\/v2\/media?parent=3745"}],"wp:term":[{"taxonomy":"product_brand","embeddable":true,"href":"https:\/\/lenceria69.com\/hn\/wp-json\/wp\/v2\/product_brand?post=3745"},{"taxonomy":"product_cat","embeddable":true,"href":"https:\/\/lenceria69.com\/hn\/wp-json\/wp\/v2\/product_cat?post=3745"},{"taxonomy":"product_tag","embeddable":true,"href":"https:\/\/lenceria69.com\/hn\/wp-json\/wp\/v2\/product_tag?post=3745"}],"curies":[{"name":"wp","href":"https:\/\/api.w.org\/{rel}","templated":true}]}}