{"id":356,"date":"2025-05-24T16:50:55","date_gmt":"2025-05-24T22:50:55","guid":{"rendered":"http:\/\/lenceria69.com\/hn\/?post_type=product&#038;p=356"},"modified":"2026-03-17T17:25:31","modified_gmt":"2026-03-17T23:25:31","slug":"d1360","status":"publish","type":"product","link":"https:\/\/lenceria69.com\/hn\/producto\/d1360\/","title":{"rendered":"GoodHead Deep Throat &#8211; Spray Desensibilizador de Garganta para Sexo Oral"},"content":{"rendered":"<p>A todos les gusta la buena cabeza, pero a muchas personas les resulta dif\u00edcil adaptarse a la virilidad de su pareja. Doc Johnson presenta GoodHead Deep Throat Spray, un delicioso desensibilizador de garganta que ayudar\u00e1 a aliviar el reflejo nauseoso durante el sexo oral, convirtiendo la buena cabeza en una gran cabeza. Delicioso y funcional. \u00bfQu\u00e9 m\u00e1s podr\u00eda desear tu pareja en un asistente sexual oral?<\/p>\n<p>Caracter\u00edsticas<br \/>\n-Ayuda a reducir las molestias y el reflejo nauseoso<br \/>\n-Contenedor de spray f\u00e1cil de usar<br \/>\n-Sin parabenos ni az\u00facar<br \/>\n-Orgullosamente hecho en Am\u00e9rica<\/p>\n","protected":false},"excerpt":{"rendered":"<p>A todos les gusta la buena cabeza, pero a muchas personas les resulta dif\u00edcil adaptarse a la virilidad de su pareja. Doc Johnson presenta GoodHead Deep Throat Spray, un delicioso desensibilizador de garganta que ayudar\u00e1 a aliviar el reflejo nauseoso durante el sexo oral, convirtiendo la buena cabeza en una gran cabeza. Delicioso y funcional&#8230;.<\/p>\n","protected":false},"featured_media":357,"comment_status":"open","ping_status":"closed","template":"","meta":{"_kad_post_transparent":"default","_kad_post_title":"","_kad_post_layout":"default","_kad_post_sidebar_id":"","_kad_post_content_style":"default","_kad_post_vertical_padding":"default","_kad_post_feature":"","_kad_post_feature_position":"","_kad_post_header":false,"_kad_post_footer":false,"_joinchat":[]},"product_brand":[],"product_cat":[22],"product_tag":[],"class_list":{"0":"post-356","1":"product","2":"type-product","3":"status-publish","4":"has-post-thumbnail","6":"product_cat-suplementos","8":"first","9":"instock","10":"shipping-taxable","11":"purchasable","12":"product-type-variable","13":"entry","14":"content-bg","15":"loop-entry"},"_links":{"self":[{"href":"https:\/\/lenceria69.com\/hn\/wp-json\/wp\/v2\/product\/356","targetHints":{"allow":["GET"]}}],"collection":[{"href":"https:\/\/lenceria69.com\/hn\/wp-json\/wp\/v2\/product"}],"about":[{"href":"https:\/\/lenceria69.com\/hn\/wp-json\/wp\/v2\/types\/product"}],"replies":[{"embeddable":true,"href":"https:\/\/lenceria69.com\/hn\/wp-json\/wp\/v2\/comments?post=356"}],"version-history":[{"count":2,"href":"https:\/\/lenceria69.com\/hn\/wp-json\/wp\/v2\/product\/356\/revisions"}],"predecessor-version":[{"id":12993,"href":"https:\/\/lenceria69.com\/hn\/wp-json\/wp\/v2\/product\/356\/revisions\/12993"}],"wp:featuredmedia":[{"embeddable":true,"href":"https:\/\/lenceria69.com\/hn\/wp-json\/wp\/v2\/media\/357"}],"wp:attachment":[{"href":"https:\/\/lenceria69.com\/hn\/wp-json\/wp\/v2\/media?parent=356"}],"wp:term":[{"taxonomy":"product_brand","embeddable":true,"href":"https:\/\/lenceria69.com\/hn\/wp-json\/wp\/v2\/product_brand?post=356"},{"taxonomy":"product_cat","embeddable":true,"href":"https:\/\/lenceria69.com\/hn\/wp-json\/wp\/v2\/product_cat?post=356"},{"taxonomy":"product_tag","embeddable":true,"href":"https:\/\/lenceria69.com\/hn\/wp-json\/wp\/v2\/product_tag?post=356"}],"curies":[{"name":"wp","href":"https:\/\/api.w.org\/{rel}","templated":true}]}}