{"id":342,"date":"2025-09-28T14:30:42","date_gmt":"2025-09-28T20:30:42","guid":{"rendered":"http:\/\/lenceria69.com\/hn\/?post_type=product&#038;p=342"},"modified":"2026-04-28T13:07:20","modified_gmt":"2026-04-28T19:07:20","slug":"bs11-1","status":"publish","type":"product","link":"https:\/\/lenceria69.com\/hn\/producto\/bs11-1\/","title":{"rendered":"Suplemento Sexual para Mujeres: Velextra Pills -2U"},"content":{"rendered":"<p>Basta de la rutina y de ir perdiendo la pasi\u00f3n en tus encuentros \u00edntimos en el dormitorio, ya no es un problema que solo lo experimentan los hombres, sino tambi\u00e9n las mujeres.<\/p>\n<p>Velextra se conoce popularmente como <strong>\u00abla p\u00edldora rosa\u00bb<\/strong>. Es un suplemento que debe de tomarse entre 30 y 45 minutos antes de la actividad sexual para mejorar el rendimiento y la satisfacci\u00f3n sexual en general.<\/p>\n<p>Est\u00e1 dise\u00f1ado para devolver la pasi\u00f3n a los encuentros \u00edntimos del usuario en el dormitorio. Intensifica profundamente la excitaci\u00f3n y las sensaciones sexuales para una mejora significativa en la satisfacci\u00f3n sexual. Tambi\u00e9n aumenta el deseo sexual utilizando nutrientes y afrodis\u00edacos naturales que se utilizan en la medicina tradicional. Por \u00faltimo, la f\u00f3rmula ayuda al usuario a alcanzar el orgasmo m\u00e1s r\u00e1pido y al mismo tiempo los intensifica.<\/p>\n<p>Tambi\u00e9n ayuda al usuario a tener suficiente energ\u00eda para una sesi\u00f3n rigurosa en el dormitorio incluso despu\u00e9s de un d\u00eda largo y agotador. Mejora el flujo sangu\u00edneo en todo el cuerpo, incluidas las zonas er\u00f3genas, para una mejora significativa de la sensaci\u00f3n y una mejora de la satisfacci\u00f3n sexual general. Tambi\u00e9n ayuda al usuario a alcanzar el orgasmo m\u00e1s f\u00e1cilmente pero al mismo tiempo intensifica los orgasmos.<\/p>\n<p>Esto significa que ayuda con la circulaci\u00f3n, que es importante para el placer sexual, ya que un mayor flujo de sangre hacia los genitales aumentando el placer haciendo que la vagina y el cl\u00edtoris sean m\u00e1s sensibles, lo que permite al usuario experimentar un placer sexual \u00f3ptimo. El producto tambi\u00e9n contiene potenciadores de la libido conocidos para aumentar naturalmente el deseo sexual y estimular la excitaci\u00f3n.<\/p>\n","protected":false},"excerpt":{"rendered":"<p>Basta de la rutina y de ir perdiendo la pasi\u00f3n en tus encuentros \u00edntimos en el dormitorio, ya no es un problema que solo lo experimentan los hombres, sino tambi\u00e9n las mujeres. Velextra se conoce popularmente como \u00abla p\u00edldora rosa\u00bb. Es un suplemento que debe de tomarse entre 30 y 45 minutos antes de la&#8230;<\/p>\n","protected":false},"featured_media":343,"comment_status":"open","ping_status":"closed","template":"","meta":{"_kad_post_transparent":"default","_kad_post_title":"","_kad_post_layout":"default","_kad_post_sidebar_id":"","_kad_post_content_style":"default","_kad_post_vertical_padding":"default","_kad_post_feature":"","_kad_post_feature_position":"","_kad_post_header":false,"_kad_post_footer":false,"_joinchat":[]},"product_brand":[],"product_cat":[22],"product_tag":[],"class_list":{"0":"post-342","1":"product","2":"type-product","3":"status-publish","4":"has-post-thumbnail","6":"product_cat-suplementos","8":"first","9":"instock","10":"shipping-taxable","11":"purchasable","12":"product-type-variable","13":"entry","14":"content-bg","15":"loop-entry"},"_links":{"self":[{"href":"https:\/\/lenceria69.com\/hn\/wp-json\/wp\/v2\/product\/342","targetHints":{"allow":["GET"]}}],"collection":[{"href":"https:\/\/lenceria69.com\/hn\/wp-json\/wp\/v2\/product"}],"about":[{"href":"https:\/\/lenceria69.com\/hn\/wp-json\/wp\/v2\/types\/product"}],"replies":[{"embeddable":true,"href":"https:\/\/lenceria69.com\/hn\/wp-json\/wp\/v2\/comments?post=342"}],"version-history":[{"count":2,"href":"https:\/\/lenceria69.com\/hn\/wp-json\/wp\/v2\/product\/342\/revisions"}],"predecessor-version":[{"id":10418,"href":"https:\/\/lenceria69.com\/hn\/wp-json\/wp\/v2\/product\/342\/revisions\/10418"}],"wp:featuredmedia":[{"embeddable":true,"href":"https:\/\/lenceria69.com\/hn\/wp-json\/wp\/v2\/media\/343"}],"wp:attachment":[{"href":"https:\/\/lenceria69.com\/hn\/wp-json\/wp\/v2\/media?parent=342"}],"wp:term":[{"taxonomy":"product_brand","embeddable":true,"href":"https:\/\/lenceria69.com\/hn\/wp-json\/wp\/v2\/product_brand?post=342"},{"taxonomy":"product_cat","embeddable":true,"href":"https:\/\/lenceria69.com\/hn\/wp-json\/wp\/v2\/product_cat?post=342"},{"taxonomy":"product_tag","embeddable":true,"href":"https:\/\/lenceria69.com\/hn\/wp-json\/wp\/v2\/product_tag?post=342"}],"curies":[{"name":"wp","href":"https:\/\/api.w.org\/{rel}","templated":true}]}}