{"id":332,"date":"2023-03-29T10:11:57","date_gmt":"2023-03-29T16:11:57","guid":{"rendered":"http:\/\/lenceria69.com\/hn\/?post_type=product&#038;p=332"},"modified":"2026-01-05T17:29:11","modified_gmt":"2026-01-05T23:29:11","slug":"pd7432-99","status":"publish","type":"product","link":"https:\/\/lenceria69.com\/hn\/producto\/pd7432-99\/","title":{"rendered":"BJ Blast &#8211; Caramelos Explosivos Para Sexo Oral"},"content":{"rendered":"<p>Si no te encanta dar el sexo oral porque el sabor de los fluidos no te convencen, los dulces son una buena opci\u00f3n para modificarlo y hacer m\u00e1s divertida tu rutina. As\u00ed, tanto t\u00fa como tu y tu pareja ser\u00e1n m\u00e1s felices y te llevar\u00e1s con m\u00e1s agrado a la boca ese tremendo manjar.<\/p>\n<p>Por eso \u00a1Finalmente est\u00e1 aqu\u00ed! \u00a1El \u00fanico CARAMELO DE SEXO ORAL! efervescente, explosivo, explosivo y explosivo del mundo! Solo espolvorea un poco en tu boca y desciende por el viaje de su vida.<\/p>\n<h3 style=\"text-align: center;\">Comer fuera nunca ser\u00e1 lo mismo!<\/h3>\n<p>\u00a1Cada paquete contiene lo suficiente para compartir la diversi\u00f3n!<\/p>\n<p>Cada Pack de 3 sobres incluye los sabores:<br \/>\n* Cereza<br \/>\n* Fresa<br \/>\n* Manzana Verde<\/p>\n","protected":false},"excerpt":{"rendered":"<p>Este producto se vende en presentacion de 3sobres<br \/>\nLos sabores incluidos son: Manzana verde, Cereza y fresa.<\/p>\n","protected":false},"featured_media":336,"comment_status":"open","ping_status":"closed","template":"","meta":{"_kad_post_transparent":"default","_kad_post_title":"","_kad_post_layout":"default","_kad_post_sidebar_id":"","_kad_post_content_style":"default","_kad_post_vertical_padding":"default","_kad_post_feature":"","_kad_post_feature_position":"","_kad_post_header":false,"_kad_post_footer":false,"_kad_post_classname":"","_joinchat":[]},"product_brand":[],"product_cat":[22],"product_tag":[],"class_list":{"0":"post-332","1":"product","2":"type-product","3":"status-publish","4":"has-post-thumbnail","6":"product_cat-suplementos","8":"first","9":"outofstock","10":"shipping-taxable","11":"product-type-variable","12":"has-default-attributes","13":"entry","14":"content-bg","15":"loop-entry"},"_links":{"self":[{"href":"https:\/\/lenceria69.com\/hn\/wp-json\/wp\/v2\/product\/332","targetHints":{"allow":["GET"]}}],"collection":[{"href":"https:\/\/lenceria69.com\/hn\/wp-json\/wp\/v2\/product"}],"about":[{"href":"https:\/\/lenceria69.com\/hn\/wp-json\/wp\/v2\/types\/product"}],"replies":[{"embeddable":true,"href":"https:\/\/lenceria69.com\/hn\/wp-json\/wp\/v2\/comments?post=332"}],"version-history":[{"count":5,"href":"https:\/\/lenceria69.com\/hn\/wp-json\/wp\/v2\/product\/332\/revisions"}],"predecessor-version":[{"id":5801,"href":"https:\/\/lenceria69.com\/hn\/wp-json\/wp\/v2\/product\/332\/revisions\/5801"}],"wp:featuredmedia":[{"embeddable":true,"href":"https:\/\/lenceria69.com\/hn\/wp-json\/wp\/v2\/media\/336"}],"wp:attachment":[{"href":"https:\/\/lenceria69.com\/hn\/wp-json\/wp\/v2\/media?parent=332"}],"wp:term":[{"taxonomy":"product_brand","embeddable":true,"href":"https:\/\/lenceria69.com\/hn\/wp-json\/wp\/v2\/product_brand?post=332"},{"taxonomy":"product_cat","embeddable":true,"href":"https:\/\/lenceria69.com\/hn\/wp-json\/wp\/v2\/product_cat?post=332"},{"taxonomy":"product_tag","embeddable":true,"href":"https:\/\/lenceria69.com\/hn\/wp-json\/wp\/v2\/product_tag?post=332"}],"curies":[{"name":"wp","href":"https:\/\/api.w.org\/{rel}","templated":true}]}}