{"id":3033,"date":"2023-11-24T23:35:38","date_gmt":"2023-11-25T05:35:38","guid":{"rendered":"http:\/\/lenceria69.com\/hn\/?post_type=product&#038;p=3033"},"modified":"2024-08-18T14:57:27","modified_gmt":"2024-08-18T20:57:27","slug":"kingcock9cock","status":"publish","type":"product","link":"https:\/\/lenceria69.com\/hn\/producto\/kingcock9cock\/","title":{"rendered":"King Cock 9&#8243; &#8211; Dildo con Ventosa"},"content":{"rendered":"<p>\u00bfQuieres que tu primer consolador se vea y se sienta como el semental duro como una roca con el que siempre has fantaseado? \u00a1Deja de so\u00f1ar y baja con el Rey!<\/p>\n<p>Cada vena, cada eje y cada cabeza est\u00e1n cuidadosamente elaborados a mano con detalles exquisitos para brindarte la experiencia m\u00e1s realista jam\u00e1s imaginada. La potente base de ventosa se adhiere a casi cualquier superficie plana y hace que todos los arneses de consolador sean compatibles.<\/p>\n<p>Dimensiones:<br \/>\n* Largo: 9 pulgadas [22,8 cm]<br \/>\n* Ancho: 2,1 pulgadas [5,33 cm]<br \/>\n* Circunferencia: 6,5 pulgadas [16,51 cm]<br \/>\n* Longitud insertable 8,25 pulg. [20,95 cm]<\/p>\n","protected":false},"excerpt":{"rendered":"<p>\u00bfQuieres que tu primer consolador se vea y se sienta como el semental duro como una roca con el que siempre has fantaseado? \u00a1Deja de so\u00f1ar y baja con el Rey! Cada vena, cada eje y cada cabeza est\u00e1n cuidadosamente elaborados a mano con detalles exquisitos para brindarte la experiencia m\u00e1s realista jam\u00e1s imaginada. La&#8230;<\/p>\n","protected":false},"featured_media":1000001816,"comment_status":"open","ping_status":"closed","template":"","meta":{"_kad_post_transparent":"default","_kad_post_title":"","_kad_post_layout":"default","_kad_post_sidebar_id":"","_kad_post_content_style":"default","_kad_post_vertical_padding":"default","_kad_post_feature":"","_kad_post_feature_position":"","_kad_post_header":false,"_kad_post_footer":false,"_joinchat":[]},"product_brand":[],"product_cat":[25,29,24],"product_tag":[],"class_list":{"0":"post-3033","1":"product","2":"type-product","3":"status-publish","4":"has-post-thumbnail","6":"product_cat-dildos","7":"product_cat-juguetesventosa","8":"product_cat-juguetes-sexuales","10":"first","11":"outofstock","12":"shipping-taxable","13":"purchasable","14":"product-type-simple","15":"entry","16":"content-bg","17":"loop-entry"},"_links":{"self":[{"href":"https:\/\/lenceria69.com\/hn\/wp-json\/wp\/v2\/product\/3033","targetHints":{"allow":["GET"]}}],"collection":[{"href":"https:\/\/lenceria69.com\/hn\/wp-json\/wp\/v2\/product"}],"about":[{"href":"https:\/\/lenceria69.com\/hn\/wp-json\/wp\/v2\/types\/product"}],"replies":[{"embeddable":true,"href":"https:\/\/lenceria69.com\/hn\/wp-json\/wp\/v2\/comments?post=3033"}],"version-history":[{"count":1,"href":"https:\/\/lenceria69.com\/hn\/wp-json\/wp\/v2\/product\/3033\/revisions"}],"predecessor-version":[{"id":4626,"href":"https:\/\/lenceria69.com\/hn\/wp-json\/wp\/v2\/product\/3033\/revisions\/4626"}],"wp:featuredmedia":[{"embeddable":true,"href":"https:\/\/lenceria69.com\/hn\/wp-json\/"}],"wp:attachment":[{"href":"https:\/\/lenceria69.com\/hn\/wp-json\/wp\/v2\/media?parent=3033"}],"wp:term":[{"taxonomy":"product_brand","embeddable":true,"href":"https:\/\/lenceria69.com\/hn\/wp-json\/wp\/v2\/product_brand?post=3033"},{"taxonomy":"product_cat","embeddable":true,"href":"https:\/\/lenceria69.com\/hn\/wp-json\/wp\/v2\/product_cat?post=3033"},{"taxonomy":"product_tag","embeddable":true,"href":"https:\/\/lenceria69.com\/hn\/wp-json\/wp\/v2\/product_tag?post=3033"}],"curies":[{"name":"wp","href":"https:\/\/api.w.org\/{rel}","templated":true}]}}