{"id":3031,"date":"2026-02-26T00:15:01","date_gmt":"2026-02-26T06:15:01","guid":{"rendered":"http:\/\/lenceria69.com\/hn\/?post_type=product&#038;p=3031"},"modified":"2026-04-03T12:09:20","modified_gmt":"2026-04-03T18:09:20","slug":"pd5530","status":"publish","type":"product","link":"https:\/\/lenceria69.com\/hn\/producto\/pd5530\/","title":{"rendered":"King Cock 5&#8243; &#8211; Dildo con Ventosa"},"content":{"rendered":"<p>\u00bfQuieres que tu primer consolador se vea y se sienta como el semental duro como una roca con el que siempre has fantaseado?<\/p>\n<p>\u00a1Deja de so\u00f1ar y baja con el Rey! Cada vena, cada eje y cada cabeza est\u00e1n cuidadosamente elaborados a mano con detalles exquisitos para brindarte la experiencia m\u00e1s realista jam\u00e1s imaginada. La potente base de ventosa se adhiere a casi cualquier superficie plana y hace que todos los arneses de consolador sean compatibles.<\/p>\n<p>Dimensiones:<br \/>\n* Longitud: 5,5 pulgadas [13,97 cm]<br \/>\n* Longitud insertable: 4,75 pulgadas [12,06 cm]<br \/>\n* Circunferencia: 4,4 pulgadas en el punto m\u00e1s grande [11,17 cm]<br \/>\n* Ancho: 1,25 pulgadas en el punto m\u00e1s grande [3,17 cm]<\/p>\n","protected":false},"excerpt":{"rendered":"<p>\u00bfQuieres que tu primer consolador se vea y se sienta como el semental duro como una roca con el que siempre has fantaseado? \u00a1Deja de so\u00f1ar y baja con el Rey! Cada vena, cada eje y cada cabeza est\u00e1n cuidadosamente elaborados a mano con detalles exquisitos para brindarte la experiencia m\u00e1s realista jam\u00e1s imaginada. La&#8230;<\/p>\n","protected":false},"featured_media":12078,"comment_status":"open","ping_status":"closed","template":"","meta":{"_kad_post_transparent":"default","_kad_post_title":"","_kad_post_layout":"default","_kad_post_sidebar_id":"","_kad_post_content_style":"default","_kad_post_vertical_padding":"default","_kad_post_feature":"","_kad_post_feature_position":"","_kad_post_header":false,"_kad_post_footer":false,"_joinchat":[]},"product_brand":[],"product_cat":[25,29,24],"product_tag":[],"class_list":{"0":"post-3031","1":"product","2":"type-product","3":"status-publish","4":"has-post-thumbnail","6":"product_cat-dildos","7":"product_cat-juguetesventosa","8":"product_cat-juguetes-sexuales","10":"first","11":"outofstock","12":"shipping-taxable","13":"product-type-variable","14":"entry","15":"content-bg","16":"loop-entry"},"_links":{"self":[{"href":"https:\/\/lenceria69.com\/hn\/wp-json\/wp\/v2\/product\/3031","targetHints":{"allow":["GET"]}}],"collection":[{"href":"https:\/\/lenceria69.com\/hn\/wp-json\/wp\/v2\/product"}],"about":[{"href":"https:\/\/lenceria69.com\/hn\/wp-json\/wp\/v2\/types\/product"}],"replies":[{"embeddable":true,"href":"https:\/\/lenceria69.com\/hn\/wp-json\/wp\/v2\/comments?post=3031"}],"version-history":[{"count":2,"href":"https:\/\/lenceria69.com\/hn\/wp-json\/wp\/v2\/product\/3031\/revisions"}],"predecessor-version":[{"id":7829,"href":"https:\/\/lenceria69.com\/hn\/wp-json\/wp\/v2\/product\/3031\/revisions\/7829"}],"wp:featuredmedia":[{"embeddable":true,"href":"https:\/\/lenceria69.com\/hn\/wp-json\/wp\/v2\/media\/12078"}],"wp:attachment":[{"href":"https:\/\/lenceria69.com\/hn\/wp-json\/wp\/v2\/media?parent=3031"}],"wp:term":[{"taxonomy":"product_brand","embeddable":true,"href":"https:\/\/lenceria69.com\/hn\/wp-json\/wp\/v2\/product_brand?post=3031"},{"taxonomy":"product_cat","embeddable":true,"href":"https:\/\/lenceria69.com\/hn\/wp-json\/wp\/v2\/product_cat?post=3031"},{"taxonomy":"product_tag","embeddable":true,"href":"https:\/\/lenceria69.com\/hn\/wp-json\/wp\/v2\/product_tag?post=3031"}],"curies":[{"name":"wp","href":"https:\/\/api.w.org\/{rel}","templated":true}]}}