{"id":3025,"date":"2026-02-26T00:15:31","date_gmt":"2026-02-26T06:15:31","guid":{"rendered":"http:\/\/lenceria69.com\/hn\/?post_type=product&#038;p=3025"},"modified":"2026-03-18T11:45:43","modified_gmt":"2026-03-18T17:45:43","slug":"pd3367-23","status":"publish","type":"product","link":"https:\/\/lenceria69.com\/hn\/producto\/pd3367-23\/","title":{"rendered":"Dildo Vibrador + Arnes: FetishFantasy HIM\/HER-6&#8243;"},"content":{"rendered":"<p>Serie Fetish Fantasy &#8211; Para \u00e9l o ella Arn\u00e9s hueco vibrante<\/p>\n<p>Aqu\u00ed ten\u00e9is el arn\u00e9s vibratorio perfecto para ambos. Perfecto para encuentros de mujer a mujer o para esa experiencia especial por detr\u00e1s. A muchos hombres les encanta una emoci\u00f3n sexual anal profunda y este arn\u00e9s puede proporcionar esa emoci\u00f3n. Encienda la alimentaci\u00f3n con el control remoto con cable, seleccione la velocidad de vibraci\u00f3n adecuada y sienta c\u00f3mo la punta cobra vida con un placer pulsante. El pene hueco tambi\u00e9n puede ayudar a los hombres con dificultades de erecci\u00f3n.<\/p>\n<p>Caracter\u00edsticas:<br \/>\n&#8211; Vibraciones de varias velocidades con consolador hueco de 6&#8243; (15 cm) con manos<br \/>\n&#8211; Arn\u00e9s el\u00e1stico remoto gratuito<\/p>\n<p>Dimensiones:<br \/>\n* Longitud insertable: 6 pulg. (15 cm)<br \/>\n* Ancho: 1,75 pulgadas (4,5 cm)<br \/>\n* Longitud interior: 4 pulgadas (10 cm)<br \/>\n* Di\u00e1metro interior: 1,5 pulg. (3,5 cm)<\/p>\n","protected":false},"excerpt":{"rendered":"<p>Serie Fetish Fantasy &#8211; Para \u00e9l o ella Arn\u00e9s hueco vibrante Aqu\u00ed ten\u00e9is el arn\u00e9s vibratorio perfecto para ambos. Perfecto para encuentros de mujer a mujer o para esa experiencia especial por detr\u00e1s. A muchos hombres les encanta una emoci\u00f3n sexual anal profunda y este arn\u00e9s puede proporcionar esa emoci\u00f3n. Encienda la alimentaci\u00f3n con el&#8230;<\/p>\n","protected":false},"featured_media":13682,"comment_status":"open","ping_status":"closed","template":"","meta":{"_kad_post_transparent":"default","_kad_post_title":"","_kad_post_layout":"default","_kad_post_sidebar_id":"","_kad_post_content_style":"default","_kad_post_vertical_padding":"default","_kad_post_feature":"","_kad_post_feature_position":"","_kad_post_header":false,"_kad_post_footer":false,"_joinchat":[]},"product_brand":[],"product_cat":[25,27,24],"product_tag":[],"class_list":{"0":"post-3025","1":"product","2":"type-product","3":"status-publish","4":"has-post-thumbnail","6":"product_cat-dildos","7":"product_cat-juguetebondage","8":"product_cat-juguetes-sexuales","10":"first","11":"instock","12":"shipping-taxable","13":"purchasable","14":"product-type-variable","15":"entry","16":"content-bg","17":"loop-entry"},"_links":{"self":[{"href":"https:\/\/lenceria69.com\/hn\/wp-json\/wp\/v2\/product\/3025","targetHints":{"allow":["GET"]}}],"collection":[{"href":"https:\/\/lenceria69.com\/hn\/wp-json\/wp\/v2\/product"}],"about":[{"href":"https:\/\/lenceria69.com\/hn\/wp-json\/wp\/v2\/types\/product"}],"replies":[{"embeddable":true,"href":"https:\/\/lenceria69.com\/hn\/wp-json\/wp\/v2\/comments?post=3025"}],"version-history":[{"count":4,"href":"https:\/\/lenceria69.com\/hn\/wp-json\/wp\/v2\/product\/3025\/revisions"}],"predecessor-version":[{"id":13675,"href":"https:\/\/lenceria69.com\/hn\/wp-json\/wp\/v2\/product\/3025\/revisions\/13675"}],"wp:featuredmedia":[{"embeddable":true,"href":"https:\/\/lenceria69.com\/hn\/wp-json\/wp\/v2\/media\/13682"}],"wp:attachment":[{"href":"https:\/\/lenceria69.com\/hn\/wp-json\/wp\/v2\/media?parent=3025"}],"wp:term":[{"taxonomy":"product_brand","embeddable":true,"href":"https:\/\/lenceria69.com\/hn\/wp-json\/wp\/v2\/product_brand?post=3025"},{"taxonomy":"product_cat","embeddable":true,"href":"https:\/\/lenceria69.com\/hn\/wp-json\/wp\/v2\/product_cat?post=3025"},{"taxonomy":"product_tag","embeddable":true,"href":"https:\/\/lenceria69.com\/hn\/wp-json\/wp\/v2\/product_tag?post=3025"}],"curies":[{"name":"wp","href":"https:\/\/api.w.org\/{rel}","templated":true}]}}