{"id":2643,"date":"2026-02-26T00:15:20","date_gmt":"2026-02-26T06:15:20","guid":{"rendered":"http:\/\/lenceria69.com\/hn\/?post_type=product&#038;p=2643"},"modified":"2026-03-31T16:08:34","modified_gmt":"2026-03-31T22:08:34","slug":"pd5602","status":"publish","type":"product","link":"https:\/\/lenceria69.com\/hn\/producto\/pd5602\/","title":{"rendered":"King Cock 8&#8243;: Dildo Eyaculador + Bolas"},"content":{"rendered":"<p>Con un realismo extremo en apariencia, sensaci\u00f3n y (lo mejor de todo) funci\u00f3n, la colecci\u00f3n King Cock de Pipedream presenta un consolador de relleno espeso que chorrea cuando se le ordena para un acabado fant\u00e1stico.<\/p>\n<p>En la punta, el Squirting Cock de 8 pulgadas es sutilmente c\u00f3nico, lo que ayuda a que la cabeza se deslice hacia adentro suavemente, un eje curvo extra grueso con venas elevadas y una textura incre\u00edblemente realista agrega millas a la fantas\u00eda masculina, ya que apunta f\u00e1cilmente a los puntos dulces internos. Para activar el efecto squirt, simplemente llene el bulbo del dep\u00f3sito incluido con el jugo Jizzle incluido (u otro l\u00edquido elegido) y col\u00f3quelo a trav\u00e9s de la base abierta del consolador. Cuando est\u00e9s listo para que este Rey se suelte, aprieta para soltarlo a trav\u00e9s de la punta.<\/p>\n<p>Caracter\u00edsticas:<br \/>\n&#8211; Bombilla de chorros<br \/>\n&#8211; 2 onzas onz. jugo de jizz<br \/>\n&#8211; Funci\u00f3n de chorros<br \/>\n&#8211; Bombilla recargable<br \/>\n&#8211; Textura y apariencia realistas.<br \/>\n&#8211; Saco de pelotas texturizado<br \/>\n&#8211; Impermeable<\/p>\n<p>Dimensiones:<br \/>\n&#8211; Largo: 8 pulgadas (20,32 cm)<br \/>\n&#8211; Longitud insertable: 6 pulgadas (15,24 cm)<br \/>\n&#8211; Circunferencia: 6,25 pulgadas (15,87 cm) en el punto m\u00e1s grande<br \/>\n&#8211; Ancho: 5,08 cm (2 pulgadas) en el punto m\u00e1s grande<\/p>\n","protected":false},"excerpt":{"rendered":"<p>Con un realismo extremo en apariencia, sensaci\u00f3n y (lo mejor de todo) funci\u00f3n, la colecci\u00f3n King Cock de Pipedream presenta un consolador de relleno espeso que chorrea cuando se le ordena para un acabado fant\u00e1stico. En la punta, el Squirting Cock de 8 pulgadas es sutilmente c\u00f3nico, lo que ayuda a que la cabeza se&#8230;<\/p>\n","protected":false},"featured_media":12126,"comment_status":"open","ping_status":"closed","template":"","meta":{"_kad_post_transparent":"default","_kad_post_title":"","_kad_post_layout":"default","_kad_post_sidebar_id":"","_kad_post_content_style":"default","_kad_post_vertical_padding":"default","_kad_post_feature":"","_kad_post_feature_position":"","_kad_post_header":false,"_kad_post_footer":false,"_joinchat":[]},"product_brand":[],"product_cat":[25,29,24],"product_tag":[],"class_list":{"0":"post-2643","1":"product","2":"type-product","3":"status-publish","4":"has-post-thumbnail","6":"product_cat-dildos","7":"product_cat-juguetesventosa","8":"product_cat-juguetes-sexuales","10":"first","11":"instock","12":"shipping-taxable","13":"purchasable","14":"product-type-variable","15":"has-default-attributes","16":"entry","17":"content-bg","18":"loop-entry"},"_links":{"self":[{"href":"https:\/\/lenceria69.com\/hn\/wp-json\/wp\/v2\/product\/2643","targetHints":{"allow":["GET"]}}],"collection":[{"href":"https:\/\/lenceria69.com\/hn\/wp-json\/wp\/v2\/product"}],"about":[{"href":"https:\/\/lenceria69.com\/hn\/wp-json\/wp\/v2\/types\/product"}],"replies":[{"embeddable":true,"href":"https:\/\/lenceria69.com\/hn\/wp-json\/wp\/v2\/comments?post=2643"}],"version-history":[{"count":3,"href":"https:\/\/lenceria69.com\/hn\/wp-json\/wp\/v2\/product\/2643\/revisions"}],"predecessor-version":[{"id":5063,"href":"https:\/\/lenceria69.com\/hn\/wp-json\/wp\/v2\/product\/2643\/revisions\/5063"}],"wp:featuredmedia":[{"embeddable":true,"href":"https:\/\/lenceria69.com\/hn\/wp-json\/wp\/v2\/media\/12126"}],"wp:attachment":[{"href":"https:\/\/lenceria69.com\/hn\/wp-json\/wp\/v2\/media?parent=2643"}],"wp:term":[{"taxonomy":"product_brand","embeddable":true,"href":"https:\/\/lenceria69.com\/hn\/wp-json\/wp\/v2\/product_brand?post=2643"},{"taxonomy":"product_cat","embeddable":true,"href":"https:\/\/lenceria69.com\/hn\/wp-json\/wp\/v2\/product_cat?post=2643"},{"taxonomy":"product_tag","embeddable":true,"href":"https:\/\/lenceria69.com\/hn\/wp-json\/wp\/v2\/product_tag?post=2643"}],"curies":[{"name":"wp","href":"https:\/\/api.w.org\/{rel}","templated":true}]}}