{"id":2641,"date":"2023-10-04T20:58:16","date_gmt":"2023-10-05T02:58:16","guid":{"rendered":"http:\/\/lenceria69.com\/hn\/?post_type=product&#038;p=2641"},"modified":"2024-08-18T15:04:20","modified_gmt":"2024-08-18T21:04:20","slug":"fetishfantasyhotseat","status":"publish","type":"product","link":"https:\/\/lenceria69.com\/hn\/producto\/fetishfantasyhotseat\/","title":{"rendered":"Fetish Hot Seat &#8211; Asiento Inflable con Vibrador"},"content":{"rendered":"<p>Realice el viaje de su vida con el asiento caliente inflable Fetish Fantasy. Anclado en el medio del coj\u00edn hay un pene firme y gelatinoso de varias velocidades que siempre est\u00e1 listo para la acci\u00f3n. La v\u00e1lvula de sellado de aire hace que inflar el Hot Seat sea muy f\u00e1cil: simplemente agregue aire y listo. Coloque el asiento caliente en una superficie nivelada, seleccione la vibraci\u00f3n que desee y saboree cada golpe. Dise\u00f1ado para esos viajes largos y duros, el material flocado del coj\u00edn y las manijas E-Z Grip Luv hacen que el viaje sea m\u00e1s placentero. Una vez terminada la diversi\u00f3n, aprieta la v\u00e1lvula para liberar el aire y guarda tu Hot Seat. \u00a1Por una vez, estar en el asiento caliente nunca se sinti\u00f3 tan BIEN! \u00a1El asiento caliente soporta hasta 300 libras!<\/p>\n<p>Caracter\u00edsticas:<br \/>\n&#8211; Fuente de Energia: 2 Bateria AA<br \/>\n&#8211; Con control remoto<br \/>\n&#8211; Inflable<br \/>\n&#8211; Multi velocidad<br \/>\n&#8211; Venda para los ojos incluida<\/p>\n<p>Dimensiones:<br \/>\n* Dimensiones del consolador:<br \/>\n&#8211; Longitud: 6,5 pulgadas (16,51 cm)<br \/>\n&#8211; Di\u00e1metro: 1,5 pulgadas (3,81 cm)<\/p>\n<p>Medir alrededor<br \/>\n&#8211; Ancho: 16 pulgadas (40,64 cm)<br \/>\n&#8211; Alto: 12 pulgadas (30,48 cm)<br \/>\n&#8211; Y capaz de soportar pesos de hasta 300 libras.<\/p>\n<p>Incluye:<br \/>\n&#8211; Asiento caliente inflable<br \/>\n&#8211; Consolador vibratorio de varias velocidades adjunto<br \/>\n&#8211; Mangos EZ-Grip<\/p>\n","protected":false},"excerpt":{"rendered":"<p>Realice el viaje de su vida con el asiento caliente inflable Fetish Fantasy. Anclado en el medio del coj\u00edn hay un pene firme y gelatinoso de varias velocidades que siempre est\u00e1 listo para la acci\u00f3n. La v\u00e1lvula de sellado de aire hace que inflar el Hot Seat sea muy f\u00e1cil: simplemente agregue aire y listo&#8230;.<\/p>\n","protected":false},"featured_media":1000001764,"comment_status":"open","ping_status":"closed","template":"","meta":{"_kad_post_transparent":"default","_kad_post_title":"","_kad_post_layout":"default","_kad_post_sidebar_id":"","_kad_post_content_style":"default","_kad_post_vertical_padding":"default","_kad_post_feature":"","_kad_post_feature_position":"","_kad_post_header":false,"_kad_post_footer":false,"_kad_post_classname":"","_joinchat":[]},"product_brand":[],"product_cat":[25,28,24],"product_tag":[],"class_list":{"0":"post-2641","1":"product","2":"type-product","3":"status-publish","4":"has-post-thumbnail","6":"product_cat-dildos","7":"product_cat-juguetebateria","8":"product_cat-juguetes-sexuales","10":"first","11":"outofstock","12":"shipping-taxable","13":"purchasable","14":"product-type-simple","15":"entry","16":"content-bg","17":"loop-entry"},"_links":{"self":[{"href":"https:\/\/lenceria69.com\/hn\/wp-json\/wp\/v2\/product\/2641","targetHints":{"allow":["GET"]}}],"collection":[{"href":"https:\/\/lenceria69.com\/hn\/wp-json\/wp\/v2\/product"}],"about":[{"href":"https:\/\/lenceria69.com\/hn\/wp-json\/wp\/v2\/types\/product"}],"replies":[{"embeddable":true,"href":"https:\/\/lenceria69.com\/hn\/wp-json\/wp\/v2\/comments?post=2641"}],"version-history":[{"count":1,"href":"https:\/\/lenceria69.com\/hn\/wp-json\/wp\/v2\/product\/2641\/revisions"}],"predecessor-version":[{"id":4761,"href":"https:\/\/lenceria69.com\/hn\/wp-json\/wp\/v2\/product\/2641\/revisions\/4761"}],"wp:featuredmedia":[{"embeddable":true,"href":"https:\/\/lenceria69.com\/hn\/wp-json\/"}],"wp:attachment":[{"href":"https:\/\/lenceria69.com\/hn\/wp-json\/wp\/v2\/media?parent=2641"}],"wp:term":[{"taxonomy":"product_brand","embeddable":true,"href":"https:\/\/lenceria69.com\/hn\/wp-json\/wp\/v2\/product_brand?post=2641"},{"taxonomy":"product_cat","embeddable":true,"href":"https:\/\/lenceria69.com\/hn\/wp-json\/wp\/v2\/product_cat?post=2641"},{"taxonomy":"product_tag","embeddable":true,"href":"https:\/\/lenceria69.com\/hn\/wp-json\/wp\/v2\/product_tag?post=2641"}],"curies":[{"name":"wp","href":"https:\/\/api.w.org\/{rel}","templated":true}]}}