{"id":2639,"date":"2023-10-04T20:31:20","date_gmt":"2023-10-05T02:31:20","guid":{"rendered":"http:\/\/lenceria69.com\/hn\/?post_type=product&#038;p=2639"},"modified":"2026-03-04T16:50:56","modified_gmt":"2026-03-04T22:50:56","slug":"pd2173-00","status":"publish","type":"product","link":"https:\/\/lenceria69.com\/hn\/producto\/pd2173-00\/","title":{"rendered":"FetishFantasy PositionMaster: Cogin Inflable inclinado"},"content":{"rendered":"<p>Disfrute de sus fantas\u00edas m\u00e1s salvajes con este Maestro de Posici\u00f3n Inflable. El dise\u00f1o inclinado y flocado le permite relajarse en cualquier posici\u00f3n sin deslizarse, mientras que los michelines EZ-Grip son perfectos para mantener posiciones dif\u00edciles sin perder el ritmo. La v\u00e1lvula de sellado de aire hace que inflar la cu\u00f1a sea muy f\u00e1cil y, cuando termine la diversi\u00f3n, simplemente desinfle el Position Master y estar\u00e1 listo para ir a donde usted vaya. \u00a1Es perfecto para esas escapadas rom\u00e1nticas y nadie sabr\u00e1 qu\u00e9 hay en tu bolso! Hazlo todo con mayor facilidad&#8230; \u00a1sin importar en qu\u00e9 posici\u00f3n te encuentres! \u00a1Y el lubricante ni siquiera aparece en la superficie, lo que tambi\u00e9n facilita la limpieza!<\/p>\n<p>Soporta hasta 300 libras. Las dimensiones infladas son 8&#8243; de alto y se estrechan hasta 3&#8243; de alto, 16&#8243; de largo, de extremo a extremo y 23&#8243; de ancho.<\/p>\n<p>Incluye:<\/p>\n<p>Maestro de posici\u00f3n inflable con manijas EZ-Grip<\/p>\n","protected":false},"excerpt":{"rendered":"<p>Disfrute de sus fantas\u00edas m\u00e1s salvajes con este Maestro de Posici\u00f3n Inflable. El dise\u00f1o inclinado y flocado le permite relajarse en cualquier posici\u00f3n sin deslizarse, mientras que los michelines EZ-Grip son perfectos para mantener posiciones dif\u00edciles sin perder el ritmo. La v\u00e1lvula de sellado de aire hace que inflar la cu\u00f1a sea muy f\u00e1cil y,&#8230;<\/p>\n","protected":false},"featured_media":1000001756,"comment_status":"open","ping_status":"closed","template":"","meta":{"_kad_post_transparent":"default","_kad_post_title":"","_kad_post_layout":"default","_kad_post_sidebar_id":"","_kad_post_content_style":"default","_kad_post_vertical_padding":"default","_kad_post_feature":"","_kad_post_feature_position":"","_kad_post_header":false,"_kad_post_footer":false,"_joinchat":[]},"product_brand":[],"product_cat":[24],"product_tag":[],"class_list":{"0":"post-2639","1":"product","2":"type-product","3":"status-publish","4":"has-post-thumbnail","6":"product_cat-juguetes-sexuales","8":"first","9":"instock","10":"shipping-taxable","11":"purchasable","12":"product-type-variable","13":"entry","14":"content-bg","15":"loop-entry"},"_links":{"self":[{"href":"https:\/\/lenceria69.com\/hn\/wp-json\/wp\/v2\/product\/2639","targetHints":{"allow":["GET"]}}],"collection":[{"href":"https:\/\/lenceria69.com\/hn\/wp-json\/wp\/v2\/product"}],"about":[{"href":"https:\/\/lenceria69.com\/hn\/wp-json\/wp\/v2\/types\/product"}],"replies":[{"embeddable":true,"href":"https:\/\/lenceria69.com\/hn\/wp-json\/wp\/v2\/comments?post=2639"}],"version-history":[{"count":3,"href":"https:\/\/lenceria69.com\/hn\/wp-json\/wp\/v2\/product\/2639\/revisions"}],"predecessor-version":[{"id":13733,"href":"https:\/\/lenceria69.com\/hn\/wp-json\/wp\/v2\/product\/2639\/revisions\/13733"}],"wp:featuredmedia":[{"embeddable":true,"href":"https:\/\/lenceria69.com\/hn\/wp-json\/"}],"wp:attachment":[{"href":"https:\/\/lenceria69.com\/hn\/wp-json\/wp\/v2\/media?parent=2639"}],"wp:term":[{"taxonomy":"product_brand","embeddable":true,"href":"https:\/\/lenceria69.com\/hn\/wp-json\/wp\/v2\/product_brand?post=2639"},{"taxonomy":"product_cat","embeddable":true,"href":"https:\/\/lenceria69.com\/hn\/wp-json\/wp\/v2\/product_cat?post=2639"},{"taxonomy":"product_tag","embeddable":true,"href":"https:\/\/lenceria69.com\/hn\/wp-json\/wp\/v2\/product_tag?post=2639"}],"curies":[{"name":"wp","href":"https:\/\/api.w.org\/{rel}","templated":true}]}}