{"id":2617,"date":"2025-05-08T17:25:00","date_gmt":"2025-05-08T23:25:00","guid":{"rendered":"http:\/\/lenceria69.com\/hn\/?post_type=product&#038;p=2617"},"modified":"2025-06-05T20:41:32","modified_gmt":"2025-06-06T02:41:32","slug":"pd1960","status":"publish","type":"product","link":"https:\/\/lenceria69.com\/hn\/producto\/pd1960\/","title":{"rendered":"Classix Pocket Bullet &#8211; Bala Vibradora"},"content":{"rendered":"<p>Del\u00e9itese con los placeres simples de un cl\u00e1sico!<\/p>\n<p>Esta elegante bala vibratoria de bolsillo Classix tiene mucha potencia y tiene el tama\u00f1o perfecto para divertirse mientras viaja. Al presionar el bot\u00f3n se activa una vibraci\u00f3n intensa, para un juego de sensaciones vers\u00e1til y cabe f\u00e1cilmente en su bolso para su propia cita secreta.<\/p>\n<p>\u00a1Pru\u00e9balo en el spa o en la ducha y convierte la hora del ba\u00f1o en un momento de placer! Para un rendimiento \u00f3ptimo, retire las bater\u00edas durante el almacenamiento.<\/p>\n<p>Caracter\u00edsticas:<br \/>\n\u2022 Listo para viajar<br \/>\n\u2022 Impermeable<br \/>\n\u2022 Potentes vibraciones en movimiento<\/p>\n<p>Dimensiones:<br \/>\n&#8211; Longitud: 2,2 pulgadas (56 mm)<br \/>\n&#8211; Ancho: 0,7 pulgadas (18 mm)<br \/>\n&#8211; Altura: 0,7 pulgadas (18 mm)<br \/>\n&#8211; Peso: 0,7 oz (19,84 gramos)<br \/>\n&#8211; Fuente de Energia: 3 Baterias tipo LR44 \/ AG13 (1.5V) (Incluidos)<\/p>\n","protected":false},"excerpt":{"rendered":"<p>Del\u00e9itese con los placeres simples de un cl\u00e1sico! Esta elegante bala vibratoria de bolsillo Classix tiene mucha potencia y tiene el tama\u00f1o perfecto para divertirse mientras viaja. Al presionar el bot\u00f3n se activa una vibraci\u00f3n intensa, para un juego de sensaciones vers\u00e1til y cabe f\u00e1cilmente en su bolso para su propia cita secreta. \u00a1Pru\u00e9balo en&#8230;<\/p>\n","protected":false},"featured_media":1000001712,"comment_status":"open","ping_status":"closed","template":"","meta":{"_kad_post_transparent":"default","_kad_post_title":"","_kad_post_layout":"default","_kad_post_sidebar_id":"","_kad_post_content_style":"default","_kad_post_vertical_padding":"default","_kad_post_feature":"","_kad_post_feature_position":"","_kad_post_header":false,"_kad_post_footer":false,"_joinchat":[]},"product_brand":[],"product_cat":[28,24],"product_tag":[],"class_list":{"0":"post-2617","1":"product","2":"type-product","3":"status-publish","4":"has-post-thumbnail","6":"product_cat-juguetebateria","7":"product_cat-juguetes-sexuales","9":"first","10":"outofstock","11":"shipping-taxable","12":"product-type-variable","13":"has-default-attributes","14":"entry","15":"content-bg","16":"loop-entry"},"_links":{"self":[{"href":"https:\/\/lenceria69.com\/hn\/wp-json\/wp\/v2\/product\/2617","targetHints":{"allow":["GET"]}}],"collection":[{"href":"https:\/\/lenceria69.com\/hn\/wp-json\/wp\/v2\/product"}],"about":[{"href":"https:\/\/lenceria69.com\/hn\/wp-json\/wp\/v2\/types\/product"}],"replies":[{"embeddable":true,"href":"https:\/\/lenceria69.com\/hn\/wp-json\/wp\/v2\/comments?post=2617"}],"version-history":[{"count":1,"href":"https:\/\/lenceria69.com\/hn\/wp-json\/wp\/v2\/product\/2617\/revisions"}],"predecessor-version":[{"id":4618,"href":"https:\/\/lenceria69.com\/hn\/wp-json\/wp\/v2\/product\/2617\/revisions\/4618"}],"wp:featuredmedia":[{"embeddable":true,"href":"https:\/\/lenceria69.com\/hn\/wp-json\/"}],"wp:attachment":[{"href":"https:\/\/lenceria69.com\/hn\/wp-json\/wp\/v2\/media?parent=2617"}],"wp:term":[{"taxonomy":"product_brand","embeddable":true,"href":"https:\/\/lenceria69.com\/hn\/wp-json\/wp\/v2\/product_brand?post=2617"},{"taxonomy":"product_cat","embeddable":true,"href":"https:\/\/lenceria69.com\/hn\/wp-json\/wp\/v2\/product_cat?post=2617"},{"taxonomy":"product_tag","embeddable":true,"href":"https:\/\/lenceria69.com\/hn\/wp-json\/wp\/v2\/product_tag?post=2617"}],"curies":[{"name":"wp","href":"https:\/\/api.w.org\/{rel}","templated":true}]}}