{"id":2615,"date":"2025-05-14T16:40:38","date_gmt":"2025-05-14T22:40:38","guid":{"rendered":"http:\/\/lenceria69.com\/hn\/?post_type=product&#038;p=2615"},"modified":"2025-08-17T12:58:33","modified_gmt":"2025-08-17T18:58:33","slug":"pd4320-01","status":"publish","type":"product","link":"https:\/\/lenceria69.com\/hn\/producto\/pd4320-01\/","title":{"rendered":"Arnes Universal para Bondage: Basix Rubber"},"content":{"rendered":"<p>El arn\u00e9s universal Basix est\u00e1 disponible en talla regular y grande e incluye 3 anillos de silicona.<\/p>\n<p>F\u00e1cil de ajustar y divertido de usar para un juego sexy con correas. La mayor\u00eda de nuestros consoladores Basix est\u00e1n listos para colocarse con correa y son compatibles con el arn\u00e9s.<\/p>\n<p>Dimensiones:<br \/>\nIncluye anillos de silicona<br \/>\n&#8211; peque\u00f1o: 1,2 pulgadas (3.054 cm)<br \/>\n&#8211; Mediano 1,6 pulgadas (4064 cm)<br \/>\n&#8211; y Grande 2,0 pulgadas (5,08 cm)<\/p>\n","protected":false},"excerpt":{"rendered":"<p>PD4320-01<\/p>\n","protected":false},"featured_media":1000001019,"comment_status":"open","ping_status":"closed","template":"","meta":{"_kad_post_transparent":"default","_kad_post_title":"","_kad_post_layout":"default","_kad_post_sidebar_id":"","_kad_post_content_style":"default","_kad_post_vertical_padding":"default","_kad_post_feature":"","_kad_post_feature_position":"","_kad_post_header":false,"_kad_post_footer":false,"_joinchat":[]},"product_brand":[],"product_cat":[27,24],"product_tag":[],"class_list":{"0":"post-2615","1":"product","2":"type-product","3":"status-publish","4":"has-post-thumbnail","6":"product_cat-juguetebondage","7":"product_cat-juguetes-sexuales","9":"first","10":"outofstock","11":"shipping-taxable","12":"product-type-variable","13":"entry","14":"content-bg","15":"loop-entry"},"_links":{"self":[{"href":"https:\/\/lenceria69.com\/hn\/wp-json\/wp\/v2\/product\/2615","targetHints":{"allow":["GET"]}}],"collection":[{"href":"https:\/\/lenceria69.com\/hn\/wp-json\/wp\/v2\/product"}],"about":[{"href":"https:\/\/lenceria69.com\/hn\/wp-json\/wp\/v2\/types\/product"}],"replies":[{"embeddable":true,"href":"https:\/\/lenceria69.com\/hn\/wp-json\/wp\/v2\/comments?post=2615"}],"version-history":[{"count":3,"href":"https:\/\/lenceria69.com\/hn\/wp-json\/wp\/v2\/product\/2615\/revisions"}],"predecessor-version":[{"id":10615,"href":"https:\/\/lenceria69.com\/hn\/wp-json\/wp\/v2\/product\/2615\/revisions\/10615"}],"wp:featuredmedia":[{"embeddable":true,"href":"https:\/\/lenceria69.com\/hn\/wp-json\/"}],"wp:attachment":[{"href":"https:\/\/lenceria69.com\/hn\/wp-json\/wp\/v2\/media?parent=2615"}],"wp:term":[{"taxonomy":"product_brand","embeddable":true,"href":"https:\/\/lenceria69.com\/hn\/wp-json\/wp\/v2\/product_brand?post=2615"},{"taxonomy":"product_cat","embeddable":true,"href":"https:\/\/lenceria69.com\/hn\/wp-json\/wp\/v2\/product_cat?post=2615"},{"taxonomy":"product_tag","embeddable":true,"href":"https:\/\/lenceria69.com\/hn\/wp-json\/wp\/v2\/product_tag?post=2615"}],"curies":[{"name":"wp","href":"https:\/\/api.w.org\/{rel}","templated":true}]}}