{"id":2613,"date":"2025-08-24T14:00:31","date_gmt":"2025-08-24T20:00:31","guid":{"rendered":"http:\/\/lenceria69.com\/hn\/?post_type=product&#038;p=2613"},"modified":"2026-01-02T21:43:29","modified_gmt":"2026-01-03T03:43:29","slug":"analpartypack","status":"publish","type":"product","link":"https:\/\/lenceria69.com\/hn\/producto\/analpartypack\/","title":{"rendered":"Kit Plug Anales de Silicona &#8211; Anal Party Pack"},"content":{"rendered":"<p>\u00a1Organiza una fiesta de barrio en la puerta trasera para tu trasero con el incre\u00edble Anal Party Pack!<\/p>\n<p>Si nunca antes has probado el juego anal, \u00a1este sampler de 3 piezas apto para principiantes es el kit perfecto para hacer que el burbujeo burbujee y las chispas vuelen! Elija entre un tap\u00f3n anal c\u00f3nico, una sonda de pr\u00f3stata en \u00e1ngulo perfecto y una perla anal con ventosa ingeniosamente curvada. \u00a1Las tres piezas tienen el tama\u00f1o adecuado para principiantes, est\u00e1n hechas de Elite Silicone y est\u00e1n cuidadosamente dise\u00f1adas para excitar el lugar correcto en todo momento!<\/p>\n<p>El peque\u00f1o Butt Plug tiene una punta redonda y c\u00f3nica, un cuello con reborde y una base inferior acampanada. El tap\u00f3n suave se adapta c\u00f3modamente entre tus mejillas y puedes usarlo todo el d\u00eda para una diversi\u00f3n duradera. \u00a1No dejes que su peque\u00f1o tama\u00f1o te enga\u00f1e, aunque este peque\u00f1o plug te llenar\u00e1 de diversi\u00f3n! Es el acto de apertura perfecto para comenzar la noche mientras avanzas en la colecci\u00f3n.<\/p>\n<p>Las cuentas anales para principiantes tienen una amplia base de ventosa, una punta de bola y cinco cuentas graduadas para disfrutar. El eje es firme pero flexible y est\u00e1 dise\u00f1ado para provocar y complacer con cada embestida. Saque las cuentas una a la vez o saque todo el eje durante la mitad del cl\u00edmax. De cualquier manera, te encantar\u00e1 la sensaci\u00f3n suave como la seda y las incre\u00edbles sensaciones creadas con cada cuenta.<\/p>\n<p>El Anal P-Spot Pleaser tambi\u00e9n cuenta con una punta c\u00f3nica para facilitar la inserci\u00f3n, pero el \u00e1ngulo de la punta bulbosa es lo que realmente hace que este chico sexy sea especial. El eje acanalado ofrece un placer interno incre\u00edble, mientras que el resistente anillo de recuperaci\u00f3n garantiza una f\u00e1cil extracci\u00f3n y manipulaci\u00f3n. Un lado de la base se ajusta perfectamente entre las mejillas, mientras que las protuberancias texturizadas del otro lado proporcionan presi\u00f3n externa al perineo. \u00a1El tr\u00edo de estimulaci\u00f3n har\u00e1 que te corras m\u00e1s fuerte que nunca!<\/p>\n<p>Caracter\u00edsticas:<br \/>\n\u2022 \u00a1Perfecto para principiantes!<br \/>\n\u2022 El kit de entrenamiento anal definitivo<br \/>\n\u2022 La silicona suave como la seda es segura para el cuerpo<br \/>\n\u2022 Silicona de \u00e9lite<br \/>\n\u2022 El kit incluye: P-Spot Pleaser, cuentas anales, tap\u00f3n anal<\/p>\n<p>Dimensiones:<br \/>\n&#8211; Longitud insertable (complaciente a la pr\u00f3stata): 3,1&#8243; (7,9 cm)<br \/>\n&#8211; Longitud insertable (cuentas anales): 3,5&#8243; (8,8 cm)<br \/>\n&#8211; Longitud insertable (enchufe de arranque): 2,6&#8243; (6,7 cm)<br \/>\n&#8211; Ancho\/Di\u00e1metro (Pr\u00f3stata): 8,3&#8243; (2,1 cm)<br \/>\n&#8211; Ancho\/Di\u00e1metro (Cuentas Anales):. 9,4&#8243; (2,4 cm)<br \/>\n&#8211; Ancho\/Di\u00e1metro (Tap\u00f3n de arranque): 2,6&#8243; (6,7 cm)<\/p>\n","protected":false},"excerpt":{"rendered":"<p>\u00a1Organiza una fiesta de barrio en la puerta trasera para tu trasero con el incre\u00edble Anal Party Pack! Si nunca antes has probado el juego anal, \u00a1este sampler de 3 piezas apto para principiantes es el kit perfecto para hacer que el burbujeo burbujee y las chispas vuelen! Elija entre un tap\u00f3n anal c\u00f3nico, una&#8230;<\/p>\n","protected":false},"featured_media":1000001710,"comment_status":"open","ping_status":"closed","template":"","meta":{"_kad_post_transparent":"default","_kad_post_title":"","_kad_post_layout":"default","_kad_post_sidebar_id":"","_kad_post_content_style":"default","_kad_post_vertical_padding":"default","_kad_post_feature":"","_kad_post_feature_position":"","_kad_post_header":false,"_kad_post_footer":false,"_joinchat":[]},"product_brand":[],"product_cat":[26,27,24],"product_tag":[],"class_list":{"0":"post-2613","1":"product","2":"type-product","3":"status-publish","4":"has-post-thumbnail","6":"product_cat-jugueteanal","7":"product_cat-juguetebondage","8":"product_cat-juguetes-sexuales","10":"first","11":"outofstock","12":"shipping-taxable","13":"product-type-variable","14":"entry","15":"content-bg","16":"loop-entry"},"_links":{"self":[{"href":"https:\/\/lenceria69.com\/hn\/wp-json\/wp\/v2\/product\/2613","targetHints":{"allow":["GET"]}}],"collection":[{"href":"https:\/\/lenceria69.com\/hn\/wp-json\/wp\/v2\/product"}],"about":[{"href":"https:\/\/lenceria69.com\/hn\/wp-json\/wp\/v2\/types\/product"}],"replies":[{"embeddable":true,"href":"https:\/\/lenceria69.com\/hn\/wp-json\/wp\/v2\/comments?post=2613"}],"version-history":[{"count":3,"href":"https:\/\/lenceria69.com\/hn\/wp-json\/wp\/v2\/product\/2613\/revisions"}],"predecessor-version":[{"id":12228,"href":"https:\/\/lenceria69.com\/hn\/wp-json\/wp\/v2\/product\/2613\/revisions\/12228"}],"wp:featuredmedia":[{"embeddable":true,"href":"https:\/\/lenceria69.com\/hn\/wp-json\/"}],"wp:attachment":[{"href":"https:\/\/lenceria69.com\/hn\/wp-json\/wp\/v2\/media?parent=2613"}],"wp:term":[{"taxonomy":"product_brand","embeddable":true,"href":"https:\/\/lenceria69.com\/hn\/wp-json\/wp\/v2\/product_brand?post=2613"},{"taxonomy":"product_cat","embeddable":true,"href":"https:\/\/lenceria69.com\/hn\/wp-json\/wp\/v2\/product_cat?post=2613"},{"taxonomy":"product_tag","embeddable":true,"href":"https:\/\/lenceria69.com\/hn\/wp-json\/wp\/v2\/product_tag?post=2613"}],"curies":[{"name":"wp","href":"https:\/\/api.w.org\/{rel}","templated":true}]}}