{"id":2611,"date":"2025-08-24T14:00:29","date_gmt":"2025-08-24T20:00:29","guid":{"rendered":"http:\/\/lenceria69.com\/hn\/?post_type=product&#038;p=2611"},"modified":"2025-12-17T11:20:08","modified_gmt":"2025-12-17T17:20:08","slug":"pd4665-23","status":"publish","type":"product","link":"https:\/\/lenceria69.com\/hn\/producto\/pd4665-23\/","title":{"rendered":"Kit de Vibradores Anal: AnaFantasy AdventureKit"},"content":{"rendered":"<p>Elimina el tab\u00fa asociado con el sexo anal y descubre un placer incre\u00edble con nuestra Anal Fantasy Collection\u00ae. Si nunca has probado el juego anal, el Anal Adventure Kit es justo lo que necesitas para explorar el asombroso mundo de la estimulaci\u00f3n anal.<\/p>\n<p>El kit Anal Adventure presenta tres accesorios \u00fanicos que simplemente se deslizan sobre el minivibrador. Cada accesorio cuenta con una punta c\u00f3nica para facilitar la entrada, mientras que el motor silencioso ofrece vibraciones alucinantes directamente a su punto m\u00e1s sensible. Simplemente gire la base del minivibrador para encenderlo y apagarlo, pasando de un aleteo a un latido en segundos. \u00a1Intenta llenarte de cualquier apego durante otra estimulaci\u00f3n sexual para que llegues al cl\u00edmax m\u00e1s fuerte que nunca!<\/p>\n<p>Caracter\u00edsticas:<br \/>\n\u2022 Silicona Elite higi\u00e9nica<br \/>\n\u2022 Para principiantes y principiantes en el juego anal<br \/>\n\u2022 Minivibrador ultrafuerte de una velocidad<br \/>\n\u2022 Silicona de \u00e9lite<br \/>\n\u2022 Impermeable<\/p>\n<p>Dimensiones:<br \/>\n&#8211; Longitud: 4 pulgadas (vibraci\u00f3n de cohete), 4,5 pulgadas (accesorios)<br \/>\n&#8211; Longitud insertable: 0,5 pulgadas (vibraci\u00f3n de cohete), 4,5 pulgadas (accesorios)<br \/>\n&#8211; Ancho: 1 pulgada (vibraci\u00f3n de cohete), 1,25 pulgadas (accesorios)<br \/>\n&#8211; Alimentado por: 1 pila AA (compre sus pilas ahora)<\/p>\n<p>Informaci\u00f3n adicional: formas m\u00faltiples, vibraciones de m\u00faltiples velocidades, resistente al agua, un toque, pr\u00f3stata, unisex, se recomienda lubricante a base de agua<\/p>\n","protected":false},"excerpt":{"rendered":"<p>PD4665-23<\/p>\n","protected":false},"featured_media":1000001702,"comment_status":"open","ping_status":"closed","template":"","meta":{"_kad_post_transparent":"default","_kad_post_title":"","_kad_post_layout":"default","_kad_post_sidebar_id":"","_kad_post_content_style":"default","_kad_post_vertical_padding":"default","_kad_post_feature":"","_kad_post_feature_position":"","_kad_post_header":false,"_kad_post_footer":false,"_joinchat":[]},"product_brand":[],"product_cat":[26,27,28,24],"product_tag":[],"class_list":{"0":"post-2611","1":"product","2":"type-product","3":"status-publish","4":"has-post-thumbnail","6":"product_cat-jugueteanal","7":"product_cat-juguetebondage","8":"product_cat-juguetebateria","9":"product_cat-juguetes-sexuales","11":"first","12":"outofstock","13":"shipping-taxable","14":"product-type-variable","15":"entry","16":"content-bg","17":"loop-entry"},"_links":{"self":[{"href":"https:\/\/lenceria69.com\/hn\/wp-json\/wp\/v2\/product\/2611","targetHints":{"allow":["GET"]}}],"collection":[{"href":"https:\/\/lenceria69.com\/hn\/wp-json\/wp\/v2\/product"}],"about":[{"href":"https:\/\/lenceria69.com\/hn\/wp-json\/wp\/v2\/types\/product"}],"replies":[{"embeddable":true,"href":"https:\/\/lenceria69.com\/hn\/wp-json\/wp\/v2\/comments?post=2611"}],"version-history":[{"count":3,"href":"https:\/\/lenceria69.com\/hn\/wp-json\/wp\/v2\/product\/2611\/revisions"}],"predecessor-version":[{"id":10604,"href":"https:\/\/lenceria69.com\/hn\/wp-json\/wp\/v2\/product\/2611\/revisions\/10604"}],"wp:featuredmedia":[{"embeddable":true,"href":"https:\/\/lenceria69.com\/hn\/wp-json\/"}],"wp:attachment":[{"href":"https:\/\/lenceria69.com\/hn\/wp-json\/wp\/v2\/media?parent=2611"}],"wp:term":[{"taxonomy":"product_brand","embeddable":true,"href":"https:\/\/lenceria69.com\/hn\/wp-json\/wp\/v2\/product_brand?post=2611"},{"taxonomy":"product_cat","embeddable":true,"href":"https:\/\/lenceria69.com\/hn\/wp-json\/wp\/v2\/product_cat?post=2611"},{"taxonomy":"product_tag","embeddable":true,"href":"https:\/\/lenceria69.com\/hn\/wp-json\/wp\/v2\/product_tag?post=2611"}],"curies":[{"name":"wp","href":"https:\/\/api.w.org\/{rel}","templated":true}]}}