{"id":2078,"date":"2023-07-27T14:10:17","date_gmt":"2023-07-27T20:10:17","guid":{"rendered":"http:\/\/lenceria69.com\/hn\/?post_type=product&#038;p=2078"},"modified":"2024-08-19T16:20:40","modified_gmt":"2024-08-19T22:20:40","slug":"swissnavywarming","status":"publish","type":"product","link":"https:\/\/lenceria69.com\/hn\/producto\/swissnavywarming\/","title":{"rendered":"Swiss Navy Warming &#8211; Lubricante Base de Agua"},"content":{"rendered":"<p>Este lubricante a base de agua proporciona una agradable sensaci\u00f3n de calor al contacto que aumenta con la fricci\u00f3n. Est\u00e1 dise\u00f1ado para mejorar el placer y contribuir a una experiencia m\u00e1s sensual para ambas parejas. <\/p>\n","protected":false},"excerpt":{"rendered":"<p>Este lubricante a base de agua proporciona una agradable sensaci\u00f3n de calor al contacto que aumenta con la fricci\u00f3n. Est\u00e1 dise\u00f1ado para mejorar el placer y contribuir a una experiencia m\u00e1s sensual para ambas parejas.<\/p>\n","protected":false},"featured_media":1000001682,"comment_status":"open","ping_status":"closed","template":"","meta":{"_kad_post_transparent":"default","_kad_post_title":"","_kad_post_layout":"default","_kad_post_sidebar_id":"","_kad_post_content_style":"default","_kad_post_vertical_padding":"default","_kad_post_feature":"","_kad_post_feature_position":"","_kad_post_header":false,"_kad_post_footer":false,"_kad_post_classname":"","_joinchat":[]},"product_brand":[],"product_cat":[38,41,42],"product_tag":[],"class_list":{"0":"post-2078","1":"product","2":"type-product","3":"status-publish","4":"has-post-thumbnail","6":"product_cat-lubricantes","7":"product_cat-saborizados","8":"product_cat-vaginales","10":"first","11":"outofstock","12":"shipping-taxable","13":"product-type-variable","14":"entry","15":"content-bg","16":"loop-entry"},"_links":{"self":[{"href":"https:\/\/lenceria69.com\/hn\/wp-json\/wp\/v2\/product\/2078","targetHints":{"allow":["GET"]}}],"collection":[{"href":"https:\/\/lenceria69.com\/hn\/wp-json\/wp\/v2\/product"}],"about":[{"href":"https:\/\/lenceria69.com\/hn\/wp-json\/wp\/v2\/types\/product"}],"replies":[{"embeddable":true,"href":"https:\/\/lenceria69.com\/hn\/wp-json\/wp\/v2\/comments?post=2078"}],"version-history":[{"count":1,"href":"https:\/\/lenceria69.com\/hn\/wp-json\/wp\/v2\/product\/2078\/revisions"}],"predecessor-version":[{"id":5835,"href":"https:\/\/lenceria69.com\/hn\/wp-json\/wp\/v2\/product\/2078\/revisions\/5835"}],"wp:featuredmedia":[{"embeddable":true,"href":"https:\/\/lenceria69.com\/hn\/wp-json\/"}],"wp:attachment":[{"href":"https:\/\/lenceria69.com\/hn\/wp-json\/wp\/v2\/media?parent=2078"}],"wp:term":[{"taxonomy":"product_brand","embeddable":true,"href":"https:\/\/lenceria69.com\/hn\/wp-json\/wp\/v2\/product_brand?post=2078"},{"taxonomy":"product_cat","embeddable":true,"href":"https:\/\/lenceria69.com\/hn\/wp-json\/wp\/v2\/product_cat?post=2078"},{"taxonomy":"product_tag","embeddable":true,"href":"https:\/\/lenceria69.com\/hn\/wp-json\/wp\/v2\/product_tag?post=2078"}],"curies":[{"name":"wp","href":"https:\/\/api.w.org\/{rel}","templated":true}]}}