{"id":2075,"date":"2023-07-27T14:01:02","date_gmt":"2023-07-27T20:01:02","guid":{"rendered":"http:\/\/lenceria69.com\/hn\/?post_type=product&#038;p=2075"},"modified":"2024-12-04T11:39:50","modified_gmt":"2024-12-04T17:39:50","slug":"fwsc4","status":"publish","type":"product","link":"https:\/\/lenceria69.com\/hn\/producto\/fwsc4\/","title":{"rendered":"Fuck Water Clear &#8211; Lubricante a Base de Agua"},"content":{"rendered":"<p>Hecho con conservantes de grado alimenticio y libre de parabenos y glicerina, Fuck Water Clear es un lubricante personal a base de agua para aplicaci\u00f3n peneana y\/o vaginal, dise\u00f1ado para lubricar e hidratar, para mejorar la facilidad y comodidad de la actividad sexual \u00edntima y para complementar la lubricaci\u00f3n natural del cuerpo. Este producto es compatible con preservativos de l\u00e1tex, poliisopreno y poliuretano.<\/p>\n","protected":false},"excerpt":{"rendered":"<p>Hecho con conservantes de grado alimenticio y libre de parabenos y glicerina, Fuck Water Clear es un lubricante personal a base de agua para aplicaci\u00f3n peneana y\/o vaginal, dise\u00f1ado para lubricar e hidratar, para mejorar la facilidad y comodidad de la actividad sexual \u00edntima y para complementar la lubricaci\u00f3n natural del cuerpo. Este producto es&#8230;<\/p>\n","protected":false},"featured_media":7841,"comment_status":"closed","ping_status":"closed","template":"","meta":{"_kad_post_transparent":"default","_kad_post_title":"","_kad_post_layout":"default","_kad_post_sidebar_id":"","_kad_post_content_style":"default","_kad_post_vertical_padding":"default","_kad_post_feature":"","_kad_post_feature_position":"","_kad_post_header":false,"_kad_post_footer":false,"_joinchat":[]},"product_brand":[],"product_cat":[38,42],"product_tag":[],"class_list":{"0":"post-2075","1":"product","2":"type-product","3":"status-publish","4":"has-post-thumbnail","6":"product_cat-lubricantes","7":"product_cat-vaginales","9":"first","10":"outofstock","11":"shipping-taxable","12":"product-type-variable","13":"entry","14":"content-bg","15":"loop-entry"},"_links":{"self":[{"href":"https:\/\/lenceria69.com\/hn\/wp-json\/wp\/v2\/product\/2075","targetHints":{"allow":["GET"]}}],"collection":[{"href":"https:\/\/lenceria69.com\/hn\/wp-json\/wp\/v2\/product"}],"about":[{"href":"https:\/\/lenceria69.com\/hn\/wp-json\/wp\/v2\/types\/product"}],"replies":[{"embeddable":true,"href":"https:\/\/lenceria69.com\/hn\/wp-json\/wp\/v2\/comments?post=2075"}],"version-history":[{"count":1,"href":"https:\/\/lenceria69.com\/hn\/wp-json\/wp\/v2\/product\/2075\/revisions"}],"predecessor-version":[{"id":4439,"href":"https:\/\/lenceria69.com\/hn\/wp-json\/wp\/v2\/product\/2075\/revisions\/4439"}],"wp:featuredmedia":[{"embeddable":true,"href":"https:\/\/lenceria69.com\/hn\/wp-json\/wp\/v2\/media\/7841"}],"wp:attachment":[{"href":"https:\/\/lenceria69.com\/hn\/wp-json\/wp\/v2\/media?parent=2075"}],"wp:term":[{"taxonomy":"product_brand","embeddable":true,"href":"https:\/\/lenceria69.com\/hn\/wp-json\/wp\/v2\/product_brand?post=2075"},{"taxonomy":"product_cat","embeddable":true,"href":"https:\/\/lenceria69.com\/hn\/wp-json\/wp\/v2\/product_cat?post=2075"},{"taxonomy":"product_tag","embeddable":true,"href":"https:\/\/lenceria69.com\/hn\/wp-json\/wp\/v2\/product_tag?post=2075"}],"curies":[{"name":"wp","href":"https:\/\/api.w.org\/{rel}","templated":true}]}}