{"id":1881,"date":"2026-02-26T00:15:21","date_gmt":"2026-02-26T06:15:21","guid":{"rendered":"http:\/\/lenceria69.com\/hn\/?post_type=product&#038;p=1881"},"modified":"2026-04-07T17:09:08","modified_gmt":"2026-04-07T23:09:08","slug":"pd5406-21","status":"publish","type":"product","link":"https:\/\/lenceria69.com\/hn\/producto\/pd5406-21\/","title":{"rendered":"King Cock 7\u2033 \u2013 Dildo Vibrador con Bolas"},"content":{"rendered":"<p>\u00bfQuieres que tu primer vibrador se vea y se sienta como el semental duro con el que siempre has fantaseado? \u00a1Deja de so\u00f1ar y baja con el rey!<\/p>\n<p>Amplifica el placer con un simple giro del dial de varias velocidades para obtener vibraciones ultra potentes que te dejar\u00e1n boquiabierto.<\/p>\n<p>\u00a1Incluso puedes tomar este ambiente impermeable en la ducha, el jacuzzi o el spa y convertir la hora del ba\u00f1o en tiempo de juego!<\/p>\n<p>La base de ventosa s\u00faper fuerte se adhiere a casi cualquier superficie lisa y plana y ofrece compatibilidad con arneses para la diversi\u00f3n con correa.<\/p>\n<p>Peguelo al piso, pared, baldosa o poste de la cama y se mantendr\u00e1 seguro en su lugar. Siempre use la leng\u00fceta de liberaci\u00f3n para retirar la ventosa despu\u00e9s del uso.<\/p>\n<p>La ventosa se puede quitar de la vibra simplemente desenrosc\u00e1ndola de la base para facilitar el manejo durante el juego manual. Use un mont\u00f3n de loci\u00f3n corporal h\u00fameda para una experiencia extra h\u00fameda y salvaje. La limpieza es muy f\u00e1cil despu\u00e9s de la diversi\u00f3n con el limpiador de juguetes Pipedream y el agua tibia.<\/p>\n<p>Longitud de inserci\u00f3n: 5 \u201c(12.7 cm)<\/p>\n<p>Ancho de inserci\u00f3n: 1.65 \u201c(4.1 cm)<\/p>\n","protected":false},"excerpt":{"rendered":"<p>\u00bfQuieres que tu primer vibrador se vea y se sienta como el semental duro con el que siempre has fantaseado? \u00a1Deja de so\u00f1ar y baja con el rey! Amplifica el placer con un simple giro del dial de varias velocidades para obtener vibraciones ultra potentes que te dejar\u00e1n boquiabierto. \u00a1Incluso puedes tomar este ambiente impermeable&#8230;<\/p>\n","protected":false},"featured_media":1000001335,"comment_status":"open","ping_status":"closed","template":"","meta":{"_kad_post_transparent":"default","_kad_post_title":"","_kad_post_layout":"default","_kad_post_sidebar_id":"","_kad_post_content_style":"default","_kad_post_vertical_padding":"default","_kad_post_feature":"","_kad_post_feature_position":"","_kad_post_header":false,"_kad_post_footer":false,"_joinchat":[]},"product_brand":[],"product_cat":[25,28,29,24],"product_tag":[],"class_list":{"0":"post-1881","1":"product","2":"type-product","3":"status-publish","4":"has-post-thumbnail","6":"product_cat-dildos","7":"product_cat-juguetebateria","8":"product_cat-juguetesventosa","9":"product_cat-juguetes-sexuales","11":"first","12":"instock","13":"shipping-taxable","14":"purchasable","15":"product-type-variable","16":"has-default-attributes","17":"entry","18":"content-bg","19":"loop-entry"},"_links":{"self":[{"href":"https:\/\/lenceria69.com\/hn\/wp-json\/wp\/v2\/product\/1881","targetHints":{"allow":["GET"]}}],"collection":[{"href":"https:\/\/lenceria69.com\/hn\/wp-json\/wp\/v2\/product"}],"about":[{"href":"https:\/\/lenceria69.com\/hn\/wp-json\/wp\/v2\/types\/product"}],"replies":[{"embeddable":true,"href":"https:\/\/lenceria69.com\/hn\/wp-json\/wp\/v2\/comments?post=1881"}],"version-history":[{"count":1,"href":"https:\/\/lenceria69.com\/hn\/wp-json\/wp\/v2\/product\/1881\/revisions"}],"predecessor-version":[{"id":4319,"href":"https:\/\/lenceria69.com\/hn\/wp-json\/wp\/v2\/product\/1881\/revisions\/4319"}],"wp:featuredmedia":[{"embeddable":true,"href":"https:\/\/lenceria69.com\/hn\/wp-json\/"}],"wp:attachment":[{"href":"https:\/\/lenceria69.com\/hn\/wp-json\/wp\/v2\/media?parent=1881"}],"wp:term":[{"taxonomy":"product_brand","embeddable":true,"href":"https:\/\/lenceria69.com\/hn\/wp-json\/wp\/v2\/product_brand?post=1881"},{"taxonomy":"product_cat","embeddable":true,"href":"https:\/\/lenceria69.com\/hn\/wp-json\/wp\/v2\/product_cat?post=1881"},{"taxonomy":"product_tag","embeddable":true,"href":"https:\/\/lenceria69.com\/hn\/wp-json\/wp\/v2\/product_tag?post=1881"}],"curies":[{"name":"wp","href":"https:\/\/api.w.org\/{rel}","templated":true}]}}