{"id":1866,"date":"2026-02-26T00:15:18","date_gmt":"2026-02-26T06:15:18","guid":{"rendered":"http:\/\/lenceria69.com\/hn\/?post_type=product&#038;p=1866"},"modified":"2026-03-30T23:21:37","modified_gmt":"2026-03-31T05:21:37","slug":"pd5511-21","status":"publish","type":"product","link":"https:\/\/lenceria69.com\/hn\/producto\/pd5511-21\/","title":{"rendered":"King Cock 12&#8243; &#8211; Dildo con Bolas"},"content":{"rendered":"<p>\u00bfQuieres que tu primer consolador se vea y se sienta como el semental duro como una roca con el que siempre has fantaseado? \u00a1Deja de so\u00f1ar y b\u00e1jate con el Rey! Cada vena, cada eje y cada cabeza est\u00e1n cuidadosamente hechos a mano con exquisitos detalles para brindarle la experiencia m\u00e1s realista jam\u00e1s imaginada. La potente base de ventosa se adhiere a casi cualquier superficie plana y hace que todos los arneses de consolador sean compatibles.<\/p>\n<p>Dimensiones:<br \/>\n&#8211; Largo: 12 \u00ab(30,48 cm)<br \/>\n&#8211; Ancho: 3\u00bb (7,6 cm)<\/p>\n","protected":false},"excerpt":{"rendered":"<p>\u00bfQuieres que tu primer consolador se vea y se sienta como el semental duro como una roca con el que siempre has fantaseado? \u00a1Deja de so\u00f1ar y b\u00e1jate con el Rey! Cada vena, cada eje y cada cabeza est\u00e1n cuidadosamente hechos a mano con exquisitos detalles para brindarle la experiencia m\u00e1s realista jam\u00e1s imaginada. La&#8230;<\/p>\n","protected":false},"featured_media":1000001317,"comment_status":"open","ping_status":"closed","template":"","meta":{"_kad_post_transparent":"default","_kad_post_title":"","_kad_post_layout":"default","_kad_post_sidebar_id":"","_kad_post_content_style":"default","_kad_post_vertical_padding":"default","_kad_post_feature":"","_kad_post_feature_position":"","_kad_post_header":false,"_kad_post_footer":false,"_joinchat":[]},"product_brand":[],"product_cat":[25,29,24],"product_tag":[],"class_list":{"0":"post-1866","1":"product","2":"type-product","3":"status-publish","4":"has-post-thumbnail","6":"product_cat-dildos","7":"product_cat-juguetesventosa","8":"product_cat-juguetes-sexuales","10":"first","11":"instock","12":"shipping-taxable","13":"purchasable","14":"product-type-variable","15":"has-default-attributes","16":"entry","17":"content-bg","18":"loop-entry"},"_links":{"self":[{"href":"https:\/\/lenceria69.com\/hn\/wp-json\/wp\/v2\/product\/1866","targetHints":{"allow":["GET"]}}],"collection":[{"href":"https:\/\/lenceria69.com\/hn\/wp-json\/wp\/v2\/product"}],"about":[{"href":"https:\/\/lenceria69.com\/hn\/wp-json\/wp\/v2\/types\/product"}],"replies":[{"embeddable":true,"href":"https:\/\/lenceria69.com\/hn\/wp-json\/wp\/v2\/comments?post=1866"}],"version-history":[{"count":2,"href":"https:\/\/lenceria69.com\/hn\/wp-json\/wp\/v2\/product\/1866\/revisions"}],"predecessor-version":[{"id":10815,"href":"https:\/\/lenceria69.com\/hn\/wp-json\/wp\/v2\/product\/1866\/revisions\/10815"}],"wp:featuredmedia":[{"embeddable":true,"href":"https:\/\/lenceria69.com\/hn\/wp-json\/"}],"wp:attachment":[{"href":"https:\/\/lenceria69.com\/hn\/wp-json\/wp\/v2\/media?parent=1866"}],"wp:term":[{"taxonomy":"product_brand","embeddable":true,"href":"https:\/\/lenceria69.com\/hn\/wp-json\/wp\/v2\/product_brand?post=1866"},{"taxonomy":"product_cat","embeddable":true,"href":"https:\/\/lenceria69.com\/hn\/wp-json\/wp\/v2\/product_cat?post=1866"},{"taxonomy":"product_tag","embeddable":true,"href":"https:\/\/lenceria69.com\/hn\/wp-json\/wp\/v2\/product_tag?post=1866"}],"curies":[{"name":"wp","href":"https:\/\/api.w.org\/{rel}","templated":true}]}}