{"id":1864,"date":"2023-07-08T07:20:41","date_gmt":"2023-07-08T13:20:41","guid":{"rendered":"http:\/\/lenceria69.com\/hn\/?post_type=product&#038;p=1864"},"modified":"2024-08-19T14:56:46","modified_gmt":"2024-08-19T20:56:46","slug":"swissnavysize","status":"publish","type":"product","link":"https:\/\/lenceria69.com\/hn\/producto\/swissnavysize\/","title":{"rendered":"Swiss Navy Size &#8211; Potenciador Masculino"},"content":{"rendered":"<p>Swiss Navy Size fue dise\u00f1ado para trabajar r\u00e1pidamente para aumentar el flujo sangu\u00edneo y agrandar los tejidos er\u00e9ctiles del pene. Formulado para mejorar el rendimiento sexual, la resistencia y la firmeza.<\/p>\n<p>Caracter\u00edsticas:<br \/>\n&#8211; Mejora el crecimiento<br \/>\n&#8211; Intensifica la resistencia sexual<br \/>\n&#8211; Rendimiento sexual mejorado<\/p>\n","protected":false},"excerpt":{"rendered":"<p>Swiss Navy Size fue dise\u00f1ado para trabajar r\u00e1pidamente para aumentar el flujo sangu\u00edneo y agrandar los tejidos er\u00e9ctiles del pene. Formulado para mejorar el rendimiento sexual, la resistencia y la firmeza. Caracter\u00edsticas: &#8211; Mejora el crecimiento &#8211; Intensifica la resistencia sexual &#8211; Rendimiento sexual mejorado<\/p>\n","protected":false},"featured_media":1000001034,"comment_status":"open","ping_status":"closed","template":"","meta":{"_kad_post_transparent":"default","_kad_post_title":"","_kad_post_layout":"default","_kad_post_sidebar_id":"","_kad_post_content_style":"default","_kad_post_vertical_padding":"default","_kad_post_feature":"","_kad_post_feature_position":"","_kad_post_header":false,"_kad_post_footer":false,"_joinchat":[]},"product_brand":[],"product_cat":[22],"product_tag":[],"class_list":{"0":"post-1864","1":"product","2":"type-product","3":"status-publish","4":"has-post-thumbnail","6":"product_cat-suplementos","8":"first","9":"outofstock","10":"shipping-taxable","11":"product-type-variable","12":"entry","13":"content-bg","14":"loop-entry"},"_links":{"self":[{"href":"https:\/\/lenceria69.com\/hn\/wp-json\/wp\/v2\/product\/1864","targetHints":{"allow":["GET"]}}],"collection":[{"href":"https:\/\/lenceria69.com\/hn\/wp-json\/wp\/v2\/product"}],"about":[{"href":"https:\/\/lenceria69.com\/hn\/wp-json\/wp\/v2\/types\/product"}],"replies":[{"embeddable":true,"href":"https:\/\/lenceria69.com\/hn\/wp-json\/wp\/v2\/comments?post=1864"}],"version-history":[{"count":1,"href":"https:\/\/lenceria69.com\/hn\/wp-json\/wp\/v2\/product\/1864\/revisions"}],"predecessor-version":[{"id":5816,"href":"https:\/\/lenceria69.com\/hn\/wp-json\/wp\/v2\/product\/1864\/revisions\/5816"}],"wp:featuredmedia":[{"embeddable":true,"href":"https:\/\/lenceria69.com\/hn\/wp-json\/"}],"wp:attachment":[{"href":"https:\/\/lenceria69.com\/hn\/wp-json\/wp\/v2\/media?parent=1864"}],"wp:term":[{"taxonomy":"product_brand","embeddable":true,"href":"https:\/\/lenceria69.com\/hn\/wp-json\/wp\/v2\/product_brand?post=1864"},{"taxonomy":"product_cat","embeddable":true,"href":"https:\/\/lenceria69.com\/hn\/wp-json\/wp\/v2\/product_cat?post=1864"},{"taxonomy":"product_tag","embeddable":true,"href":"https:\/\/lenceria69.com\/hn\/wp-json\/wp\/v2\/product_tag?post=1864"}],"curies":[{"name":"wp","href":"https:\/\/api.w.org\/{rel}","templated":true}]}}